{"id":4,"date":"2009-09-03T10:08:08","date_gmt":"2009-09-03T08:08:08","guid":{"rendered":"http:\/\/localhost\/index.php\/hitvallasunk\/"},"modified":"2025-08-13T11:59:00","modified_gmt":"2025-08-13T09:59:00","slug":"hitvallasunk","status":"publish","type":"page","link":"https:\/\/www.szentimrekorhaz.hu\/index.php\/hitvallasunk\/","title":{"rendered":"Hitvall\u00e1sunk"},"content":{"rendered":"<h1>HITVALL\u00c1SUNK \u2013 MISSZI\u00d3S NYILATKOZAT<\/h1>\n<p>\u201eTeremts meg minden boldogs\u00e1got, amit megteremthetsz;<br>\nsz\u00fcntess meg minden gy\u00f6trelmet, amit megsz\u00fcntethetsz.<br>\nMinden nap hozz\u00e1j\u00e1rulhatsz m\u00e1sok \u00f6r\u00f6m\u00e9hez, vagy enyh\u00edtheted k\u00ednjaikat.<br>\n\u00c9s az \u00f6r\u00f6m minden egyes magja, amit m\u00e1sok sz\u00edv\u00e9ben elvetsz,<br>\nsaj\u00e1t sz\u00edvedben hoz gy\u00fcm\u00f6lcs\u00f6t\u2026\u201d Jeremy Betham (XVIII.-XIX. sz\u00e1zadi angol filoz\u00f3fus)<\/p>\n<p><strong>A\u00a0D\u00e9l-budai Centrumk\u00f3rh\u00e1z Szent Imre Egyetemi Oktat\u00f3k\u00f3rh\u00e1z <\/strong>ter\u00fcleti ell\u00e1t\u00e1si k\u00f6telezetts\u00e9g\u00e9nek megfelel\u0151en a XI. \u00e9s XXII. ker\u00fclet lakosai eg\u00e9szs\u00e9g\u00e9nek meg\u0151rz\u00e9s\u00e9re, a megbeteged\u00e9sek megel\u0151z\u00e9s\u00e9re, betegs\u00e9g eset\u00e9n annak meg\u00e1llap\u00edt\u00e1s\u00e1ra \u00e9s gy\u00f3gykezel\u00e9s\u00e9re, kritikus esetben az \u00e9letvesz\u00e9ly elh\u00e1r\u00edt\u00e1s\u00e1ra hivatott K\u00f3rh\u00e1z. Ezen t\u00falmen\u0151en gondoskodik a megbeteged\u00e9s k\u00f6vetkezt\u00e9ben kialakult \u00e1llapot jav\u00edt\u00e1s\u00e1r\u00f3l, a tov\u00e1bbi \u00e1llapotroml\u00e1s megel\u0151z\u00e9se c\u00e9lj\u00e1b\u00f3l a beteg vizsg\u00e1lat\u00e1r\u00f3l \u00e9s kezel\u00e9s\u00e9r\u0151l, tov\u00e1bb\u00e1 gondoz\u00e1s\u00e1r\u00f3l, \u00e1pol\u00e1s\u00e1r\u00f3l, rehabilit\u00e1ci\u00f3j\u00e1r\u00f3l, valamint a f\u00e1jdalom \u00e9s a szenved\u00e9s cs\u00f6kkent\u00e9s\u00e9r\u0151l.<\/p>\n<p>Hitvall\u00e1sunk a beteg, a szenved\u0151 seg\u00edt\u00e9se. Akt\u00edvan hozz\u00e1j\u00e1rulunk az eg\u00e9szs\u00e9g jav\u00edt\u00e1s\u00e1hoz, a betegs\u00e9gb\u0151l val\u00f3 min\u00e9l gyorsabb \u00e9s eredm\u00e9nyesebb fel\u00e9p\u00fcl\u00e9shez.<\/p>\n<p>Mi, orvosok, \u00e1pol\u00f3k \u00e9s m\u0171szakiak az egy\u00e9n tisztelet\u00e9nek l\u00e9gk\u00f6r\u00e9ben gy\u00f3gy\u00edtunk, \u00e1polunk, seg\u00edt\u00fcnk \u00e9s a betegek \u00e9rdekeit \u00fagy szolg\u00e1ljuk, hogy sohase \u00e9rezz\u00e9k magukat kiszolg\u00e1ltatottnak \u00e9s m\u00e1sok irgalm\u00e1ra szorul\u00f3nak.<\/p>\n<p>A Szervezeti \u00e9s M\u0171k\u00f6d\u00e9si Szab\u00e1lyzat azzal az ig\u00e9nnyel ker\u00fclt \u00f6ssze\u00e1ll\u00edt\u00e1sra \u00e9s elfogad\u00e1sra, hogy a K\u00f3rh\u00e1z a betegek \u00e9rdek\u00e9ben bet\u00f6ltse hivat\u00e1s\u00e1t.<\/p>\n<p>Misszi\u00f3s nyilatkozatunk \u00e9s hitvall\u00e1sunk k\u00f6zz\u00e9t\u00e9tel\u00e9t fontosnak \u00edt\u00e9lj\u00fck, mert \u2013 b\u00e1r els\u0151sorban k\u00f3rh\u00e1zunk dolgoz\u00f3inak kell ismerni, mag\u00e1\u00e9v\u00e1 fogadni \u00e9s k\u00f6vetni \u2013 l\u00e9nyegesnek \u00e9rezz\u00fck, hogy az int\u00e9zm\u00e9ny\u00fcnk ir\u00e1nt \u00e9rdekl\u0151d\u0151k is tiszt\u00e1ban legyenek alap\u00e1ll\u00e1sunkkal, s hogy annak \u00e9rtelm\u00e9ben mire sz\u00e1m\u00edthatnak a hozz\u00e1nk fordul\u00f3k.<\/p>\n<p><em><strong>Int\u00e9zm\u00e9ny\u00fcnk nap mint nap azon dolgozik, hogy a legmagasabb szint\u0171 szakmai ell\u00e1t\u00e1s mellett emberi t\u00e1mogat\u00e1st is ny\u00fajtson. Hitvall\u00e1som \u00e9vtizedek \u00f3ta az, hogy \u201eMEG KELL FOGNI A BETEG KEZ\u00c9T!\u201d\u00a0<\/strong><\/em><em><strong> Ez a szeml\u00e9let hat\u00e1rozza meg a k\u00f3rh\u00e1z mindennapi m\u0171k\u00f6d\u00e9s\u00e9t.\u00a0<\/strong><\/em><\/p>\n<p><em><strong>Prof. Dr. Bedros J. R\u00f3bert<br>\nf\u0151igazgat\u00f3<br>\ntansz\u00e9kvezet\u0151<\/strong><\/em><\/p>\n\n\n<figure class=\"wp-block-image size-full\"><img decoding=\"async\" width=\"940\" height=\"788\" src=\"https:\/\/www.szentimrekorhaz.hu\/wp-content\/uploads\/2025\/08\/Meg-kell-fogni-a-beteg-kezet.jpg\" alt=\"\" class=\"wp-image-2243\" srcset=\"https:\/\/www.szentimrekorhaz.hu\/wp-content\/uploads\/2025\/08\/Meg-kell-fogni-a-beteg-kezet.jpg 940w, https:\/\/www.szentimrekorhaz.hu\/wp-content\/uploads\/2025\/08\/Meg-kell-fogni-a-beteg-kezet-300x251.jpg 300w, https:\/\/www.szentimrekorhaz.hu\/wp-content\/uploads\/2025\/08\/Meg-kell-fogni-a-beteg-kezet-768x644.jpg 768w\" sizes=\"(max-width: 940px) 100vw, 940px\" \/><\/figure>\n\n\n\n\t<div class=\"dkpdf-button-container\" style=\"            text-align:right \">\n\n\t\t<a class=\"dkpdf-button\" href=\"\/index.php\/wp-json\/wp\/v2\/pages\/4?pdf=4\" target=\"_blank\"><span class=\"dkpdf-button-icon\"><i class=\"fa fa-file-pdf-o\"><\/i><\/span> Let\u00f6lt\u00e9s<\/a>\n\n\t<\/div>\n\n\n\n\n\n<!-- PMB print buttons is only displayed on a single post\/page URLs-->","protected":false},"excerpt":{"rendered":"<p>HITVALL\u00c1SUNK \u2013 MISSZI\u00d3S NYILATKOZAT \u201eTeremts meg minden boldogs\u00e1got, amit megteremthetsz; sz\u00fcntess meg minden gy\u00f6trelmet, amit megsz\u00fcntethetsz. Minden nap hozz\u00e1j\u00e1rulhatsz m\u00e1sok \u00f6r\u00f6m\u00e9hez, vagy enyh\u00edtheted k\u00ednjaikat. \u00c9s&hellip;<\/p>\n","protected":false},"author":3,"featured_media":0,"parent":0,"menu_order":23,"comment_status":"closed","ping_status":"closed","template":"","meta":{"_acf_changed":false,"footnotes":""},"categories":[],"tags":[],"class_list":["post-4","page","type-page","status-publish","hentry"],"acf":[],"post_type":"page","author_name":"backup","_links":{"self":[{"href":"https:\/\/www.szentimrekorhaz.hu\/index.php\/wp-json\/wp\/v2\/pages\/4","targetHints":{"allow":["GET"]}}],"collection":[{"href":"https:\/\/www.szentimrekorhaz.hu\/index.php\/wp-json\/wp\/v2\/pages"}],"about":[{"href":"https:\/\/www.szentimrekorhaz.hu\/index.php\/wp-json\/wp\/v2\/types\/page"}],"author":[{"embeddable":true,"href":"https:\/\/www.szentimrekorhaz.hu\/index.php\/wp-json\/wp\/v2\/users\/3"}],"replies":[{"embeddable":true,"href":"https:\/\/www.szentimrekorhaz.hu\/index.php\/wp-json\/wp\/v2\/comments?post=4"}],"version-history":[{"count":2,"href":"https:\/\/www.szentimrekorhaz.hu\/index.php\/wp-json\/wp\/v2\/pages\/4\/revisions"}],"predecessor-version":[{"id":2244,"href":"https:\/\/www.szentimrekorhaz.hu\/index.php\/wp-json\/wp\/v2\/pages\/4\/revisions\/2244"}],"wp:attachment":[{"href":"https:\/\/www.szentimrekorhaz.hu\/index.php\/wp-json\/wp\/v2\/media?parent=4"}],"wp:term":[{"taxonomy":"category","embeddable":true,"href":"https:\/\/www.szentimrekorhaz.hu\/index.php\/wp-json\/wp\/v2\/categories?post=4"},{"taxonomy":"post_tag","embeddable":true,"href":"https:\/\/www.szentimrekorhaz.hu\/index.php\/wp-json\/wp\/v2\/tags?post=4"}],"curies":[{"name":"wp","href":"https:\/\/api.w.org\/{rel}","templated":true}]}}