{"id":401,"date":"2015-11-27T11:00:55","date_gmt":"2015-11-27T10:00:55","guid":{"rendered":"http:\/\/localhost\/index.php\/keop560\/"},"modified":"2015-11-27T11:00:55","modified_gmt":"2015-11-27T10:00:55","slug":"keop560","status":"publish","type":"page","link":"https:\/\/www.szentimrekorhaz.hu\/index.php\/keop560\/","title":{"rendered":"KEOP-5.6.0\/E\/15-2015-0034"},"content":{"rendered":"<h2 style=\"text-align: center;\">\n\t<a href=\"\/wp-content\/uploads\/2015\/11\/SZIEOKsajtokozlemeny_2020.pdf\" target=\"_blank\"><span style=\"color:#234aad;\">SAJT\u00d3K\u00d6ZLEM\u00c9NY<\/span><\/a><img decoding=\"async\" class=\" alignright size-full wp-image-400\" alt=\"Szechenyi_2020\" src=\"\/wp-content\/uploads\/2015\/11\/infoblokk_kedv_final_felso_rgb_ka.jpg\" style=\"height: 276px; width: 400px; float: right;\" width=\"1453\" height=\"1004\" srcset=\"https:\/\/www.szentimrekorhaz.hu\/wp-content\/uploads\/2015\/11\/infoblokk_kedv_final_felso_rgb_ka.jpg 1453w, https:\/\/www.szentimrekorhaz.hu\/wp-content\/uploads\/2015\/11\/infoblokk_kedv_final_felso_rgb_ka-300x207.jpg 300w, https:\/\/www.szentimrekorhaz.hu\/wp-content\/uploads\/2015\/11\/infoblokk_kedv_final_felso_rgb_ka-768x531.jpg 768w, https:\/\/www.szentimrekorhaz.hu\/wp-content\/uploads\/2015\/11\/infoblokk_kedv_final_felso_rgb_ka-1024x708.jpg 1024w\" sizes=\"(max-width: 1453px) 100vw, 1453px\" \/><\/h2>\n<h2 style=\"text-align: center;\">\n\t\u00a0<\/h2>\n<table align=\"center\" border=\"0\" cellpadding=\"1\" cellspacing=\"1\" height=\"148\" style=\"width: 100%;\" width=\"500\">\n<tbody>\n<tr>\n<td colspan=\"2\" style=\"text-align: center;\">\n<h2>\n\t\t\t\t\t<span style=\"color:#034ea2;\">PROJEKT ADATOK<\/span><\/h2>\n<\/td>\n<\/tr>\n<tr>\n<td style=\"text-align: left;\">\n<h2>\n\t\t\t\t\t<span style=\"color:#034ea2;\">Kedvezm\u00e9nyezett neve:<\/span><\/h2>\n<\/td>\n<td style=\"text-align: center;\">\n<h2>\n\t\t\t\t\t<span style=\"color:#034ea2;\">SZENT IMRE EGYETEMI OKTAT\u00d3 K\u00d3RH\u00c1Z<\/span><\/h2>\n<\/td>\n<\/tr>\n<tr>\n<td style=\"text-align: left;\">\n<h2>\n\t\t\t\t\t<span style=\"color:#034ea2;\">Projekt c\u00edme:<\/span><\/h2>\n<\/td>\n<td style=\"text-align: center;\">\n<h2>\n\t\t\t\t\t<span style=\"color:#034ea2;\">Eg\u00e9szs\u00e9g\u00fcgyi eszk\u00f6z\u00f6k energia-megtakar\u00edt\u00e1st c\u00e9lz\u00f3 beszerz\u00e9s\u00e9nek t\u00e1mogat\u00e1sa<\/span><\/h2>\n<\/td>\n<\/tr>\n<tr>\n<td style=\"text-align: left;\">\n<h2>\n\t\t\t\t\t<span style=\"color:#034ea2;\">T\u00e1mogat\u00e1s \u00f6sszege:<\/span><\/h2>\n<\/td>\n<td style=\"text-align: center;\">\n<h2>\n\t\t\t\t\t<span style=\"color:#034ea2;\">863,96 milli\u00f3 Ft<\/span><\/h2>\n<\/td>\n<\/tr>\n<tr>\n<td style=\"text-align: left;\">\n<h2>\n\t\t\t\t\t<span style=\"color:#034ea2;\">T\u00e1mogat\u00e1s m\u00e9rt\u00e9ke:<\/span><\/h2>\n<\/td>\n<td style=\"text-align: center;\">\n<h2>\n\t\t\t\t\t<span style=\"color:#034ea2;\">100%<\/span><\/h2>\n<\/td>\n<\/tr>\n<tr>\n<td style=\"text-align: left;\">\n<h2>\n\t\t\t\t\t<span style=\"color:#034ea2;\">Tervezett befejez\u00e9s d\u00e1tuma:<\/span><\/h2>\n<\/td>\n<td style=\"text-align: center;\">\n<h2>\n\t\t\t\t\t<span style=\"color:#034ea2;\">2015.12.31<\/span><\/h2>\n<\/td>\n<\/tr>\n<tr>\n<td style=\"text-align: left;\">\n<h2>\n\t\t\t\t\t<span style=\"color:#034ea2;\">Projekt azonos\u00edt\u00f3 sz\u00e1ma:<\/span><\/h2>\n<\/td>\n<td style=\"text-align: center;\">\n<h2>\n\t\t\t\t\t<span style=\"color:#034ea2;\">KEOP-5.6.0\/E\/15-2015-0034<\/span><\/h2>\n<\/td>\n<\/tr>\n<tr>\n<td colspan=\"2\">\n<h2 style=\"text-align: center;\">\n\t\t\t\t\t<span style=\"color:#034ea2;\">Projekt bemutat\u00e1sa<\/span><\/h2>\n<\/td>\n<\/tr>\n<tr>\n<td colspan=\"2\">\n\t\t\t\tA KEOP-5.6.0\/E\/15-2015-0034 azonos\u00edt\u00f3 sz\u00e1m\u00fa, energia-megtakar\u00edt\u00e1st c\u00e9lz\u00f3 eszk\u00f6zbeszerz\u00e9si projekt keret\u00e9ben 2 db felv\u00e9teli, 1 db felv\u00e9telez\u0151-\u00e1tvil\u00e1g\u00edt\u00f3 r\u00f6ntgent, 2 db mobil r\u00f6ntgent \u00e9s 1 db \u201eC\u201d \u00edves \u00e1tvil\u00e1g\u00edt\u00f3, 1 db seb\u00e9szeti k\u00e9per\u0151s\u00edt\u0151t \u00e9s 2 db direkt digit\u00e1lis mammogr\u00e1fi\u00e1s k\u00e9sz\u00fcl\u00e9ket kap a K\u00f3rh\u00e1z. Az \u00faj digit\u00e1lis g\u00e9pek beszerz\u00e9s\u00e9vel javul \u00e9s felgyorsul a betegell\u00e1t\u00e1s, megoldhat\u00f3v\u00e1 v\u00e1lik az elektronikus leletarchiv\u00e1l\u00e1s, a r\u00f6videbb felv\u00e9teli id\u0151 miatt b\u0151v\u00fcl a kapacit\u00e1s, \u00e9s a r\u00e9gi, nagy \u00e1ramfogyaszt\u00e1s\u00fa eszk\u00f6z\u00f6k cser\u00e9j\u00e9vel eredm\u00e9nyesen cs\u00f6kkenthet\u0151 az egy vizsg\u00e1latra jut\u00f3 energiafogyaszt\u00e1s, valamint a k\u00e1ros, \u00fcvegh\u00e1zhat\u00e1s\u00fa g\u00e1zkibocs\u00e1t\u00e1s. Az \u00faj, korszer\u0171 eszk\u00f6z\u00f6k digit\u00e1lis \u00fczemm\u00f3dj\u00e1nak k\u00f6sz\u00f6nhet\u0151en az adatok, leletek elektronikus t\u00e1rol\u00e1sa megk\u00f6nny\u00edti a sz\u00fcks\u00e9ges szakmai konzult\u00e1ci\u00f3k megtart\u00e1s\u00e1t \u00e9s a vizsg\u00e1lati eredm\u00e9nyek \u00e1tad\u00e1s\u00e1t mind a betegeknek, mind a tov\u00e1bbi vizsg\u00e1latokat v\u00e9gz\u0151 orvosnak. A k\u00e9palkot\u00f3 diagnosztika min\u0151s\u00e9g\u00e9nek javul\u00e1s\u00e1val n\u0151 a ter\u00e1pi\u00e1s tervez\u00e9s pontoss\u00e1ga, amely jelent\u0151sen n\u00f6veli a betegek gy\u00f3gyul\u00e1si es\u00e9ly\u00e9t<\/td>\n<\/tr>\n<\/tbody>\n<\/table>\n<p>\n\t\u00a0<\/p>\n\n\n\n\t<div class=\"dkpdf-button-container\" style=\"            text-align:right \">\n\n\t\t<a class=\"dkpdf-button\" href=\"\/index.php\/wp-json\/wp\/v2\/pages\/401?pdf=401\" target=\"_blank\"><span class=\"dkpdf-button-icon\"><i class=\"fa fa-file-pdf-o\"><\/i><\/span> Let\u00f6lt\u00e9s<\/a>\n\n\t<\/div>\n\n\n\n\n\n<!-- PMB print buttons is only displayed on a single post\/page URLs-->","protected":false},"excerpt":{"rendered":"<div>\n<p style=\"text-align: center;\">\n\t\t<a href=\"index.php?option=com_content&amp;view=article&amp;id=205&amp;catid=44\" title=\"KEOP-5.6.0\/E\/15-2015-0034 \"><img decoding=\"async\" class=\" size-full wp-image-398\" alt=\"Sz\u00e9chenyi 2020 - Eg\u00e9szs\u00e9g\u00fcgyi eszk\u00f6z\u00f6k energia-megtakar\u00edt\u00e1st c\u00e9lz\u00f3 beszerz\u00e9s\u00e9nek t\u00e1mogat\u00e1sa plak\u00e1t fot\u00f3\" src=\"\/wp-content\/uploads\/2015\/11\/keop1.jpg\" style=\"height: 289px; width: 500px;\" width=\"1920\" height=\"1056\" srcset=\"https:\/\/www.szentimrekorhaz.hu\/wp-content\/uploads\/2015\/11\/keop1.jpg 1920w, https:\/\/www.szentimrekorhaz.hu\/wp-content\/uploads\/2015\/11\/keop1-300x165.jpg 300w, https:\/\/www.szentimrekorhaz.hu\/wp-content\/uploads\/2015\/11\/keop1-768x422.jpg 768w, https:\/\/www.szentimrekorhaz.hu\/wp-content\/uploads\/2015\/11\/keop1-1024x563.jpg 1024w, https:\/\/www.szentimrekorhaz.hu\/wp-content\/uploads\/2015\/11\/keop1-1536x845.jpg 1536w\" sizes=\"(max-width: 1920px) 100vw, 1920px\" \/><\/a><\/p>\n<\/div>\n","protected":false},"author":2,"featured_media":398,"parent":0,"menu_order":2,"comment_status":"closed","ping_status":"closed","template":"","meta":{"_acf_changed":false,"footnotes":""},"categories":[],"tags":[],"class_list":["post-401","page","type-page","status-publish","has-post-thumbnail","hentry"],"acf":[],"post_type":"page","author_name":"Bal\u00f3 \u00c1d\u00e1m","_links":{"self":[{"href":"https:\/\/www.szentimrekorhaz.hu\/index.php\/wp-json\/wp\/v2\/pages\/401","targetHints":{"allow":["GET"]}}],"collection":[{"href":"https:\/\/www.szentimrekorhaz.hu\/index.php\/wp-json\/wp\/v2\/pages"}],"about":[{"href":"https:\/\/www.szentimrekorhaz.hu\/index.php\/wp-json\/wp\/v2\/types\/page"}],"author":[{"embeddable":true,"href":"https:\/\/www.szentimrekorhaz.hu\/index.php\/wp-json\/wp\/v2\/users\/2"}],"replies":[{"embeddable":true,"href":"https:\/\/www.szentimrekorhaz.hu\/index.php\/wp-json\/wp\/v2\/comments?post=401"}],"version-history":[{"count":0,"href":"https:\/\/www.szentimrekorhaz.hu\/index.php\/wp-json\/wp\/v2\/pages\/401\/revisions"}],"wp:featuredmedia":[{"embeddable":true,"href":"https:\/\/www.szentimrekorhaz.hu\/index.php\/wp-json\/wp\/v2\/media\/398"}],"wp:attachment":[{"href":"https:\/\/www.szentimrekorhaz.hu\/index.php\/wp-json\/wp\/v2\/media?parent=401"}],"wp:term":[{"taxonomy":"category","embeddable":true,"href":"https:\/\/www.szentimrekorhaz.hu\/index.php\/wp-json\/wp\/v2\/categories?post=401"},{"taxonomy":"post_tag","embeddable":true,"href":"https:\/\/www.szentimrekorhaz.hu\/index.php\/wp-json\/wp\/v2\/tags?post=401"}],"curies":[{"name":"wp","href":"https:\/\/api.w.org\/{rel}","templated":true}]}}