{"id":4152,"date":"2026-04-30T08:52:30","date_gmt":"2026-04-30T06:52:30","guid":{"rendered":"https:\/\/www.szentimrekorhaz.hu\/?page_id=4152"},"modified":"2026-05-04T13:10:39","modified_gmt":"2026-05-04T11:10:39","slug":"anaemia-verszegenyseg","status":"publish","type":"page","link":"https:\/\/www.szentimrekorhaz.hu\/index.php\/anaemia-verszegenyseg\/","title":{"rendered":"Anaemia (v\u00e9rszeg\u00e9nys\u00e9g)"},"content":{"rendered":"\n<p><strong>Kedves Beteg\u00fcnk!<\/strong><\/p>\n\n\n\n<p>\u00d6r\u00fcl\u00fcnk, hogy \u00e1llapota engedi a hazat\u00e9r\u00e9st. A s\u00fcrg\u0151ss\u00e9gi oszt\u00e1lyon meg\u00e1llap\u00edtottuk, hogy \u00d6nnek\u00a0<strong>anaemi\u00e1ja<\/strong>, azaz v\u00e9rszeg\u00e9nys\u00e9ge van. Ez azt jelenti, hogy a v\u00e9r\u00e9ben a kellet\u00e9n\u00e9l kevesebb a v\u00f6r\u00f6sv\u00e9rtest vagy a hemoglobin, \u00edgy a szervezete nehezebben sz\u00e1ll\u00edtja az oxig\u00e9nt.<\/p>\n\n\n\n<p>Hallgassa meg ezt a r\u00f6vid \u00fatmutat\u00f3t, hogyan seg\u00edtheti a fel\u00e9p\u00fcl\u00e9s\u00e9t az elk\u00f6vetkez\u0151 napokban.<\/p>\n\n\n\n<p><strong>\ud83c\udfe0 Mire figyeljen otthon?<\/strong><\/p>\n\n\n\n<p>Mivel a v\u00e9rszeg\u00e9nys\u00e9g miatt sejtjei kevesebb \u201e\u00fczemanyaghoz\u201d jutnak, hamarabb elf\u00e1radhat.<\/p>\n\n\n\n<ul class=\"wp-block-list\">\n<li><strong>Takar\u00e9koskodjon az erej\u00e9vel:<\/strong>\u00a0Ne most akarja megv\u00e1ltani a vil\u00e1got. Pihenjen sokat, \u00e9s ne v\u00e9gezzen neh\u00e9z fizikai munk\u00e1t.<\/li>\n\n\n\n<li><strong>Lassan keljen fel:<\/strong>\u00a0A v\u00e9rszeg\u00e9nys\u00e9g miatt fel\u00e1ll\u00e1skor k\u00f6nnyebben megsz\u00e9d\u00fclhet. Mindig \u00fclj\u00f6n az \u00e1gy sz\u00e9l\u00e9n egy kicsit, miel\u0151tt elindulna.<\/li>\n\n\n\n<li><strong>T\u00e1pl\u00e1lkoz\u00e1s:<\/strong>\u00a0Ha az orvosa m\u00e1st nem javasolt, egyen vasban gazdag \u00e9teleket (p\u00e9ld\u00e1ul v\u00f6r\u00f6s h\u00fasokat, m\u00e1jat, lencs\u00e9t, spen\u00f3tot). A C-vitamin (pl. narancsl\u00e9) seg\u00edti a vas felsz\u00edv\u00f3d\u00e1s\u00e1t, m\u00edg a k\u00e1v\u00e9 \u00e9s a tea g\u00e1tolhatja azt az \u00e9tkez\u00e9sek alatt.<\/li>\n<\/ul>\n\n\n\n<p><strong>\ud83d\udc8a Gy\u00f3gyszerek \u00e9s p\u00f3tl\u00e1s<\/strong><\/p>\n\n\n\n<p>A s\u00fcrg\u0151ss\u00e9gi ell\u00e1t\u00e1s sor\u00e1n kapott javaslat alapj\u00e1n:<\/p>\n\n\n\n<ul class=\"wp-block-list\">\n<li>Ha \u00edrtak fel\u00a0<strong>vask\u00e9sz\u00edtm\u00e9nyt<\/strong>, azt pontosan az el\u0151\u00edrt m\u00f3don szedje. Ne ijedjen meg, a vas a sz\u00e9kletet feket\u00e9re sz\u00ednezheti, \u00e9s okozhat sz\u00e9kreked\u00e9st vagy gyomorf\u00e1j\u00e1st. Ha ezeket tapasztalja, jelezze orvos\u00e1nak.<\/li>\n\n\n\n<li>Soha ne szedjen be t\u00f6bb vasat az aj\u00e1nlottn\u00e1l, mert a t\u00faladagol\u00e1s vesz\u00e9lyes lehet.<\/li>\n<\/ul>\n\n\n\n<p><strong>\ud83d\udc68\u200d<\/strong><strong>\u2695\ufe0f Hogyan tov\u00e1bb? (Ez a legfontosabb!)<\/strong><\/p>\n\n\n\n<p>A s\u00fcrg\u0151ss\u00e9gi oszt\u00e1lyon a legs\u00falyosabb \u00e1llapotot elh\u00e1r\u00edtottuk, de a v\u00e9rszeg\u00e9nys\u00e9g csak egy t\u00fcnet. Meg kell tal\u00e1lni az\u00a0<strong>ok\u00e1t<\/strong>\u00a0(p\u00e9ld\u00e1ul felsz\u00edv\u00f3d\u00e1si zavar, lass\u00fa v\u00e9rveszt\u00e9s vagy vashi\u00e1ny).<\/p>\n\n\n\n<ol start=\"1\" class=\"wp-block-list\">\n<li><strong>H\u00e1ziorvos:<\/strong>\u00a01-2 napon bel\u00fcl jelentkezzen n\u00e1la a z\u00e1r\u00f3jelent\u00e9ssel. \u0150 fogja elrendelni a kontroll labort.<\/li>\n\n\n\n<li><strong>Kivizsg\u00e1l\u00e1s:<\/strong>\u00a0Orvosa javasolhat tov\u00e1bbi vizsg\u00e1latokat (pl. gyomor- vagy vastagb\u00e9lt\u00fckr\u00f6z\u00e9st, n\u0151gy\u00f3gy\u00e1szati vizsg\u00e1latot), hogy kider\u00fclj\u00f6n, hov\u00e1 \u201et\u0171nik\u201d a v\u00e9re. Ne hanyagolja el ezeket!<\/li>\n<\/ol>\n\n\n\n<p><strong>\ud83d\udea8 Mikor forduljon azonnal orvoshoz?<\/strong><\/p>\n\n\n\n<p>Azonnal h\u00edvja a\u00a0<strong>112-t<\/strong>, vagy t\u00e9rjen vissza a s\u00fcrg\u0151ss\u00e9gire, ha:<\/p>\n\n\n\n<p>\ud83d\udccd\u00a0<strong>Hirtelen l\u00e9gszomja<\/strong>\u00a0lesz, vagy nyugalomban is nehezen kap leveg\u0151t.<\/p>\n\n\n\n<p>\ud83d\udccd\u00a0<strong>Mellkasi f\u00e1jdalmat<\/strong>\u00a0vagy er\u0151s sz\u00edvdobog\u00e1st \u00e9rez.<\/p>\n\n\n\n<p>\ud83d\udccd\u00a0<strong>\u00c1jul\u00e1sk\u00f6zeli \u00e1llapotba<\/strong>\u00a0ker\u00fcl, vagy elvesz\u00edti az eszm\u00e9let\u00e9t.<\/p>\n\n\n\n<p>\ud83d\udccd\u00a0<strong>Er\u0151s v\u00e9rz\u00e9st<\/strong>\u00a0\u00e9szlel b\u00e1rhol (pl. l\u00e1tv\u00e1nyosan v\u00e9res sz\u00e9klet vagy vizelet).<\/p>\n\n\n\n<p>\ud83d\udccd\u00a0<strong>B\u0151re \u00e9s ny\u00e1lkah\u00e1rty\u00e1i<\/strong>\u00a0hirtelen felt\u0171n\u0151en s\u00e1padtt\u00e1 v\u00e1lnak.<\/p>\n\n\n\n<p>Vigy\u00e1zzon mag\u00e1ra, \u00e9s j\u00e1rjon a dolog v\u00e9g\u00e9re, mert a v\u00e9rszeg\u00e9nys\u00e9g megfelel\u0151 kezel\u00e9ssel j\u00f3l orvosolhat\u00f3!<\/p>\n\n\n\n<div class=\"wp-block-buttons is-layout-flex wp-block-buttons-is-layout-flex\">\n<div class=\"wp-block-button\"><a class=\"wp-block-button__link wp-element-button\" href=\"javascript:history.back()\">Vissza az el\u0151z\u0151 oldalra<\/a><\/div>\n\n\n\n<div class=\"wp-block-button\"><a class=\"wp-block-button__link wp-element-button\" href=\"https:\/\/www.szentimrekorhaz.hu\/index.php\/otthoni-tamogatas\/\">Vissza a t\u00fcnetekhez<\/a><\/div>\n\n\n\n<div class=\"wp-block-button\"><a class=\"wp-block-button__link wp-element-button\" href=\"https:\/\/www.szentimrekorhaz.hu\/\">F\u0151oldal<\/a><\/div>\n<\/div>\n\n\n\n<p><\/p>\n\n\n\n\t<div class=\"dkpdf-button-container\" style=\"            text-align:right \">\n\n\t\t<a class=\"dkpdf-button\" href=\"\/index.php\/wp-json\/wp\/v2\/pages\/4152?pdf=4152\" target=\"_blank\"><span class=\"dkpdf-button-icon\"><i class=\"fa fa-file-pdf-o\"><\/i><\/span> Let\u00f6lt\u00e9s<\/a>\n\n\t<\/div>\n\n\n\n\n\n<!-- PMB print buttons is only displayed on a single post\/page URLs-->","protected":false},"excerpt":{"rendered":"<p>Kedves Beteg\u00fcnk! \u00d6r\u00fcl\u00fcnk, hogy \u00e1llapota engedi a hazat\u00e9r\u00e9st. A s\u00fcrg\u0151ss\u00e9gi oszt\u00e1lyon meg\u00e1llap\u00edtottuk, hogy \u00d6nnek\u00a0anaemi\u00e1ja, azaz v\u00e9rszeg\u00e9nys\u00e9ge van. Ez azt jelenti, hogy a v\u00e9r\u00e9ben a kellet\u00e9n\u00e9l&hellip;<\/p>\n","protected":false},"author":31,"featured_media":0,"parent":0,"menu_order":0,"comment_status":"closed","ping_status":"closed","template":"","meta":{"_acf_changed":false,"_uag_custom_page_level_css":"","footnotes":""},"categories":[],"tags":[],"class_list":["post-4152","page","type-page","status-publish","hentry"],"acf":[],"uagb_featured_image_src":{"full":false,"thumbnail":false,"medium":false,"medium_large":false,"large":false,"1536x1536":false,"2048x2048":false,"410x410":false},"uagb_author_info":{"display_name":"draviczkiakos","author_link":"https:\/\/www.szentimrekorhaz.hu\/index.php\/author\/draviczkiakos\/"},"uagb_comment_info":0,"uagb_excerpt":"Kedves Beteg\u00fcnk! \u00d6r\u00fcl\u00fcnk, hogy \u00e1llapota engedi a hazat\u00e9r\u00e9st. A s\u00fcrg\u0151ss\u00e9gi oszt\u00e1lyon meg\u00e1llap\u00edtottuk, hogy \u00d6nnek\u00a0anaemi\u00e1ja, azaz v\u00e9rszeg\u00e9nys\u00e9ge van. Ez azt jelenti, hogy a v\u00e9r\u00e9ben a kellet\u00e9n\u00e9l&hellip;","post_type":"page","author_name":"draviczkiakos","_links":{"self":[{"href":"https:\/\/www.szentimrekorhaz.hu\/index.php\/wp-json\/wp\/v2\/pages\/4152","targetHints":{"allow":["GET"]}}],"collection":[{"href":"https:\/\/www.szentimrekorhaz.hu\/index.php\/wp-json\/wp\/v2\/pages"}],"about":[{"href":"https:\/\/www.szentimrekorhaz.hu\/index.php\/wp-json\/wp\/v2\/types\/page"}],"author":[{"embeddable":true,"href":"https:\/\/www.szentimrekorhaz.hu\/index.php\/wp-json\/wp\/v2\/users\/31"}],"replies":[{"embeddable":true,"href":"https:\/\/www.szentimrekorhaz.hu\/index.php\/wp-json\/wp\/v2\/comments?post=4152"}],"version-history":[{"count":4,"href":"https:\/\/www.szentimrekorhaz.hu\/index.php\/wp-json\/wp\/v2\/pages\/4152\/revisions"}],"predecessor-version":[{"id":4274,"href":"https:\/\/www.szentimrekorhaz.hu\/index.php\/wp-json\/wp\/v2\/pages\/4152\/revisions\/4274"}],"wp:attachment":[{"href":"https:\/\/www.szentimrekorhaz.hu\/index.php\/wp-json\/wp\/v2\/media?parent=4152"}],"wp:term":[{"taxonomy":"category","embeddable":true,"href":"https:\/\/www.szentimrekorhaz.hu\/index.php\/wp-json\/wp\/v2\/categories?post=4152"},{"taxonomy":"post_tag","embeddable":true,"href":"https:\/\/www.szentimrekorhaz.hu\/index.php\/wp-json\/wp\/v2\/tags?post=4152"}],"curies":[{"name":"wp","href":"https:\/\/api.w.org\/{rel}","templated":true}]}}