{"id":4166,"date":"2026-04-30T09:10:39","date_gmt":"2026-04-30T07:10:39","guid":{"rendered":"https:\/\/www.szentimrekorhaz.hu\/?page_id=4166"},"modified":"2026-05-04T12:24:30","modified_gmt":"2026-05-04T10:24:30","slug":"bppv-joindulatu-helyzeti-szedules","status":"publish","type":"page","link":"https:\/\/www.szentimrekorhaz.hu\/index.php\/bppv-joindulatu-helyzeti-szedules\/","title":{"rendered":"BPPV (j\u00f3indulat\u00fa helyzeti sz\u00e9d\u00fcl\u00e9s)"},"content":{"rendered":"\n<p><strong>Kedves Beteg\u00fcnk!<\/strong><\/p>\n\n\n\n<p>\u00d6r\u00fcl\u00fcnk, hogy az \u00e1llapota m\u00e1r lehet\u0151v\u00e9 tette a hazabocs\u00e1t\u00e1s\u00e1t. A vizsg\u00e1latok sor\u00e1n meg\u00e1llap\u00edtottuk, hogy az \u00d6n sz\u00e9d\u00fcl\u00e9s\u00e9t\u00a0<strong>BPPV<\/strong>\u00a0(j\u00f3indulat\u00fa helyzeti sz\u00e9d\u00fcl\u00e9s) okozza. Tudom, hogy ez a forg\u00f3 jelleg\u0171 \u00e9rz\u00e9s nagyon ijeszt\u0151 tud lenni, de fontos tudnia: ez nem egy s\u00falyos szervi betegs\u00e9g. Egyszer\u0171en arr\u00f3l van sz\u00f3, hogy a bels\u0151 f\u00fcl\u00e9ben l\u00e9v\u0151 apr\u00f3 \u201em\u00e9szkrist\u00e1lyok\u201d elmozdultak a hely\u00fckr\u0151l, \u00e9s t\u00e9ves jeleket k\u00fcldenek az agy\u00e1nak az egyens\u00faly\u00e1r\u00f3l.<\/p>\n\n\n\n<p>K\u00e9rj\u00fck, hallgassa meg ezt a r\u00f6vid \u00fatmutat\u00f3t, hogyan kezelje ezt az \u00e1llapotot az elk\u00f6vetkez\u0151 napokban.<\/p>\n\n\n\n<p><strong>Biztons\u00e1g \u00e9s pihen\u00e9s otthon<\/strong><\/p>\n\n\n\n<p>A legfontosabb most az, hogy megel\u0151zz\u00fck az eles\u00e9st. A sz\u00e9d\u00fcl\u00e9s \u00e1ltal\u00e1ban bizonyos fejmozdulatokra jelentkezik, ez\u00e9rt:<\/p>\n\n\n\n<ul class=\"wp-block-list\">\n<li><strong>Mozogjon kom\u00f3tosan:<\/strong>\u00a0Ker\u00fclje a hirtelen kapkod\u00e1st. Ha le kell hajolnia valami\u00e9rt, ne der\u00e9kb\u00f3l tegye, hanem ereszkedjen guggol\u00f3ba. Ne n\u00e9zzen hirtelen magasra, p\u00e9ld\u00e1ul a fels\u0151 polcra.<\/li>\n\n\n\n<li><strong>Az alv\u00e1s tr\u00fckkjei:<\/strong>\u00a0Pr\u00f3b\u00e1ljon meg p\u00e1r napig 2-3 p\u00e1rn\u00e1n, f\u00e9lig \u00fcl\u0151 helyzetben aludni. Ha tudja, melyik oldala \u201esz\u00e9d\u00fcl\u0151s\u201d, azt az oldalt ker\u00fclje fekv\u00e9s k\u00f6zben.<\/li>\n\n\n\n<li><strong>Reggeli rutin:<\/strong>\u00a0Felkel\u00e9skor el\u0151sz\u00f6r csak \u00fclj\u00f6n ki az \u00e1gy sz\u00e9l\u00e9re, v\u00e1rjon egy percet, \u00e9s csak akkor \u00e1lljon fel, ha teljesen tiszt\u00e1nak \u00e9rzi a fej\u00e9t.<\/li>\n<\/ul>\n\n\n\n<p><strong>Mi a gy\u00f3gym\u00f3d?<\/strong><\/p>\n\n\n\n<p>A BPPV-re a gy\u00f3gyszerek \u00e1ltal\u00e1ban nem hatnak, mert egy mechanikai probl\u00e9m\u00e1r\u00f3l van sz\u00f3. A val\u00f3di megold\u00e1st a\u00a0<strong>gy\u00f3gytorna \u00e9s a speci\u00e1lis man\u0151verek<\/strong>\u00a0jelentik.<\/p>\n\n\n\n<ol start=\"1\" class=\"wp-block-list\">\n<li><strong>H\u00e1ziorvos:<\/strong>\u00a0K\u00e9rj\u00fck, 1-2 napon bel\u00fcl keresse fel \u0151t a z\u00e1r\u00f3jelent\u00e9s\u00e9vel.<\/li>\n\n\n\n<li><strong>Szakorvos:<\/strong>\u00a0A leggyorsabb seg\u00edts\u00e9get a f\u00fcl-orr-g\u00e9g\u00e9szeten kaphatja. Ott az orvos egy speci\u00e1lis mozdulatsorral \u2013 amit Epley-man\u0151vernek h\u00edvnak \u2013 vissza tudja \u201el\u00f6ty\u00f6gtetni\u201d a krist\u00e1lyokat a hely\u00fckre. Ez sokszor m\u00e1r egyetlen alkalom ut\u00e1n teljes gy\u00f3gyul\u00e1st hoz.<\/li>\n\n\n\n<li><strong>Otthoni torna:<\/strong>\u00a0Ha az orvosa javasolja, v\u00e9gezheti a Brandt-Daroff gyakorlatokat, amelyek seg\u00edtenek az agy\u00e1nak hozz\u00e1szokni a helyzethez.<\/li>\n<\/ol>\n\n\n\n<p><strong>Mikor kell azonnal seg\u00edts\u00e9get k\u00e9rni?<\/strong><\/p>\n\n\n\n<p>B\u00e1r a BPPV \u00e1rtalmatlan, vannak jelek, amik m\u00e1s probl\u00e9m\u00e1ra utalhatnak. Azonnal h\u00edvja a\u00a0<strong>112-t<\/strong>, ha a sz\u00e9d\u00fcl\u00e9s mellett az al\u00e1bbiakat tapasztalja:<\/p>\n\n\n\n<ul class=\"wp-block-list\">\n<li>Hirtelen\u00a0<strong>besz\u00e9dzavar<\/strong>\u00a0vagy sz\u00f3tal\u00e1l\u00e1si neh\u00e9zs\u00e9g.<\/li>\n\n\n\n<li><strong>V\u00e9gtaggyenges\u00e9g<\/strong>\u00a0vagy zsibbad\u00e1s az egyik oldalon.<\/li>\n\n\n\n<li><strong>L\u00e1t\u00e1szavar<\/strong>, p\u00e9ld\u00e1ul kett\u0151sl\u00e1t\u00e1s vagy hom\u00e1lyos l\u00e1t\u00e1s.<\/li>\n\n\n\n<li>Elviselhetetlen\u00fcl\u00a0<strong>er\u0151s fejf\u00e1j\u00e1s<\/strong>.<\/li>\n<\/ul>\n\n\n\n<p>Tudjuk, hogy a sz\u00e9d\u00fcl\u00e9s bizonytalann\u00e1 teszi az embert, de b\u00edzzon benne, hogy ez egy j\u00f3l kezelhet\u0151 \u00e1llapot. Adjon mag\u00e1nak p\u00e1r napot, am\u00edg a krist\u00e1lyok megnyugszanak.<\/p>\n\n\n\n<div class=\"wp-block-buttons is-layout-flex wp-block-buttons-is-layout-flex\">\n<div class=\"wp-block-button\"><a class=\"wp-block-button__link wp-element-button\" href=\"javascript:history.back()\">Vissza az el\u0151z\u0151 oldalra<\/a><\/div>\n\n\n\n<div class=\"wp-block-button\"><a class=\"wp-block-button__link wp-element-button\" href=\"https:\/\/www.szentimrekorhaz.hu\/index.php\/otthoni-tamogatas\/\">Vissza a t\u00fcnetekhez<\/a><\/div>\n\n\n\n<div class=\"wp-block-button\"><a class=\"wp-block-button__link wp-element-button\" href=\"https:\/\/www.szentimrekorhaz.hu\/\">F\u0151oldal<\/a><\/div>\n<\/div>\n\n\n\n<p><\/p>\n\n\n\n\t<div class=\"dkpdf-button-container\" style=\"            text-align:right \">\n\n\t\t<a class=\"dkpdf-button\" href=\"\/index.php\/wp-json\/wp\/v2\/pages\/4166?pdf=4166\" target=\"_blank\"><span class=\"dkpdf-button-icon\"><i class=\"fa fa-file-pdf-o\"><\/i><\/span> Let\u00f6lt\u00e9s<\/a>\n\n\t<\/div>\n\n\n\n\n\n<!-- PMB print buttons is only displayed on a single post\/page URLs-->","protected":false},"excerpt":{"rendered":"<p>Kedves Beteg\u00fcnk! \u00d6r\u00fcl\u00fcnk, hogy az \u00e1llapota m\u00e1r lehet\u0151v\u00e9 tette a hazabocs\u00e1t\u00e1s\u00e1t. A vizsg\u00e1latok sor\u00e1n meg\u00e1llap\u00edtottuk, hogy az \u00d6n sz\u00e9d\u00fcl\u00e9s\u00e9t\u00a0BPPV\u00a0(j\u00f3indulat\u00fa helyzeti sz\u00e9d\u00fcl\u00e9s) okozza. Tudom, hogy ez&hellip;<\/p>\n","protected":false},"author":31,"featured_media":0,"parent":0,"menu_order":0,"comment_status":"closed","ping_status":"closed","template":"","meta":{"_acf_changed":false,"_uag_custom_page_level_css":"","footnotes":""},"categories":[],"tags":[146,147],"class_list":["post-4166","page","type-page","status-publish","hentry","tag-bppv","tag-szedules"],"acf":[],"uagb_featured_image_src":{"full":false,"thumbnail":false,"medium":false,"medium_large":false,"large":false,"1536x1536":false,"2048x2048":false,"410x410":false},"uagb_author_info":{"display_name":"draviczkiakos","author_link":"https:\/\/www.szentimrekorhaz.hu\/index.php\/author\/draviczkiakos\/"},"uagb_comment_info":0,"uagb_excerpt":"Kedves Beteg\u00fcnk! \u00d6r\u00fcl\u00fcnk, hogy az \u00e1llapota m\u00e1r lehet\u0151v\u00e9 tette a hazabocs\u00e1t\u00e1s\u00e1t. A vizsg\u00e1latok sor\u00e1n meg\u00e1llap\u00edtottuk, hogy az \u00d6n sz\u00e9d\u00fcl\u00e9s\u00e9t\u00a0BPPV\u00a0(j\u00f3indulat\u00fa helyzeti sz\u00e9d\u00fcl\u00e9s) okozza. Tudom, hogy ez&hellip;","post_type":"page","author_name":"draviczkiakos","_links":{"self":[{"href":"https:\/\/www.szentimrekorhaz.hu\/index.php\/wp-json\/wp\/v2\/pages\/4166","targetHints":{"allow":["GET"]}}],"collection":[{"href":"https:\/\/www.szentimrekorhaz.hu\/index.php\/wp-json\/wp\/v2\/pages"}],"about":[{"href":"https:\/\/www.szentimrekorhaz.hu\/index.php\/wp-json\/wp\/v2\/types\/page"}],"author":[{"embeddable":true,"href":"https:\/\/www.szentimrekorhaz.hu\/index.php\/wp-json\/wp\/v2\/users\/31"}],"replies":[{"embeddable":true,"href":"https:\/\/www.szentimrekorhaz.hu\/index.php\/wp-json\/wp\/v2\/comments?post=4166"}],"version-history":[{"count":2,"href":"https:\/\/www.szentimrekorhaz.hu\/index.php\/wp-json\/wp\/v2\/pages\/4166\/revisions"}],"predecessor-version":[{"id":4257,"href":"https:\/\/www.szentimrekorhaz.hu\/index.php\/wp-json\/wp\/v2\/pages\/4166\/revisions\/4257"}],"wp:attachment":[{"href":"https:\/\/www.szentimrekorhaz.hu\/index.php\/wp-json\/wp\/v2\/media?parent=4166"}],"wp:term":[{"taxonomy":"category","embeddable":true,"href":"https:\/\/www.szentimrekorhaz.hu\/index.php\/wp-json\/wp\/v2\/categories?post=4166"},{"taxonomy":"post_tag","embeddable":true,"href":"https:\/\/www.szentimrekorhaz.hu\/index.php\/wp-json\/wp\/v2\/tags?post=4166"}],"curies":[{"name":"wp","href":"https:\/\/api.w.org\/{rel}","templated":true}]}}