{"id":4169,"date":"2026-04-30T09:11:34","date_gmt":"2026-04-30T07:11:34","guid":{"rendered":"https:\/\/www.szentimrekorhaz.hu\/?page_id=4169"},"modified":"2026-05-04T13:12:15","modified_gmt":"2026-05-04T11:12:15","slug":"hasi-fajdalom","status":"publish","type":"page","link":"https:\/\/www.szentimrekorhaz.hu\/index.php\/hasi-fajdalom\/","title":{"rendered":"Hasi f\u00e1jdalom"},"content":{"rendered":"\n<p><strong>Kedves Beteg\u00fcnk!<\/strong><\/p>\n\n\n\n<p>\u00d6r\u00fcl\u00fcnk, hogy az \u00e1llapota m\u00e1r engedi a hazat\u00e9r\u00e9st. A s\u00fcrg\u0151ss\u00e9gi oszt\u00e1lyon elv\u00e9gzett vizsg\u00e1latokkal (p\u00e9ld\u00e1ul fizik\u00e1lis vizsg\u00e1lattal, laborral vagy ultrahanggal) kiz\u00e1rtuk a k\u00f6zvetlen \u00e9letvesz\u00e9lyt \u00e9s az azonnali m\u0171t\u00e9ti beavatkoz\u00e1st ig\u00e9nyl\u0151 \u00e1llapotokat.<\/p>\n\n\n\n<p>A hasi f\u00e1jdalom azonban v\u00e1ltoz\u00e9kony t\u00fcnet, ez\u00e9rt a k\u00f6vetkez\u0151 napokban \u00d6nre is fontos feladat h\u00e1rul a gy\u00f3gyul\u00e1sban. K\u00e9rj\u00fck, hallgassa meg a legfontosabb teend\u0151ket.<\/p>\n\n\n\n<p><strong>\ud83c\udfe0 Mire figyeljen otthon?<\/strong><\/p>\n\n\n\n<ul class=\"wp-block-list\">\n<li><strong>K\u00edm\u00e9l\u0151 \u00e9trend:<\/strong>\u00a0A hasi f\u00e1jdalom ut\u00e1n \u00e9rdemes pihentetni az em\u00e9szt\u0151rendszert. Kezdje k\u00f6nny\u0171 \u00e9telekkel (f\u0151tt krumpli, rizs, p\u00e1rolt z\u00f6lds\u00e9g, h\u00e1ztart\u00e1si keksz). Ker\u00fclje a zs\u00edros, f\u0171szeres, puffaszt\u00f3 \u00e9teleket, a k\u00e1v\u00e9t \u00e9s az alkoholt legal\u00e1bb p\u00e1r napig.<\/li>\n\n\n\n<li><strong>Folyad\u00e9kp\u00f3tl\u00e1s:<\/strong>\u00a0Igyon sok sz\u00e9nsavmentes vizet vagy te\u00e1t. Ker\u00fclje a cukros \u00fcd\u00edt\u0151ket \u00e9s a tejet.<\/li>\n\n\n\n<li><strong>F\u00e1jdalomcsillap\u00edt\u00e1s:<\/strong>\u00a0Csak az orvosa \u00e1ltal javasolt gy\u00f3gyszereket szedje. Legyen \u00f3vatos a v\u00e9ny n\u00e9lk\u00fcl kaphat\u00f3 gyullad\u00e1scs\u00f6kkent\u0151 f\u00e1jdalomcsillap\u00edt\u00f3kkal (pl. ibuprofen, aszpirin), mert ezek irrit\u00e1lhatj\u00e1k a gyomorny\u00e1lkah\u00e1rty\u00e1t \u00e9s elfedhetnek fontos t\u00fcneteket.<\/li>\n\n\n\n<li><strong>Pihen\u00e9s:<\/strong>\u00a0Ker\u00fclje a neh\u00e9z fizikai megterhel\u00e9st \u00e9s a sportol\u00e1st, am\u00edg a f\u00e1jdalom teljesen meg nem sz\u0171nik.<\/li>\n<\/ul>\n\n\n\n<p><strong>\ud83d\udc68\u200d<\/strong><strong>\u2695\ufe0f Hogyan tov\u00e1bb?<\/strong><\/p>\n\n\n\n<p>A s\u00fcrg\u0151ss\u00e9gi ell\u00e1t\u00e1s sor\u00e1n a \u201epillanatnyi k\u00e9pet\u201d l\u00e1ttuk. A f\u00e1jdalom ok\u00e1nak v\u00e9gleges tiszt\u00e1z\u00e1sa szakorvosi feladat.<\/p>\n\n\n\n<ol start=\"1\" class=\"wp-block-list\">\n<li><strong>H\u00e1ziorvos:<\/strong>\u00a01-2 munkanapon bel\u00fcl jelentkezzen n\u00e1la a z\u00e1r\u00f3jelent\u00e9ssel. \u0150 fogja k\u00f6vetni az \u00e1llapot\u00e1t \u00e9s sz\u00fcks\u00e9g eset\u00e9n tov\u00e1bbi vizsg\u00e1latokat k\u00e9rni.<\/li>\n\n\n\n<li><strong>Szakrendel\u00e9s:<\/strong>\u00a0Ha a z\u00e1r\u00f3jelent\u00e9sben javasoltuk, k\u00e9rjen id\u0151pontot gasztroenterol\u00f3giai, seb\u00e9szeti vagy n\u0151gy\u00f3gy\u00e1szati szakrendel\u00e9sre. Bizonyos diagn\u00f3zisokhoz (pl. epek\u0151, gyullad\u00e1sos b\u00e9lbetegs\u00e9g) tov\u00e1bbi, tervezett vizsg\u00e1latok sz\u00fcks\u00e9gesek.<\/li>\n<\/ol>\n\n\n\n<p><strong>\ud83d\udea8 Mikor kell azonnal visszat\u00e9rni vagy ment\u0151t h\u00edvni (112)?<\/strong><\/p>\n\n\n\n<p>B\u00e1r hazaengedt\u00fck, a hasi k\u00f3rk\u00e9pek n\u00e9ha id\u0151vel bontakoznak ki. Azonnal k\u00e9rjen seg\u00edts\u00e9get, ha:<\/p>\n\n\n\n<p>\ud83d\udccd A f\u00e1jdalma\u00a0<strong>hirtelen \u00e9less\u00e9, elviselhetetlenn\u00e9<\/strong>\u00a0v\u00e1lik.<\/p>\n\n\n\n<p>\ud83d\udccd A hasa\u00a0<strong>feszes, deszkakem\u00e9ny<\/strong>\u00a0lesz \u00e9s \u00e9rint\u00e9sre is nagyon f\u00e1j.<\/p>\n\n\n\n<p>\ud83d\udccd\u00a0<strong>Csillap\u00edthatatlan h\u00e1ny\u00e1s<\/strong>\u00a0jelentkezik, vagy nem tud szelet\/sz\u00e9kletet \u00fcr\u00edteni.<\/p>\n\n\n\n<p>\ud83d\udccd\u00a0<strong>V\u00e9rz\u00e9st<\/strong>\u00a0\u00e9szlel (v\u00e9res h\u00e1ny\u00e1s vagy fekete, szurokszer\u0171 sz\u00e9klet).<\/p>\n\n\n\n<p>\ud83d\udccd\u00a0<strong>Magas l\u00e1z<\/strong>\u00a0vagy hidegr\u00e1z\u00e1s l\u00e9p fel.<\/p>\n\n\n\n<p>\ud83d\udccd Sz\u00e9d\u00fcl,\u00a0<strong>\u00e1jul\u00e1sk\u00f6zeli \u00e1llapotba<\/strong>\u00a0ker\u00fcl.<\/p>\n\n\n\n<p>Vigy\u00e1zzon mag\u00e1ra, \u00e9s adjon id\u0151t a szervezet\u00e9nek a regener\u00e1l\u00f3d\u00e1sra!<\/p>\n\n\n\n<div class=\"wp-block-buttons is-layout-flex wp-block-buttons-is-layout-flex\">\n<div class=\"wp-block-button\"><a class=\"wp-block-button__link wp-element-button\" href=\"javascript:history.back()\">Vissza az el\u0151z\u0151 oldalra<\/a><\/div>\n\n\n\n<div class=\"wp-block-button\"><a class=\"wp-block-button__link wp-element-button\" href=\"https:\/\/www.szentimrekorhaz.hu\/index.php\/otthoni-tamogatas\/\">Vissza a t\u00fcnetekhez<\/a><\/div>\n\n\n\n<div class=\"wp-block-button\"><a class=\"wp-block-button__link wp-element-button\" href=\"https:\/\/www.szentimrekorhaz.hu\/\">F\u0151oldal<\/a><\/div>\n<\/div>\n\n\n\n\t<div class=\"dkpdf-button-container\" style=\"            text-align:right \">\n\n\t\t<a class=\"dkpdf-button\" href=\"\/index.php\/wp-json\/wp\/v2\/pages\/4169?pdf=4169\" target=\"_blank\"><span class=\"dkpdf-button-icon\"><i class=\"fa fa-file-pdf-o\"><\/i><\/span> Let\u00f6lt\u00e9s<\/a>\n\n\t<\/div>\n\n\n\n\n\n<!-- PMB print buttons is only displayed on a single post\/page URLs-->","protected":false},"excerpt":{"rendered":"<p>Kedves Beteg\u00fcnk! \u00d6r\u00fcl\u00fcnk, hogy az \u00e1llapota m\u00e1r engedi a hazat\u00e9r\u00e9st. A s\u00fcrg\u0151ss\u00e9gi oszt\u00e1lyon elv\u00e9gzett vizsg\u00e1latokkal (p\u00e9ld\u00e1ul fizik\u00e1lis vizsg\u00e1lattal, laborral vagy ultrahanggal) kiz\u00e1rtuk a k\u00f6zvetlen \u00e9letvesz\u00e9lyt&hellip;<\/p>\n","protected":false},"author":31,"featured_media":0,"parent":0,"menu_order":0,"comment_status":"closed","ping_status":"closed","template":"","meta":{"_acf_changed":false,"_uag_custom_page_level_css":"","footnotes":""},"categories":[],"tags":[148],"class_list":["post-4169","page","type-page","status-publish","hentry","tag-hasi-fajdalom"],"acf":[],"uagb_featured_image_src":{"full":false,"thumbnail":false,"medium":false,"medium_large":false,"large":false,"1536x1536":false,"2048x2048":false,"410x410":false},"uagb_author_info":{"display_name":"draviczkiakos","author_link":"https:\/\/www.szentimrekorhaz.hu\/index.php\/author\/draviczkiakos\/"},"uagb_comment_info":0,"uagb_excerpt":"Kedves Beteg\u00fcnk! \u00d6r\u00fcl\u00fcnk, hogy az \u00e1llapota m\u00e1r engedi a hazat\u00e9r\u00e9st. A s\u00fcrg\u0151ss\u00e9gi oszt\u00e1lyon elv\u00e9gzett vizsg\u00e1latokkal (p\u00e9ld\u00e1ul fizik\u00e1lis vizsg\u00e1lattal, laborral vagy ultrahanggal) kiz\u00e1rtuk a k\u00f6zvetlen \u00e9letvesz\u00e9lyt&hellip;","post_type":"page","author_name":"draviczkiakos","_links":{"self":[{"href":"https:\/\/www.szentimrekorhaz.hu\/index.php\/wp-json\/wp\/v2\/pages\/4169","targetHints":{"allow":["GET"]}}],"collection":[{"href":"https:\/\/www.szentimrekorhaz.hu\/index.php\/wp-json\/wp\/v2\/pages"}],"about":[{"href":"https:\/\/www.szentimrekorhaz.hu\/index.php\/wp-json\/wp\/v2\/types\/page"}],"author":[{"embeddable":true,"href":"https:\/\/www.szentimrekorhaz.hu\/index.php\/wp-json\/wp\/v2\/users\/31"}],"replies":[{"embeddable":true,"href":"https:\/\/www.szentimrekorhaz.hu\/index.php\/wp-json\/wp\/v2\/comments?post=4169"}],"version-history":[{"count":3,"href":"https:\/\/www.szentimrekorhaz.hu\/index.php\/wp-json\/wp\/v2\/pages\/4169\/revisions"}],"predecessor-version":[{"id":4277,"href":"https:\/\/www.szentimrekorhaz.hu\/index.php\/wp-json\/wp\/v2\/pages\/4169\/revisions\/4277"}],"wp:attachment":[{"href":"https:\/\/www.szentimrekorhaz.hu\/index.php\/wp-json\/wp\/v2\/media?parent=4169"}],"wp:term":[{"taxonomy":"category","embeddable":true,"href":"https:\/\/www.szentimrekorhaz.hu\/index.php\/wp-json\/wp\/v2\/categories?post=4169"},{"taxonomy":"post_tag","embeddable":true,"href":"https:\/\/www.szentimrekorhaz.hu\/index.php\/wp-json\/wp\/v2\/tags?post=4169"}],"curies":[{"name":"wp","href":"https:\/\/api.w.org\/{rel}","templated":true}]}}