{"id":4172,"date":"2026-04-30T09:12:34","date_gmt":"2026-04-30T07:12:34","guid":{"rendered":"https:\/\/www.szentimrekorhaz.hu\/?page_id=4172"},"modified":"2026-05-04T13:12:45","modified_gmt":"2026-05-04T11:12:45","slug":"hugyuti-fertozes","status":"publish","type":"page","link":"https:\/\/www.szentimrekorhaz.hu\/index.php\/hugyuti-fertozes\/","title":{"rendered":"H\u00fagy\u00fati fert\u0151z\u00e9s"},"content":{"rendered":"\n<p><strong>Kedves Beteg\u00fcnk!<\/strong><\/p>\n\n\n\n<p>\u00d6r\u00fcl\u00fcnk, hogy az \u00e1llapota engedi az otthoni gy\u00f3gyul\u00e1st. A s\u00fcrg\u0151ss\u00e9gi oszt\u00e1lyon meg\u00e1llap\u00edtottuk, hogy \u00d6nnek\u00a0<strong>h\u00fagy\u00fati fert\u0151z\u00e9se<\/strong>\u00a0(k\u00f6znyelven felf\u00e1z\u00e1sa) van. B\u00e1r ez egy gyakori panasz, a teljes gy\u00f3gyul\u00e1shoz \u00e9s a sz\u00f6v\u0151dm\u00e9nyek elker\u00fcl\u00e9s\u00e9hez nagyon fontos, hogy betartsa az al\u00e1bbi tan\u00e1csokat.<\/p>\n\n\n\n<p>K\u00e9rj\u00fck, hallgassa meg a legfontosabb teend\u0151ket.<\/p>\n\n\n\n<p><strong>\ud83d\udc8a A gy\u00f3gyszerszed\u00e9s aranyszab\u00e1lya<\/strong><\/p>\n\n\n\n<ul class=\"wp-block-list\">\n<li><strong>V\u00e9gezzen a k\u00far\u00e1val:<\/strong>\u00a0Ha antibiotikumot \u00edrtunk fel, azt\u00a0<strong>szigor\u00faan az utols\u00f3 szemig<\/strong>\u00a0be kell szednie! Ne hagyja abba akkor sem, ha m\u00e1r egy nap ut\u00e1n megsz\u0171nt a f\u00e1jdalom vagy a s\u00fcrget\u0151 vizel\u00e9si inger. Ha f\u00e9lbehagyja a k\u00far\u00e1t, a bakt\u00e9riumok meger\u0151s\u00f6dhetnek, \u00e9s a fert\u0151z\u00e9s sokkal makacsabb form\u00e1ban t\u00e9rhet vissza.<\/li>\n\n\n\n<li><strong>F\u00e1jdalomcsillap\u00edt\u00e1s:<\/strong>\u00a0Haszn\u00e1lhat g\u00f6rcsold\u00f3t vagy f\u00e1jdalomcsillap\u00edt\u00f3t, de csak az orvosa \u00e1ltal javasolt adagban.<\/li>\n<\/ul>\n\n\n\n<p><strong>\ud83d\udca7 Teend\u0151k otthon: \u201e\u00c1tmos\u00e1s\u201d \u00e9s higi\u00e9nia<\/strong><\/p>\n\n\n\n<ul class=\"wp-block-list\">\n<li><strong>Igyon rengeteg folyad\u00e9kot:<\/strong>\u00a0Ez a legfontosabb! Napi 2,5\u20133 liter v\u00edz, sz\u00e9nsavmentes \u00e1sv\u00e1nyv\u00edz vagy gy\u00f3gytea (p\u00e9ld\u00e1ul medvesz\u0151l\u0151lev\u00e9l vagy csal\u00e1n) seg\u00edt \u201ekimosni\u201d a bakt\u00e9riumokat a h\u00fagyutakb\u00f3l.<\/li>\n\n\n\n<li><strong>Ne tartogassa:<\/strong>\u00a0Menjen el vizelni, amint ingert \u00e9rez. A pang\u00f3 vizeletben a bakt\u00e9riumok gyorsan szaporodnak.<\/li>\n\n\n\n<li><strong>Meleg borogat\u00e1s:<\/strong>\u00a0Az alhasra helyezett meleg (nem forr\u00f3!) vizespalack vagy p\u00e1rna seg\u00edthet enyh\u00edteni a g\u00f6rcs\u00f6s f\u00e1jdalmat.<\/li>\n\n\n\n<li><strong>Vitaminok:<\/strong>\u00a0A t\u0151zeg\u00e1fonya-kivonat vagy a magas C-vitamin-bevitel seg\u00edthet savas\u00edtani a vizeletet, ami bar\u00e1ts\u00e1gtalan k\u00f6rnyezet a bakt\u00e9riumoknak.<\/li>\n<\/ul>\n\n\n\n<p><strong>\ud83d\udc68\u200d<\/strong><strong>\u2695\ufe0f Orvosi k\u00f6vet\u00e9s<\/strong><\/p>\n\n\n\n<p>A h\u00fagy\u00fati fert\u0151z\u00e9s kezel\u00e9se nem \u00e9r v\u00e9get a s\u00fcrg\u0151ss\u00e9gi oszt\u00e1lyon.<\/p>\n\n\n\n<ol start=\"1\" class=\"wp-block-list\">\n<li><strong>H\u00e1ziorvos:<\/strong>\u00a01-2 munkanapon bel\u00fcl jelentkezzen n\u00e1la a z\u00e1r\u00f3jelent\u00e9ssel. \u0150 fogja ellen\u0151rizni a gy\u00f3gyul\u00e1st.<\/li>\n\n\n\n<li><strong>Kontroll labor:<\/strong>\u00a0Az antibiotikum-k\u00fara ut\u00e1n egyes esetekben \u00e9rdemes egy ellen\u0151rz\u0151 vizeletvizsg\u00e1latot v\u00e9gezni, hogy biztosan elt\u0171ntek-e a k\u00f3rokoz\u00f3k.<\/li>\n\n\n\n<li><strong>Szakrendel\u00e9s:<\/strong>\u00a0Ha a fert\u0151z\u00e9s visszat\u00e9r\u0151, a h\u00e1ziorvosa urol\u00f3giai szakvizsg\u00e1latot javasolhat a h\u00e1tt\u00e9rokok felt\u00e1r\u00e1s\u00e1ra.<\/li>\n<\/ol>\n\n\n\n<p><strong>\ud83d\udea8 Mikor forduljon azonnal ism\u00e9t orvoshoz?<\/strong><\/p>\n\n\n\n<p>Azonnal h\u00edvja a\u00a0<strong>112-t<\/strong>, vagy j\u00f6jj\u00f6n vissza a s\u00fcrg\u0151ss\u00e9gire, ha:<\/p>\n\n\n\n<p>\ud83d\udccd\u00a0<strong>Vese t\u00e1j\u00e9ki f\u00e1jdalmat<\/strong>\u00a0\u00e9rez (er\u0151s der\u00e9kt\u00e1ji f\u00e1jdalom az egyik vagy mindk\u00e9t oldalon).<\/p>\n\n\n\n<p>\ud83d\udccd\u00a0<strong>Magas l\u00e1z<\/strong>\u00a0vagy hidegr\u00e1z\u00e1s jelentkezik.<\/p>\n\n\n\n<p>\ud83d\udccd\u00a0<strong>H\u00e1nyingere<\/strong>\u00a0van, vagy h\u00e1nyni kezd.<\/p>\n\n\n\n<p>\ud83d\udccd\u00a0<strong>V\u00e9rt l\u00e1t<\/strong>\u00a0a vizelet\u00e9ben, vagy a vizelete felt\u0171n\u0151en zavaross\u00e1, b\u0171z\u0151ss\u00e9 v\u00e1lik.<\/p>\n\n\n\n<p>\ud83d\udccd A gy\u00f3gyszerek ellen\u00e9re a panaszai\u00a0<strong>2-3 nap ut\u00e1n sem javulnak<\/strong>.<\/p>\n\n\n\n<p>Vigy\u00e1zzon mag\u00e1ra, \u00e9s igyon sok folyad\u00e9kot a miel\u0151bbi fel\u00e9p\u00fcl\u00e9s \u00e9rdek\u00e9ben!<\/p>\n\n\n\n<div class=\"wp-block-buttons is-layout-flex wp-block-buttons-is-layout-flex\">\n<div class=\"wp-block-button\"><a class=\"wp-block-button__link wp-element-button\" href=\"javascript:history.back()\">Vissza az el\u0151z\u0151 oldalra<\/a><\/div>\n\n\n\n<div class=\"wp-block-button\"><a class=\"wp-block-button__link wp-element-button\" href=\"https:\/\/www.szentimrekorhaz.hu\/index.php\/otthoni-tamogatas\/\">Vissza a t\u00fcnetekhez<\/a><\/div>\n\n\n\n<div class=\"wp-block-button\"><a class=\"wp-block-button__link wp-element-button\" href=\"https:\/\/www.szentimrekorhaz.hu\/\">F\u0151oldal<\/a><\/div>\n<\/div>\n\n\n\n\t<div class=\"dkpdf-button-container\" style=\"            text-align:right \">\n\n\t\t<a class=\"dkpdf-button\" href=\"\/index.php\/wp-json\/wp\/v2\/pages\/4172?pdf=4172\" target=\"_blank\"><span class=\"dkpdf-button-icon\"><i class=\"fa fa-file-pdf-o\"><\/i><\/span> Let\u00f6lt\u00e9s<\/a>\n\n\t<\/div>\n\n\n\n\n\n<!-- PMB print buttons is only displayed on a single post\/page URLs-->","protected":false},"excerpt":{"rendered":"<p>Kedves Beteg\u00fcnk! \u00d6r\u00fcl\u00fcnk, hogy az \u00e1llapota engedi az otthoni gy\u00f3gyul\u00e1st. A s\u00fcrg\u0151ss\u00e9gi oszt\u00e1lyon meg\u00e1llap\u00edtottuk, hogy \u00d6nnek\u00a0h\u00fagy\u00fati fert\u0151z\u00e9se\u00a0(k\u00f6znyelven felf\u00e1z\u00e1sa) van. B\u00e1r ez egy gyakori panasz, a&hellip;<\/p>\n","protected":false},"author":31,"featured_media":0,"parent":0,"menu_order":0,"comment_status":"closed","ping_status":"closed","template":"","meta":{"_acf_changed":false,"_uag_custom_page_level_css":"","footnotes":""},"categories":[],"tags":[149],"class_list":["post-4172","page","type-page","status-publish","hentry","tag-hugyuti-fertozes"],"acf":[],"uagb_featured_image_src":{"full":false,"thumbnail":false,"medium":false,"medium_large":false,"large":false,"1536x1536":false,"2048x2048":false,"410x410":false},"uagb_author_info":{"display_name":"draviczkiakos","author_link":"https:\/\/www.szentimrekorhaz.hu\/index.php\/author\/draviczkiakos\/"},"uagb_comment_info":0,"uagb_excerpt":"Kedves Beteg\u00fcnk! \u00d6r\u00fcl\u00fcnk, hogy az \u00e1llapota engedi az otthoni gy\u00f3gyul\u00e1st. A s\u00fcrg\u0151ss\u00e9gi oszt\u00e1lyon meg\u00e1llap\u00edtottuk, hogy \u00d6nnek\u00a0h\u00fagy\u00fati fert\u0151z\u00e9se\u00a0(k\u00f6znyelven felf\u00e1z\u00e1sa) van. B\u00e1r ez egy gyakori panasz, a&hellip;","post_type":"page","author_name":"draviczkiakos","_links":{"self":[{"href":"https:\/\/www.szentimrekorhaz.hu\/index.php\/wp-json\/wp\/v2\/pages\/4172","targetHints":{"allow":["GET"]}}],"collection":[{"href":"https:\/\/www.szentimrekorhaz.hu\/index.php\/wp-json\/wp\/v2\/pages"}],"about":[{"href":"https:\/\/www.szentimrekorhaz.hu\/index.php\/wp-json\/wp\/v2\/types\/page"}],"author":[{"embeddable":true,"href":"https:\/\/www.szentimrekorhaz.hu\/index.php\/wp-json\/wp\/v2\/users\/31"}],"replies":[{"embeddable":true,"href":"https:\/\/www.szentimrekorhaz.hu\/index.php\/wp-json\/wp\/v2\/comments?post=4172"}],"version-history":[{"count":3,"href":"https:\/\/www.szentimrekorhaz.hu\/index.php\/wp-json\/wp\/v2\/pages\/4172\/revisions"}],"predecessor-version":[{"id":4278,"href":"https:\/\/www.szentimrekorhaz.hu\/index.php\/wp-json\/wp\/v2\/pages\/4172\/revisions\/4278"}],"wp:attachment":[{"href":"https:\/\/www.szentimrekorhaz.hu\/index.php\/wp-json\/wp\/v2\/media?parent=4172"}],"wp:term":[{"taxonomy":"category","embeddable":true,"href":"https:\/\/www.szentimrekorhaz.hu\/index.php\/wp-json\/wp\/v2\/categories?post=4172"},{"taxonomy":"post_tag","embeddable":true,"href":"https:\/\/www.szentimrekorhaz.hu\/index.php\/wp-json\/wp\/v2\/tags?post=4172"}],"curies":[{"name":"wp","href":"https:\/\/api.w.org\/{rel}","templated":true}]}}