{"id":4178,"date":"2026-04-30T09:14:58","date_gmt":"2026-04-30T07:14:58","guid":{"rendered":"https:\/\/www.szentimrekorhaz.hu\/?page_id=4178"},"modified":"2026-05-04T13:13:08","modified_gmt":"2026-05-04T11:13:08","slug":"magas-vernyomas","status":"publish","type":"page","link":"https:\/\/www.szentimrekorhaz.hu\/index.php\/magas-vernyomas\/","title":{"rendered":"Magas v\u00e9rnyom\u00e1s"},"content":{"rendered":"\n<p><strong>Kedves Beteg\u00fcnk!<\/strong><\/p>\n\n\n\n<p>\u00d6r\u00fcl\u00fcnk, hogy az \u00e1llapota m\u00e1r engedi a hazat\u00e9r\u00e9st. A s\u00fcrg\u0151ss\u00e9gi oszt\u00e1lyon munkat\u00e1rsaink ell\u00e1tt\u00e1k \u00d6nt, \u00e9s megbizonyosodtak r\u00f3la, hogy a megemelkedett v\u00e9rnyom\u00e1sa nem okozott k\u00f6zvetlen \u00e9letvesz\u00e9lyt vagy szervi k\u00e1rosod\u00e1st.<\/p>\n\n\n\n<p>Azonban a magasv\u00e9rnyom\u00e1s-betegs\u00e9g \u201ecsendes gyilkos\u201d, amivel a t\u00e1voz\u00e1s ut\u00e1n is minden nap foglalkozni kell. K\u00e9rj\u00fck, hallgassa meg a legfontosabb teend\u0151ket.<\/p>\n\n\n\n<p><strong>\ud83d\udc8a A gy\u00f3gyszerszed\u00e9s aranyszab\u00e1lya<\/strong><\/p>\n\n\n\n<ul class=\"wp-block-list\">\n<li><strong>Fegyelmezetts\u00e9g:<\/strong>\u00a0A v\u00e9rnyom\u00e1scs\u00f6kkent\u0151 gy\u00f3gyszereket\u00a0<strong>minden nap ugyanabban az id\u0151ben<\/strong>\u00a0vegye be, akkor is, ha \u00e9ppen j\u00f3nak \u00e9rzi az \u00e9rt\u00e9keit. Soha ne hagyja abba a szed\u00e9s\u00fcket \u00f6nhatalm\u00falag!<\/li>\n\n\n\n<li><strong>Fokozatoss\u00e1g:<\/strong>\u00a0Bizonyos gy\u00f3gyszerek hat\u00e1sa csak napok vagy hetek alatt alakul ki teljesen, ez\u00e9rt ne v\u00e1rjon azonnali csod\u00e1t, de legyen kitart\u00f3.<\/li>\n<\/ul>\n\n\n\n<p><strong>\ud83c\udfe0 Mire figyeljen otthon?<\/strong><\/p>\n\n\n\n<ul class=\"wp-block-list\">\n<li><strong>V\u00e9rnyom\u00e1snapl\u00f3:<\/strong>\u00a0Ez a legfontosabb eszk\u00f6ze. M\u00e9rje meg v\u00e9rnyom\u00e1s\u00e1t naponta k\u00e9tszer (reggel \u00e9s este, nyugalomban), \u00e9s \u00edrja fel egy f\u00fczetbe. Ez lesz a kezel\u0151orvosa \u201et\u00e9rk\u00e9pe\u201d a ter\u00e1pi\u00e1hoz.<\/li>\n\n\n\n<li><strong>Kevesebb s\u00f3:<\/strong>\u00a0A s\u00f3 megk\u00f6ti a vizet, ami n\u00f6veli a v\u00e9rnyom\u00e1st. Pr\u00f3b\u00e1ljon meg kevesebbet s\u00f3zni, \u00e9s ker\u00fclje a k\u00e9sz\u00e9teleket, s\u00f3s r\u00e1gcs\u00e1lnival\u00f3kat.<\/li>\n\n\n\n<li><strong>Folyad\u00e9k \u00e9s stressz:<\/strong>\u00a0Igyon elegend\u0151 vizet, de ker\u00fclje a t\u00falzott koffein- \u00e9s alkoholfogyaszt\u00e1st. Pr\u00f3b\u00e1ljon el\u00e9g id\u0151t sz\u00e1nni az alv\u00e1sra \u00e9s a pihen\u00e9sre.<\/li>\n<\/ul>\n\n\n\n<p><strong>\ud83d\udc68\u200d<\/strong><strong>\u2695\ufe0f Hogyan tov\u00e1bb?<\/strong><\/p>\n\n\n\n<p>A s\u00fcrg\u0151ss\u00e9gi oszt\u00e1ly a pillanatnyi kr\u00edzist oldotta meg, a tart\u00f3s egyens\u00faly be\u00e1ll\u00edt\u00e1sa h\u00e1ziorvosi vagy szakorvosi feladat.<\/p>\n\n\n\n<ol start=\"1\" class=\"wp-block-list\">\n<li><strong>H\u00e1ziorvos:<\/strong>\u00a01-2 munkanapon bel\u00fcl keresse fel a z\u00e1r\u00f3jelent\u00e9ssel. \u0150 fogja finomhangolni a gy\u00f3gyszereit a v\u00e9rnyom\u00e1snapl\u00f3ja alapj\u00e1n.<\/li>\n\n\n\n<li><strong>Szakrendel\u00e9s:<\/strong>\u00a0Ha javasoltuk, k\u00e9rjen id\u0151pontot kardiol\u00f3gi\u00e1ra vagy nephrol\u00f3gi\u00e1ra (vesegy\u00f3gy\u00e1szatra), hogy kider\u00edts\u00fck, van-e a magas v\u00e9rnyom\u00e1snak h\u00e1tt\u00e9roka.<\/li>\n<\/ol>\n\n\n\n<p><strong>\ud83d\udea8 Mikor kell azonnal ment\u0151t h\u00edvni (112)?<\/strong><\/p>\n\n\n\n<p>Azonnal k\u00e9rjen seg\u00edts\u00e9get, ha a magas v\u00e9rnyom\u00e1s mell\u00e9 az al\u00e1bbiak t\u00e1rsulnak:<\/p>\n\n\n\n<p>\ud83d\udccd\u00a0<strong>Er\u0151s mellkasi f\u00e1jdalom<\/strong>, szor\u00edt\u00e1s vagy l\u00e9gszomj.<\/p>\n\n\n\n<p>\ud83d\udccd\u00a0<strong>Hirtelen fell\u00e9p\u0151, elviselhetetlen fejf\u00e1j\u00e1s<\/strong>, amit l\u00e1t\u00e1szavar vagy h\u00e1nyinger k\u00eds\u00e9r.<\/p>\n\n\n\n<p>\ud83d\udccd\u00a0<strong>Besz\u00e9dzavar<\/strong>, az arc elernyed\u00e9se vagy v\u00e9gtaggyenges\u00e9g (a stroke jelei).<\/p>\n\n\n\n<p>\ud83d\udccd\u00a0<strong>Zavarts\u00e1g<\/strong>\u00a0vagy hirtelen jelentkez\u0151 k\u00e1bults\u00e1g.<\/p>\n\n\n\n<p>Vigy\u00e1zzon mag\u00e1ra, mert a j\u00f3l be\u00e1ll\u00edtott v\u00e9rnyom\u00e1ssal megel\u0151zheti a komolyabb bajokat!<\/p>\n\n\n\n<div class=\"wp-block-buttons is-layout-flex wp-block-buttons-is-layout-flex\">\n<div class=\"wp-block-button\"><a class=\"wp-block-button__link wp-element-button\" href=\"javascript:history.back()\">Vissza az el\u0151z\u0151 oldalra<\/a><\/div>\n\n\n\n<div class=\"wp-block-button\"><a class=\"wp-block-button__link wp-element-button\" href=\"https:\/\/www.szentimrekorhaz.hu\/index.php\/otthoni-tamogatas\/\">Vissza a t\u00fcnetekhez<\/a><\/div>\n\n\n\n<div class=\"wp-block-button\"><a class=\"wp-block-button__link wp-element-button\" href=\"https:\/\/www.szentimrekorhaz.hu\/\">F\u0151oldal<\/a><\/div>\n<\/div>\n\n\n\n<p><\/p>\n\n\n\n\t<div class=\"dkpdf-button-container\" style=\"            text-align:right \">\n\n\t\t<a class=\"dkpdf-button\" href=\"\/index.php\/wp-json\/wp\/v2\/pages\/4178?pdf=4178\" target=\"_blank\"><span class=\"dkpdf-button-icon\"><i class=\"fa fa-file-pdf-o\"><\/i><\/span> Let\u00f6lt\u00e9s<\/a>\n\n\t<\/div>\n\n\n\n\n\n<!-- PMB print buttons is only displayed on a single post\/page URLs-->","protected":false},"excerpt":{"rendered":"<p>Kedves Beteg\u00fcnk! \u00d6r\u00fcl\u00fcnk, hogy az \u00e1llapota m\u00e1r engedi a hazat\u00e9r\u00e9st. A s\u00fcrg\u0151ss\u00e9gi oszt\u00e1lyon munkat\u00e1rsaink ell\u00e1tt\u00e1k \u00d6nt, \u00e9s megbizonyosodtak r\u00f3la, hogy a megemelkedett v\u00e9rnyom\u00e1sa nem okozott&hellip;<\/p>\n","protected":false},"author":31,"featured_media":0,"parent":0,"menu_order":0,"comment_status":"closed","ping_status":"closed","template":"","meta":{"_acf_changed":false,"_uag_custom_page_level_css":"","footnotes":""},"categories":[],"tags":[151,152,153],"class_list":["post-4178","page","type-page","status-publish","hentry","tag-magas-vernyomas","tag-magasvernyomas","tag-vernyomas"],"acf":[],"uagb_featured_image_src":{"full":false,"thumbnail":false,"medium":false,"medium_large":false,"large":false,"1536x1536":false,"2048x2048":false,"410x410":false},"uagb_author_info":{"display_name":"draviczkiakos","author_link":"https:\/\/www.szentimrekorhaz.hu\/index.php\/author\/draviczkiakos\/"},"uagb_comment_info":0,"uagb_excerpt":"Kedves Beteg\u00fcnk! \u00d6r\u00fcl\u00fcnk, hogy az \u00e1llapota m\u00e1r engedi a hazat\u00e9r\u00e9st. A s\u00fcrg\u0151ss\u00e9gi oszt\u00e1lyon munkat\u00e1rsaink ell\u00e1tt\u00e1k \u00d6nt, \u00e9s megbizonyosodtak r\u00f3la, hogy a megemelkedett v\u00e9rnyom\u00e1sa nem okozott&hellip;","post_type":"page","author_name":"draviczkiakos","_links":{"self":[{"href":"https:\/\/www.szentimrekorhaz.hu\/index.php\/wp-json\/wp\/v2\/pages\/4178","targetHints":{"allow":["GET"]}}],"collection":[{"href":"https:\/\/www.szentimrekorhaz.hu\/index.php\/wp-json\/wp\/v2\/pages"}],"about":[{"href":"https:\/\/www.szentimrekorhaz.hu\/index.php\/wp-json\/wp\/v2\/types\/page"}],"author":[{"embeddable":true,"href":"https:\/\/www.szentimrekorhaz.hu\/index.php\/wp-json\/wp\/v2\/users\/31"}],"replies":[{"embeddable":true,"href":"https:\/\/www.szentimrekorhaz.hu\/index.php\/wp-json\/wp\/v2\/comments?post=4178"}],"version-history":[{"count":3,"href":"https:\/\/www.szentimrekorhaz.hu\/index.php\/wp-json\/wp\/v2\/pages\/4178\/revisions"}],"predecessor-version":[{"id":4279,"href":"https:\/\/www.szentimrekorhaz.hu\/index.php\/wp-json\/wp\/v2\/pages\/4178\/revisions\/4279"}],"wp:attachment":[{"href":"https:\/\/www.szentimrekorhaz.hu\/index.php\/wp-json\/wp\/v2\/media?parent=4178"}],"wp:term":[{"taxonomy":"category","embeddable":true,"href":"https:\/\/www.szentimrekorhaz.hu\/index.php\/wp-json\/wp\/v2\/categories?post=4178"},{"taxonomy":"post_tag","embeddable":true,"href":"https:\/\/www.szentimrekorhaz.hu\/index.php\/wp-json\/wp\/v2\/tags?post=4178"}],"curies":[{"name":"wp","href":"https:\/\/api.w.org\/{rel}","templated":true}]}}