{"id":418,"date":"2011-12-05T15:21:35","date_gmt":"2011-12-05T14:21:35","guid":{"rendered":"http:\/\/localhost\/index.php\/kmop431\/"},"modified":"2025-08-29T16:22:01","modified_gmt":"2025-08-29T14:22:01","slug":"kmop431","status":"publish","type":"page","link":"https:\/\/www.szentimrekorhaz.hu\/index.php\/kmop431\/","title":{"rendered":"KMOP-4.3.1\/A-2008-0002"},"content":{"rendered":"<p style=\"text-align: center;\"><img decoding=\"async\" style=\"width: 258px; height: 350px;\" src=\"\/wp-content\/uploads\/2011\/12\/kmop.jpg\" alt=\"A Szent Imre K\u00f3rh\u00e1z region\u00e1lis eg\u00e9szs\u00e9g\u00fcgyi k\u00f6zpont rekonstrukci\u00f3j\u00e1nak m\u00e1sodik \u00fcteme plak\u00e1t fot\u00f3\"><\/p>\n<h3>KMOP-4.3.1\/A-2008-0002<\/h3>\n<h3>A Szent Imre K\u00f3rh\u00e1z region\u00e1lis eg\u00e9szs\u00e9g\u00fcgyi k\u00f6zpont rekonstrukci\u00f3j\u00e1nak m\u00e1sodik \u00fcteme<\/h3>\n<p><strong>C\u00c9LOK<\/strong><\/p>\n<p>A lakoss\u00e1g \u00e9letes\u00e9lyeinek, \u00e9letmin\u0151s\u00e9g\u00e9nek jav\u00edt\u00e1s\u00e1t \u00e9s a munkak\u00e9pess\u00e9g gyorsabb helyre\u00e1ll\u00edt\u00e1s\u00e1t eredm\u00e9nyez\u0151, hozz\u00e1f\u00e9rhet\u0151, sz\u00fcks\u00e9gletalap\u00fa, k\u00f6lts\u00e9ghat\u00e9konyan m\u0171\u00adk\u00f6d\u0151, komplex ell\u00e1t\u00e1st biztos\u00edt\u00f3, korszer\u0171 szubregion\u00e1lis ell\u00e1t\u00f3 centrum kialak\u00edt\u00e1sa.<\/p>\n<p><strong>EREDM\u00c9NYEK<\/strong><\/p>\n<p>A teljes rekonstrukci\u00f3 m\u00e1sodik szakasza lez\u00e1rult. A 2007 november\u00e9ben kezd\u0151d\u0151 munk\u00e1latok keret\u00e9ben fel\u00faj\u00edt\u00e1sra ker\u00fcltek az \u201eA\u201d, \u201eC\u201d \u00e9s \u201eR\u201d \u00e9p\u00fcletek, valamint elk\u00e9\u00adsz\u00fclt az \u00faj \u201eK\u201d r\u00e9szleg is. A beruh\u00e1z\u00e1s j\u00f3volt\u00e1b\u00f3l a \u201eC\u201d \u00e9p\u00fclet rekonstrukci\u00f3ja r\u00e9v\u00e9n elk\u00e9sz\u00fclt a Belgy\u00f3gy\u00e1szati M\u00e1trix Centrum az angiol\u00f3giai, kliniko-farmakol\u00f3giai, kardi\u00adol\u00f3giai, gasztroenteorol\u00f3giai \u00e9s neurol\u00f3giai r\u00e9szlegekkel.<\/p>\n<p>Az \u201eA\u201d szakaszban angiogr\u00e1fi\u00e1s m\u0171t\u0151t, speci\u00e1lis intenz\u00edv oszt\u00e1lyt, tov\u00e1bb\u00e1 irod\u00e1kat alak\u00edtottak ki, m\u00edg az \u201eR\u201d \u00e9p\u00fclet fel\u00faj\u00edt\u00e1s\u00e1val megval\u00f3sult a j\u00e1r\u00f3beteg-szakambulancia korszer\u0171s\u00edt\u00e9se. Ut\u00f3bbi sz\u00e1rnyban tal\u00e1lhat\u00f3 a k\u00f6zponti labor, a k\u00f6zponti gy\u00f3gyszert\u00e1r \u00e9s az izot\u00f3p egys\u00e9g is.<\/p>\n<p>A \u201eK\u201d \u00e9p\u00fclet meg\u00e9p\u00edt\u00e9s\u00e9vel egy teljesen \u00faj kardiometabolikus \u00e9s \u00e9rrendszeri centrum is l\u00e9trej\u00f6tt \u00e1ltal\u00e1nos belgy\u00f3gy\u00e1szati \u00e9s kardiol\u00f3giai rendel\u0151kkel, gasztroenteorol\u00f3giai, nefrol\u00f3giai, endokrinol\u00f3giai \u00e9s neurol\u00f3giai egys\u00e9gekkel, ahol a leg\u00fajabb technol\u00f3gi\u00e1\u00adkat alkalmazz\u00e1k. A l\u00e9tes\u00edtm\u00e9ny tetej\u00e9n helikopter-lesz\u00e1ll\u00f3p\u00e1lya is a betegek rendelkez\u00e9s\u00e9re \u00e1ll, amely nagym\u00e9rt\u00e9kben seg\u00edti a s\u00fcrg\u0151s esetek ell\u00e1t\u00e1s\u00e1t. A rekonst\u00adrukci\u00f3 sor\u00e1n az int\u00e9zm\u00e9ny t\u00f6bb mint 14 200 m2 ter\u00fcleten \u00fajult meg, \u00e9s az \u00faj \u00e9p\u00fcletnek k\u00f6sz\u00f6nhet\u0151en csaknem 9 200 m2-rel b\u0151v\u00fclt.\u201d<\/p>\n<p style=\"text-align: center;\"><img decoding=\"async\" class=\" size-full wp-image-416\" style=\"width: 300px; height: 199px;\" src=\"\/wp-content\/uploads\/2011\/12\/k_ep.JPG\" alt=\"\" width=\"1065\" height=\"708\" srcset=\"https:\/\/www.szentimrekorhaz.hu\/wp-content\/uploads\/2011\/12\/k_ep.JPG 1065w, https:\/\/www.szentimrekorhaz.hu\/wp-content\/uploads\/2011\/12\/k_ep-300x199.jpg 300w, https:\/\/www.szentimrekorhaz.hu\/wp-content\/uploads\/2011\/12\/k_ep-768x511.jpg 768w, https:\/\/www.szentimrekorhaz.hu\/wp-content\/uploads\/2011\/12\/k_ep-1024x681.jpg 1024w\" sizes=\"(max-width: 1065px) 100vw, 1065px\" \/>\u00a0<img decoding=\"async\" class=\" size-full wp-image-417\" style=\"width: 151px; height: 200px;\" src=\"\/wp-content\/uploads\/2011\/12\/K_ep2.JPG\" alt=\"\" width=\"708\" height=\"939\" srcset=\"https:\/\/www.szentimrekorhaz.hu\/wp-content\/uploads\/2011\/12\/K_ep2.JPG 708w, https:\/\/www.szentimrekorhaz.hu\/wp-content\/uploads\/2011\/12\/K_ep2-226x300.jpg 226w\" sizes=\"(max-width: 708px) 100vw, 708px\" \/><\/p>\n\n\n\n\t<div class=\"dkpdf-button-container\" style=\"            text-align:right \">\n\n\t\t<a class=\"dkpdf-button\" href=\"\/index.php\/wp-json\/wp\/v2\/pages\/418?pdf=418\" target=\"_blank\"><span class=\"dkpdf-button-icon\"><i class=\"fa fa-file-pdf-o\"><\/i><\/span> Let\u00f6lt\u00e9s<\/a>\n\n\t<\/div>\n\n\n\n\n\n<!-- PMB print buttons is only displayed on a single post\/page URLs-->","protected":false},"excerpt":{"rendered":"<p style=\"text-align: center;\">\n\t<a href=\"http:\/\/www.szentimrekorhaz.hu\/hu\/component\/content\/article\/44-szechenyi2020\/208-kmop431.html\" target=\"_parent\"><img decoding=\"async\" alt=\"A Szent Imre K\u00f3rh\u00e1z region\u00e1lis eg\u00e9szs\u00e9g\u00fcgyi k\u00f6zpont rekonstrukci\u00f3j\u00e1nak m\u00e1sodik \u00fcteme plak\u00e1t fot\u00f3\" src=\"\/wp-content\/uploads\/2011\/12\/kmop.jpg\" style=\"width: 258px; height: 350px;\" \/><\/a><\/p>\n","protected":false},"author":2,"featured_media":415,"parent":0,"menu_order":1,"comment_status":"closed","ping_status":"closed","template":"","meta":{"_acf_changed":false,"footnotes":""},"categories":[],"tags":[],"class_list":["post-418","page","type-page","status-publish","has-post-thumbnail","hentry"],"acf":[],"post_type":"page","author_name":"Bal\u00f3 \u00c1d\u00e1m","_links":{"self":[{"href":"https:\/\/www.szentimrekorhaz.hu\/index.php\/wp-json\/wp\/v2\/pages\/418","targetHints":{"allow":["GET"]}}],"collection":[{"href":"https:\/\/www.szentimrekorhaz.hu\/index.php\/wp-json\/wp\/v2\/pages"}],"about":[{"href":"https:\/\/www.szentimrekorhaz.hu\/index.php\/wp-json\/wp\/v2\/types\/page"}],"author":[{"embeddable":true,"href":"https:\/\/www.szentimrekorhaz.hu\/index.php\/wp-json\/wp\/v2\/users\/2"}],"replies":[{"embeddable":true,"href":"https:\/\/www.szentimrekorhaz.hu\/index.php\/wp-json\/wp\/v2\/comments?post=418"}],"version-history":[{"count":1,"href":"https:\/\/www.szentimrekorhaz.hu\/index.php\/wp-json\/wp\/v2\/pages\/418\/revisions"}],"predecessor-version":[{"id":2411,"href":"https:\/\/www.szentimrekorhaz.hu\/index.php\/wp-json\/wp\/v2\/pages\/418\/revisions\/2411"}],"wp:featuredmedia":[{"embeddable":true,"href":"https:\/\/www.szentimrekorhaz.hu\/index.php\/wp-json\/wp\/v2\/media\/415"}],"wp:attachment":[{"href":"https:\/\/www.szentimrekorhaz.hu\/index.php\/wp-json\/wp\/v2\/media?parent=418"}],"wp:term":[{"taxonomy":"category","embeddable":true,"href":"https:\/\/www.szentimrekorhaz.hu\/index.php\/wp-json\/wp\/v2\/categories?post=418"},{"taxonomy":"post_tag","embeddable":true,"href":"https:\/\/www.szentimrekorhaz.hu\/index.php\/wp-json\/wp\/v2\/tags?post=418"}],"curies":[{"name":"wp","href":"https:\/\/api.w.org\/{rel}","templated":true}]}}