{"id":4190,"date":"2026-04-30T09:20:07","date_gmt":"2026-04-30T07:20:07","guid":{"rendered":"https:\/\/www.szentimrekorhaz.hu\/?page_id=4190"},"modified":"2026-05-04T13:14:41","modified_gmt":"2026-05-04T11:14:41","slug":"szedulekenyseg-szedules","status":"publish","type":"page","link":"https:\/\/www.szentimrekorhaz.hu\/index.php\/szedulekenyseg-szedules\/","title":{"rendered":"Sz\u00e9d\u00fcl\u00e9kenys\u00e9g, sz\u00e9d\u00fcl\u00e9s"},"content":{"rendered":"\n<p><strong>Kedves Beteg\u00fcnk!<\/strong><\/p>\n\n\n\n<p>\u00d6r\u00fcl\u00fcnk, hogy az \u00e1llapota m\u00e1r engedi a hazabocs\u00e1t\u00e1s\u00e1t. A s\u00fcrg\u0151ss\u00e9gi oszt\u00e1lyon munkat\u00e1rsaink megvizsg\u00e1lt\u00e1k, \u00e9s kiz\u00e1rt\u00e1k a sz\u00e9d\u00fcl\u00e9s h\u00e1tter\u00e9ben \u00e1ll\u00f3 k\u00f6zvetlen \u00e9letvesz\u00e9lyt (p\u00e9ld\u00e1ul a stroke-ot vagy a s\u00falyos bels\u0151 v\u00e9rz\u00e9st). Ugyanakkor a sz\u00e9d\u00fcl\u00e9s egy bizonytalan \u00e1llapot, amely az els\u0151 napokban otthon is fokozott figyelmet ig\u00e9nyel.<\/p>\n\n\n\n<p>K\u00e9rj\u00fck, hallgassa meg a legfontosabb teend\u0151ket.<\/p>\n\n\n\n<p><strong>\ud83c\udfe0 Biztons\u00e1g \u00e9s pihen\u00e9s otthon<\/strong><\/p>\n\n\n\n<p>A legfontosabb c\u00e9l most az\u00a0<strong>eles\u00e9s megel\u0151z\u00e9se<\/strong>. A sz\u00e9d\u00fcl\u00e9s v\u00e1ratlanul \u00e9rheti, ez\u00e9rt:<\/p>\n\n\n\n<ul class=\"wp-block-list\">\n<li><strong>Lassan mozogjon:<\/strong>\u00a0Reggel ne pattanjon ki az \u00e1gyb\u00f3l! El\u0151sz\u00f6r \u00fclj\u00f6n fel, l\u00f3gassa a l\u00e1b\u00e1t, \u00e9s csak egy perc ut\u00e1n \u00e1lljon fel. Ha bizonytalans\u00e1got \u00e9rez, azonnal kapaszkodjon meg vagy \u00fclj\u00f6n vissza.<\/li>\n\n\n\n<li><strong>Folyad\u00e9kp\u00f3tl\u00e1s:<\/strong>\u00a0A sz\u00e9d\u00fcl\u00e9s egyik leggyakoribb oka a kisz\u00e1rad\u00e1s. Igyon meg napi 2,5-3 liter vizet vagy te\u00e1t.<\/li>\n\n\n\n<li><strong>Akad\u00e1lymentes\u00edt\u00e9s:<\/strong>\u00a0K\u00e9rjen meg egy hozz\u00e1tartoz\u00f3t, hogy tegye el az \u00fatb\u00f3l a cs\u00fasz\u00f3s sz\u0151nyegeket vagy a f\u00f6ld\u00f6n l\u00e9v\u0151 k\u00e1beleket, amikben megbotolhatna.<\/li>\n\n\n\n<li><strong>Vezet\u00e9s:<\/strong>\u00a0Am\u00edg a sz\u00e9d\u00fcl\u00e9se teljesen meg nem sz\u0171nik, javasolt a g\u00e9pj\u00e1rm\u0171vezet\u00e9st\u0151l tart\u00f3zkodni, mert egy v\u00e1ratlan roham balesetvesz\u00e9lyes lehet.<\/li>\n<\/ul>\n\n\n\n<p><strong>\ud83d\udc68\u200d<\/strong><strong>\u2695\ufe0f Hogyan tov\u00e1bb?<\/strong><\/p>\n\n\n\n<p>A s\u00fcrg\u0151ss\u00e9gi ell\u00e1t\u00e1s csak a pillanatnyi kr\u00edzist h\u00e1r\u00edtotta el. A sz\u00e9d\u00fcl\u00e9s pontos ok\u00e1nak kider\u00edt\u00e9se (legyen az bels\u0151 f\u00fcl probl\u00e9ma, v\u00e9rnyom\u00e1sgond vagy idegrendszeri ok) gyakran szakorvosi feladat.<\/p>\n\n\n\n<ol start=\"1\" class=\"wp-block-list\">\n<li><strong>H\u00e1ziorvos:<\/strong>\u00a01-2 munkanapon bel\u00fcl jelentkezzen n\u00e1la a z\u00e1r\u00f3jelent\u00e9ssel. \u0150 fogja ellen\u0151rizni a v\u00e9rnyom\u00e1s\u00e1t \u00e9s koordin\u00e1lni a tov\u00e1bbi vizsg\u00e1latokat.<\/li>\n\n\n\n<li><strong>Szakrendel\u00e9s:<\/strong>\u00a0Ha a z\u00e1r\u00f3jelent\u00e9sben javasoltuk, keresse fel a\u00a0<strong>f\u00fcl-orr-g\u00e9g\u00e9szetet<\/strong>\u00a0vagy a\u00a0<strong>neurol\u00f3gi\u00e1t<\/strong>.<\/li>\n\n\n\n<li><strong>Gy\u00f3gyszerek:<\/strong>\u00a0Csak azokat a h\u00e1nyinger- vagy sz\u00e9d\u00fcl\u00e9scsillap\u00edt\u00f3kat szedje, amiket itt fel\u00edrtunk \u00d6nnek.<\/li>\n<\/ol>\n\n\n\n<p><strong>\ud83d\udea8 Mikor kell azonnal ment\u0151t h\u00edvni (112)?<\/strong><\/p>\n\n\n\n<p>B\u00e1r hazaengedt\u00fck, azonnal k\u00e9rjen seg\u00edts\u00e9get, ha a sz\u00e9d\u00fcl\u00e9s mell\u00e9 az al\u00e1bbi \u201ev\u00e9szj\u00f3sl\u00f3\u201d t\u00fcnetek t\u00e1rsulnak:<\/p>\n\n\n\n<p>\ud83d\udccd\u00a0<strong>Besz\u00e9dzavar<\/strong>\u00a0vagy ha nem tal\u00e1lja a szavakat.<\/p>\n\n\n\n<p>\ud83d\udccd\u00a0<strong>Arcdeformit\u00e1s<\/strong>\u00a0(p\u00e9ld\u00e1ul f\u00e9lrecs\u00faszik a sz\u00e1ja vagy l\u00f3g a szemh\u00e9ja).<\/p>\n\n\n\n<p>\ud83d\udccd\u00a0<strong>V\u00e9gtaggyenges\u00e9g<\/strong>\u00a0vagy zsibbad\u00e1s, k\u00fcl\u00f6n\u00f6sen, ha csak az egyik oldalon jelentkezik.<\/p>\n\n\n\n<p>\ud83d\udccd\u00a0<strong>Kett\u0151sl\u00e1t\u00e1s<\/strong>\u00a0vagy hirtelen l\u00e1t\u00e1sveszt\u00e9s.<\/p>\n\n\n\n<p>\ud83d\udccd\u00a0<strong>Elviselhetetlen fejf\u00e1j\u00e1s<\/strong>, amilyet kor\u00e1bban nem \u00e9rzett.<\/p>\n\n\n\n<p>\ud83d\udccd\u00a0<strong>Eszm\u00e9letveszt\u00e9s<\/strong>\u00a0vagy ha egy\u00e1ltal\u00e1n nem tud l\u00e1bra \u00e1llni.<\/p>\n\n\n\n<p>Vigy\u00e1zzon mag\u00e1ra, \u00e9s adjon id\u0151t a szervezet\u00e9nek a regener\u00e1l\u00f3d\u00e1sra!<\/p>\n\n\n\n<div class=\"wp-block-buttons is-layout-flex wp-block-buttons-is-layout-flex\">\n<div class=\"wp-block-button\"><a class=\"wp-block-button__link wp-element-button\" href=\"javascript:history.back()\">Vissza az el\u0151z\u0151 oldalra<\/a><\/div>\n\n\n\n<div class=\"wp-block-button\"><a class=\"wp-block-button__link wp-element-button\" href=\"https:\/\/www.szentimrekorhaz.hu\/index.php\/otthoni-tamogatas\/\">Vissza a t\u00fcnetekhez<\/a><\/div>\n\n\n\n<div class=\"wp-block-button\"><a class=\"wp-block-button__link wp-element-button\" href=\"https:\/\/www.szentimrekorhaz.hu\/\">F\u0151oldal<\/a><\/div>\n<\/div>\n\n\n\n<p><\/p>\n\n\n\n\t<div class=\"dkpdf-button-container\" style=\"            text-align:right \">\n\n\t\t<a class=\"dkpdf-button\" href=\"\/index.php\/wp-json\/wp\/v2\/pages\/4190?pdf=4190\" target=\"_blank\"><span class=\"dkpdf-button-icon\"><i class=\"fa fa-file-pdf-o\"><\/i><\/span> Let\u00f6lt\u00e9s<\/a>\n\n\t<\/div>\n\n\n\n\n\n<!-- PMB print buttons is only displayed on a single post\/page URLs-->","protected":false},"excerpt":{"rendered":"<p>Kedves Beteg\u00fcnk! \u00d6r\u00fcl\u00fcnk, hogy az \u00e1llapota m\u00e1r engedi a hazabocs\u00e1t\u00e1s\u00e1t. A s\u00fcrg\u0151ss\u00e9gi oszt\u00e1lyon munkat\u00e1rsaink megvizsg\u00e1lt\u00e1k, \u00e9s kiz\u00e1rt\u00e1k a sz\u00e9d\u00fcl\u00e9s h\u00e1tter\u00e9ben \u00e1ll\u00f3 k\u00f6zvetlen \u00e9letvesz\u00e9lyt (p\u00e9ld\u00e1ul a&hellip;<\/p>\n","protected":false},"author":31,"featured_media":0,"parent":0,"menu_order":0,"comment_status":"closed","ping_status":"closed","template":"","meta":{"_acf_changed":false,"_uag_custom_page_level_css":"","footnotes":""},"categories":[],"tags":[163,147],"class_list":["post-4190","page","type-page","status-publish","hentry","tag-szedulekenyseg","tag-szedules"],"acf":[],"uagb_featured_image_src":{"full":false,"thumbnail":false,"medium":false,"medium_large":false,"large":false,"1536x1536":false,"2048x2048":false,"410x410":false},"uagb_author_info":{"display_name":"draviczkiakos","author_link":"https:\/\/www.szentimrekorhaz.hu\/index.php\/author\/draviczkiakos\/"},"uagb_comment_info":0,"uagb_excerpt":"Kedves Beteg\u00fcnk! \u00d6r\u00fcl\u00fcnk, hogy az \u00e1llapota m\u00e1r engedi a hazabocs\u00e1t\u00e1s\u00e1t. A s\u00fcrg\u0151ss\u00e9gi oszt\u00e1lyon munkat\u00e1rsaink megvizsg\u00e1lt\u00e1k, \u00e9s kiz\u00e1rt\u00e1k a sz\u00e9d\u00fcl\u00e9s h\u00e1tter\u00e9ben \u00e1ll\u00f3 k\u00f6zvetlen \u00e9letvesz\u00e9lyt (p\u00e9ld\u00e1ul a&hellip;","post_type":"page","author_name":"draviczkiakos","_links":{"self":[{"href":"https:\/\/www.szentimrekorhaz.hu\/index.php\/wp-json\/wp\/v2\/pages\/4190","targetHints":{"allow":["GET"]}}],"collection":[{"href":"https:\/\/www.szentimrekorhaz.hu\/index.php\/wp-json\/wp\/v2\/pages"}],"about":[{"href":"https:\/\/www.szentimrekorhaz.hu\/index.php\/wp-json\/wp\/v2\/types\/page"}],"author":[{"embeddable":true,"href":"https:\/\/www.szentimrekorhaz.hu\/index.php\/wp-json\/wp\/v2\/users\/31"}],"replies":[{"embeddable":true,"href":"https:\/\/www.szentimrekorhaz.hu\/index.php\/wp-json\/wp\/v2\/comments?post=4190"}],"version-history":[{"count":3,"href":"https:\/\/www.szentimrekorhaz.hu\/index.php\/wp-json\/wp\/v2\/pages\/4190\/revisions"}],"predecessor-version":[{"id":4283,"href":"https:\/\/www.szentimrekorhaz.hu\/index.php\/wp-json\/wp\/v2\/pages\/4190\/revisions\/4283"}],"wp:attachment":[{"href":"https:\/\/www.szentimrekorhaz.hu\/index.php\/wp-json\/wp\/v2\/media?parent=4190"}],"wp:term":[{"taxonomy":"category","embeddable":true,"href":"https:\/\/www.szentimrekorhaz.hu\/index.php\/wp-json\/wp\/v2\/categories?post=4190"},{"taxonomy":"post_tag","embeddable":true,"href":"https:\/\/www.szentimrekorhaz.hu\/index.php\/wp-json\/wp\/v2\/tags?post=4190"}],"curies":[{"name":"wp","href":"https:\/\/api.w.org\/{rel}","templated":true}]}}