{"id":4196,"date":"2026-04-30T09:22:48","date_gmt":"2026-04-30T07:22:48","guid":{"rendered":"https:\/\/www.szentimrekorhaz.hu\/?page_id=4196"},"modified":"2026-05-04T13:19:28","modified_gmt":"2026-05-04T11:19:28","slug":"verszekeles","status":"publish","type":"page","link":"https:\/\/www.szentimrekorhaz.hu\/index.php\/verszekeles\/","title":{"rendered":"V\u00e9rsz\u00e9kel\u00e9s"},"content":{"rendered":"\n<p><strong>Kedves Beteg\u00fcnk!<\/strong><\/p>\n\n\n\n<p>\u00d6r\u00fcl\u00fcnk, hogy az \u00e1llapota jelenleg stabil, \u00e9s hazat\u00e9rhet otthon\u00e1ba. A s\u00fcrg\u0151ss\u00e9gi oszt\u00e1lyon elv\u00e9gzett vizsg\u00e1latokkal kiz\u00e1rtuk a k\u00f6zvetlen \u00e9letvesz\u00e9lyt \u00e9s a massz\u00edv, azonnali beavatkoz\u00e1st ig\u00e9nyl\u0151 v\u00e9rz\u00e9st. Ugyanakkor a v\u00e9res sz\u00e9klet olyan jelens\u00e9g, amely mindenk\u00e9ppen alapos, tervezett kivizsg\u00e1l\u00e1st ig\u00e9nyel.<\/p>\n\n\n\n<p>K\u00e9rj\u00fck, hallgassa meg a legfontosabb teend\u0151ket a k\u00f6vetkez\u0151 napokra.<\/p>\n\n\n\n<p><strong>\ud83d\udd0d Mi a teend\u0151 otthon?<\/strong><\/p>\n\n\n\n<ul class=\"wp-block-list\">\n<li><strong>Figyelje a t\u00fcneteit:<\/strong>\u00a0Fontos l\u00e1tni, hogy a v\u00e9rz\u00e9s mennyis\u00e9ge v\u00e1ltozik-e, illetve milyen a sz\u00edne (\u00e9l\u00e9nkpiros, vagy fekete, szurokszer\u0171).<\/li>\n\n\n\n<li><strong>K\u00edm\u00e9l\u0151 \u00e9letm\u00f3d:<\/strong>\u00a0Ker\u00fclje a neh\u00e9z fizikai munk\u00e1t \u00e9s a meger\u0151ltet\u00e9st.<\/li>\n\n\n\n<li><strong>\u00c9tkez\u00e9s:<\/strong>\u00a0Egyen rostban gazdag \u00e9teleket (z\u00f6lds\u00e9g, gy\u00fcm\u00f6lcs), \u00e9s igyon sok folyad\u00e9kot, hogy elker\u00fclje a sz\u00e9kreked\u00e9st \u00e9s az ezzel j\u00e1r\u00f3 er\u0151lk\u00f6d\u00e9st.<\/li>\n\n\n\n<li><strong>Gy\u00f3gyszerek:<\/strong>\u00a0Ha szed v\u00e9ralvad\u00e1sg\u00e1tl\u00f3t vagy gyullad\u00e1scs\u00f6kkent\u0151 f\u00e1jdalomcsillap\u00edt\u00f3kat, ezekr\u0151l felt\u00e9tlen\u00fcl egyeztessen orvos\u00e1val, mert befoly\u00e1solhatj\u00e1k a v\u00e9rz\u00e9st.<\/li>\n<\/ul>\n\n\n\n<p><strong>\ud83d\udc68\u200d<\/strong><strong>\u2695\ufe0f Hogyan tov\u00e1bb? A kivizsg\u00e1l\u00e1s l\u00e9p\u00e9sei<\/strong><\/p>\n\n\n\n<p>A s\u00fcrg\u0151ss\u00e9gi ell\u00e1t\u00e1s nem helyettes\u00edti a r\u00e9szletes diagn\u00f3zist. A v\u00e9rz\u00e9s ok\u00e1t (ami lehet arany\u00e9r, gyullad\u00e1s, de ak\u00e1r daganat is) szakrendel\u00e9sen kell kider\u00edteni.<\/p>\n\n\n\n<ol start=\"1\" class=\"wp-block-list\">\n<li><strong>H\u00e1ziorvos:<\/strong>\u00a01-2 napon bel\u00fcl keresse fel a z\u00e1r\u00f3jelent\u00e9s\u00e9vel. \u0150 fogja elind\u00edtani a sz\u00fcks\u00e9ges laborvizsg\u00e1latokat.<\/li>\n\n\n\n<li><strong>Gastroenterol\u00f3gia:<\/strong>\u00a0Ez a legfontosabb l\u00e9p\u00e9s. A legt\u00f6bb esetben sz\u00fcks\u00e9g van vastagb\u00e9lt\u00fckr\u00f6z\u00e9sre (kolonoszk\u00f3pia) vagy gyomort\u00fckr\u00f6z\u00e9sre, hogy pontosan l\u00e1ssuk a v\u00e9rz\u00e9s forr\u00e1s\u00e1t.<\/li>\n\n\n\n<li><strong>Seb\u00e9szet:<\/strong>\u00a0Ha aranyeres csom\u00f3k okozz\u00e1k a panaszt, seb\u00e9szeti szakrendel\u00e9sre lesz sz\u00fcks\u00e9ge.<\/li>\n<\/ol>\n\n\n\n<p><strong>\ud83d\udea8 Mikor kell azonnal visszat\u00e9rni vagy ment\u0151t h\u00edvni?<\/strong><\/p>\n\n\n\n<p>B\u00e1r most stabil, a bels\u0151 v\u00e9rz\u00e9s b\u00e1rmikor fokoz\u00f3dhat. Azonnal h\u00edvja a\u00a0<strong>112-t<\/strong>, ha az al\u00e1bbiakat tapasztalja:<\/p>\n\n\n\n<p>\ud83d\udccd\u00a0<strong>Nagy mennyis\u00e9g\u0171<\/strong>, l\u00e1tv\u00e1nyos v\u00e9r \u00fcr\u00fcl\u00e9se a sz\u00e9klettel.<\/p>\n\n\n\n<p>\ud83d\udccd\u00a0<strong>Sz\u00e9d\u00fcl\u00e9s<\/strong>, \u00e1jul\u00e1s\u00e9rz\u00e9s vagy hirtelen gyenges\u00e9g (k\u00fcl\u00f6n\u00f6sen fel\u00e1ll\u00e1skor).<\/p>\n\n\n\n<p>\ud83d\udccd\u00a0<strong>Heves sz\u00edvdobog\u00e1s<\/strong>\u00a0vagy l\u00e9gszomj.<\/p>\n\n\n\n<p>\ud83d\udccd\u00a0<strong>S\u00e1padts\u00e1g<\/strong>\u00a0\u00e9s hideg verejt\u00e9kez\u00e9s.<\/p>\n\n\n\n<p>\ud83d\udccd\u00a0<strong>Er\u0151s hasi f\u00e1jdalom<\/strong>\u00a0vagy g\u00f6rcs\u00f6k.<\/p>\n\n\n\n<p>K\u00e9rj\u00fck, ne hanyagolja el a kivizsg\u00e1l\u00e1st akkor sem, ha a v\u00e9rz\u00e9s most mag\u00e1t\u00f3l megsz\u0171nik! A pontos diagn\u00f3zis a kulcs a teljes gy\u00f3gyul\u00e1shoz.<\/p>\n\n\n\n<div class=\"wp-block-buttons is-layout-flex wp-block-buttons-is-layout-flex\">\n<div class=\"wp-block-button\"><a class=\"wp-block-button__link wp-element-button\" href=\"javascript:history.back()\">Vissza az el\u0151z\u0151 oldalra<\/a><\/div>\n\n\n\n<div class=\"wp-block-button\"><a class=\"wp-block-button__link wp-element-button\" href=\"https:\/\/www.szentimrekorhaz.hu\/index.php\/otthoni-tamogatas\/\">Vissza a t\u00fcnetekhez<\/a><\/div>\n\n\n\n<div class=\"wp-block-button\"><a class=\"wp-block-button__link wp-element-button\" href=\"https:\/\/www.szentimrekorhaz.hu\/\">F\u0151oldal<\/a><\/div>\n<\/div>\n\n\n\n<p><\/p>\n\n\n\n\t<div class=\"dkpdf-button-container\" style=\"            text-align:right \">\n\n\t\t<a class=\"dkpdf-button\" href=\"\/index.php\/wp-json\/wp\/v2\/pages\/4196?pdf=4196\" target=\"_blank\"><span class=\"dkpdf-button-icon\"><i class=\"fa fa-file-pdf-o\"><\/i><\/span> Let\u00f6lt\u00e9s<\/a>\n\n\t<\/div>\n\n\n\n\n\n<!-- PMB print buttons is only displayed on a single post\/page URLs-->","protected":false},"excerpt":{"rendered":"<p>Kedves Beteg\u00fcnk! \u00d6r\u00fcl\u00fcnk, hogy az \u00e1llapota jelenleg stabil, \u00e9s hazat\u00e9rhet otthon\u00e1ba. A s\u00fcrg\u0151ss\u00e9gi oszt\u00e1lyon elv\u00e9gzett vizsg\u00e1latokkal kiz\u00e1rtuk a k\u00f6zvetlen \u00e9letvesz\u00e9lyt \u00e9s a massz\u00edv, azonnali beavatkoz\u00e1st&hellip;<\/p>\n","protected":false},"author":31,"featured_media":0,"parent":0,"menu_order":0,"comment_status":"closed","ping_status":"closed","template":"","meta":{"_acf_changed":false,"_uag_custom_page_level_css":"","footnotes":""},"categories":[],"tags":[166,165],"class_list":["post-4196","page","type-page","status-publish","hentry","tag-veres-szeklet","tag-verszekeles"],"acf":[],"uagb_featured_image_src":{"full":false,"thumbnail":false,"medium":false,"medium_large":false,"large":false,"1536x1536":false,"2048x2048":false,"410x410":false},"uagb_author_info":{"display_name":"draviczkiakos","author_link":"https:\/\/www.szentimrekorhaz.hu\/index.php\/author\/draviczkiakos\/"},"uagb_comment_info":0,"uagb_excerpt":"Kedves Beteg\u00fcnk! \u00d6r\u00fcl\u00fcnk, hogy az \u00e1llapota jelenleg stabil, \u00e9s hazat\u00e9rhet otthon\u00e1ba. A s\u00fcrg\u0151ss\u00e9gi oszt\u00e1lyon elv\u00e9gzett vizsg\u00e1latokkal kiz\u00e1rtuk a k\u00f6zvetlen \u00e9letvesz\u00e9lyt \u00e9s a massz\u00edv, azonnali beavatkoz\u00e1st&hellip;","post_type":"page","author_name":"draviczkiakos","_links":{"self":[{"href":"https:\/\/www.szentimrekorhaz.hu\/index.php\/wp-json\/wp\/v2\/pages\/4196","targetHints":{"allow":["GET"]}}],"collection":[{"href":"https:\/\/www.szentimrekorhaz.hu\/index.php\/wp-json\/wp\/v2\/pages"}],"about":[{"href":"https:\/\/www.szentimrekorhaz.hu\/index.php\/wp-json\/wp\/v2\/types\/page"}],"author":[{"embeddable":true,"href":"https:\/\/www.szentimrekorhaz.hu\/index.php\/wp-json\/wp\/v2\/users\/31"}],"replies":[{"embeddable":true,"href":"https:\/\/www.szentimrekorhaz.hu\/index.php\/wp-json\/wp\/v2\/comments?post=4196"}],"version-history":[{"count":3,"href":"https:\/\/www.szentimrekorhaz.hu\/index.php\/wp-json\/wp\/v2\/pages\/4196\/revisions"}],"predecessor-version":[{"id":4286,"href":"https:\/\/www.szentimrekorhaz.hu\/index.php\/wp-json\/wp\/v2\/pages\/4196\/revisions\/4286"}],"wp:attachment":[{"href":"https:\/\/www.szentimrekorhaz.hu\/index.php\/wp-json\/wp\/v2\/media?parent=4196"}],"wp:term":[{"taxonomy":"category","embeddable":true,"href":"https:\/\/www.szentimrekorhaz.hu\/index.php\/wp-json\/wp\/v2\/categories?post=4196"},{"taxonomy":"post_tag","embeddable":true,"href":"https:\/\/www.szentimrekorhaz.hu\/index.php\/wp-json\/wp\/v2\/tags?post=4196"}],"curies":[{"name":"wp","href":"https:\/\/api.w.org\/{rel}","templated":true}]}}