{"id":4199,"date":"2026-05-04T12:31:02","date_gmt":"2026-05-04T10:31:02","guid":{"rendered":"https:\/\/www.szentimrekorhaz.hu\/?page_id=4199"},"modified":"2026-05-04T13:08:11","modified_gmt":"2026-05-04T11:08:11","slug":"otthoni-tamogatas","status":"publish","type":"page","link":"https:\/\/www.szentimrekorhaz.hu\/index.php\/otthoni-tamogatas\/","title":{"rendered":"Otthoni t\u00e1mogat\u00e1s"},"content":{"rendered":"\n<p><strong>Kedves Beteg\u00fcnk!<\/strong><\/p>\n\n\n\n<p>\u00d6r\u00fcl\u00fcnk, hogy S\u00fcrg\u0151ss\u00e9gi Betegell\u00e1t\u00f3 Oszt\u00e1lyunk kiz\u00e1rta az azonnali ell\u00e1t\u00e1st ig\u00e9nyl\u0151 probl\u00e9m\u00e1kat!<br>Azonban otthon\u00e1ban sem hagyjuk mag\u00e1ra! K\u00e9rj\u00fck, k\u00f6vesse a k\u00f3rh\u00e1zb\u00f3l val\u00f3 hazabocs\u00e1t\u00e1sakor kapott utas\u00edt\u00e1sokat \u00e9s javaslatokat! Ehhez seg\u00edts\u00e9get ny\u00fajtanak az al\u00e1bbi t\u00e1j\u00e9koztat\u00f3k, melyeket k\u00f3rh\u00e1zunk s\u00fcrg\u0151ss\u00e9gi csapata \u00e1ll\u00edtott \u00f6ssze.<\/p>\n\n\n\n<p><mark style=\"background-color:rgba(0, 0, 0, 0)\" class=\"has-inline-color has-vivid-red-color\"><strong>FONTOS:<\/strong> <\/mark><strong>Az al\u00e1bbi seg\u00e9dletek azoknak sz\u00f3lnak, akiket S\u00fcrg\u0151ss\u00e9gi Betegell\u00e1t\u00f3 Oszt\u00e1lyunk vizsg\u00e1lat ut\u00e1n z\u00e1r\u00f3jelent\u00e9ssel hazabocs\u00e1tott!<\/strong> Minden m\u00e1s esetben k\u00e9rj\u00fck, k\u00e9rjen orvosi seg\u00edts\u00e9get!<\/p>\n\n\n\n<p><strong>K\u00e9rj\u00fck, v\u00e1lassza ki, milyen panasszal kereste fel S\u00fcrg\u0151ss\u00e9gi Betegell\u00e1t\u00f3 Oszt\u00e1lyunkat:<\/strong><\/p>\n\n\n\n<p><\/p>\n\n\n\n<div class=\"wp-block-uagb-container uagb-block-84eabe91 alignfull uagb-is-root-container\"><div class=\"uagb-container-inner-blocks-wrap\">\n<div class=\"wp-block-uagb-container uagb-block-af1a316d\">\n<div class=\"wp-block-uagb-info-box uagb-block-191a7603 uagb-infobox__content-wrap  uagb-infobox_cta-type-all uagb-infobox-icon-above-title uagb-infobox-image-valign-top\"><a href=\"https:\/\/www.szentimrekorhaz.hu\/index.php\/anaemia-verszegenyseg\/\" class=\"uagb-infobox-link-wrap uagb-infbox__link-to-all\" target=\"_self\" aria-label=\"Infobox Link\" rel=\"noopener noreferrer\" onclick=\"return true;\"><\/a><div class=\"uagb-ifb-content\"><div class=\"uagb-ifb-image-content\"><img decoding=\"async\" src=\"https:\/\/www.szentimrekorhaz.hu\/wp-content\/uploads\/2026\/04\/1-150x150.png\" alt=\"Anaemia (v\u00e9rszeg\u00e9nys\u00e9g)\" width=\"150\" height=\"150\" loading=\"lazy\"><\/div><div class=\"uagb-ifb-title-wrap\"><\/div><div class=\"uagb-ifb-button-wrapper wp-block-button\"><\/div><\/div><\/div>\n<\/div>\n\n\n\n<div class=\"wp-block-uagb-container uagb-block-bfca4f1b\">\n<div class=\"wp-block-uagb-info-box uagb-block-dbacfd47 uagb-infobox__content-wrap  uagb-infobox_cta-type-all uagb-infobox-icon-above-title uagb-infobox-image-valign-top\"><a href=\"https:\/\/www.szentimrekorhaz.hu\/index.php\/bppv-joindulatu-helyzeti-szedules\/\" class=\"uagb-infobox-link-wrap uagb-infbox__link-to-all\" target=\"_self\" aria-label=\"Infobox Link\" rel=\"noopener noreferrer\" onclick=\"return true;\"><\/a><div class=\"uagb-ifb-content\"><div class=\"uagb-ifb-image-content\"><img decoding=\"async\" src=\"https:\/\/www.szentimrekorhaz.hu\/wp-content\/uploads\/2026\/04\/5-150x150.png\" alt=\"BPPV (sz\u00e9d\u00fcl\u00e9s)\" width=\"\" height=\"0\" loading=\"lazy\"><\/div><div class=\"uagb-ifb-title-wrap\"><\/div><div class=\"uagb-ifb-button-wrapper wp-block-button\"><\/div><\/div><\/div>\n<\/div>\n\n\n\n<div class=\"wp-block-uagb-container uagb-block-f5b7ea81\">\n<div class=\"wp-block-uagb-info-box uagb-block-06f666f4 uagb-infobox__content-wrap  uagb-infobox_cta-type-all uagb-infobox-icon-above-title uagb-infobox-image-valign-top\"><a href=\"https:\/\/www.szentimrekorhaz.hu\/index.php\/dyspnoe-nehezlegzes\/\" class=\"uagb-infobox-link-wrap uagb-infbox__link-to-all\" target=\"_self\" aria-label=\"Infobox Link\" rel=\"noopener noreferrer\" onclick=\"return true;\"><\/a><div class=\"uagb-ifb-content\"><div class=\"uagb-ifb-image-content\"><img decoding=\"async\" src=\"https:\/\/www.szentimrekorhaz.hu\/wp-content\/uploads\/2026\/04\/2-150x150.png\" alt=\"Dyspnoe (neh\u00e9zl\u00e9gz\u00e9s)\" width=\"\" height=\"0\" loading=\"lazy\"><\/div><div class=\"uagb-ifb-title-wrap\"><\/div><div class=\"uagb-ifb-button-wrapper wp-block-button\"><\/div><\/div><\/div>\n<\/div>\n\n\n\n<div class=\"wp-block-uagb-container uagb-block-639e62fa\">\n<div class=\"wp-block-uagb-info-box uagb-block-c0ce1e48 uagb-infobox__content-wrap  uagb-infobox_cta-type-all uagb-infobox-icon-above-title uagb-infobox-image-valign-top\"><a href=\"https:\/\/www.szentimrekorhaz.hu\/index.php\/fejfajas\/\" class=\"uagb-infobox-link-wrap uagb-infbox__link-to-all\" target=\"_self\" aria-label=\"Infobox Link\" rel=\"noopener noreferrer\" onclick=\"return true;\"><\/a><div class=\"uagb-ifb-content\"><div class=\"uagb-ifb-image-content\"><img decoding=\"async\" src=\"https:\/\/www.szentimrekorhaz.hu\/wp-content\/uploads\/2026\/04\/3-150x150.png\" alt=\"Fejf\u00e1j\u00e1s\" width=\"\" height=\"0\" loading=\"lazy\"><\/div><div class=\"uagb-ifb-title-wrap\"><\/div><div class=\"uagb-ifb-button-wrapper wp-block-button\"><\/div><\/div><\/div>\n<\/div>\n\n\n\n<div class=\"wp-block-uagb-container uagb-block-7201cf96\">\n<div class=\"wp-block-uagb-info-box uagb-block-f6a326d9 uagb-infobox__content-wrap  uagb-infobox_cta-type-all uagb-infobox-icon-above-title uagb-infobox-image-valign-top\"><a href=\"https:\/\/www.szentimrekorhaz.hu\/index.php\/hasi-fajdalom\/\" class=\"uagb-infobox-link-wrap uagb-infbox__link-to-all\" target=\"_self\" aria-label=\"Infobox Link\" rel=\"noopener noreferrer\" onclick=\"return true;\"><\/a><div class=\"uagb-ifb-content\"><div class=\"uagb-ifb-image-content\"><img decoding=\"async\" src=\"https:\/\/www.szentimrekorhaz.hu\/wp-content\/uploads\/2026\/04\/6-150x150.png\" alt=\"Hasi f\u00e1jdalom\" width=\"\" height=\"0\" loading=\"lazy\"><\/div><div class=\"uagb-ifb-title-wrap\"><\/div><div class=\"uagb-ifb-button-wrapper wp-block-button\"><\/div><\/div><\/div>\n<\/div>\n\n\n\n<div class=\"wp-block-uagb-container uagb-block-ec2f261d\">\n<div class=\"wp-block-uagb-info-box uagb-block-73bde2fe uagb-infobox__content-wrap  uagb-infobox_cta-type-all uagb-infobox-icon-above-title uagb-infobox-image-valign-top\"><a href=\"https:\/\/www.szentimrekorhaz.hu\/index.php\/hanyinger-es-hanyas\/\" class=\"uagb-infobox-link-wrap uagb-infbox__link-to-all\" target=\"_self\" aria-label=\"Infobox Link\" rel=\"noopener noreferrer\" onclick=\"return true;\"><\/a><div class=\"uagb-ifb-content\"><div class=\"uagb-ifb-image-content\"><img decoding=\"async\" src=\"https:\/\/www.szentimrekorhaz.hu\/wp-content\/uploads\/2026\/04\/4-150x150.png\" alt=\"H\u00e1nyinger, h\u00e1ny\u00e1s\" width=\"\" height=\"0\" loading=\"lazy\"><\/div><div class=\"uagb-ifb-title-wrap\"><\/div><div class=\"uagb-ifb-button-wrapper wp-block-button\"><\/div><\/div><\/div>\n<\/div>\n<\/div><\/div>\n\n\n\n<div class=\"wp-block-uagb-container uagb-block-42c59e96 alignfull uagb-is-root-container\"><div class=\"uagb-container-inner-blocks-wrap\">\n<div class=\"wp-block-uagb-container uagb-block-ce65ee62\">\n<div class=\"wp-block-uagb-info-box uagb-block-854978a4 uagb-infobox__content-wrap  uagb-infobox_cta-type-all uagb-infobox-icon-above-title uagb-infobox-image-valign-top\"><a href=\"https:\/\/www.szentimrekorhaz.hu\/index.php\/hugyuti-fertozes\/\" class=\"uagb-infobox-link-wrap uagb-infbox__link-to-all\" target=\"_self\" aria-label=\"Infobox Link\" rel=\"noopener noreferrer\" onclick=\"return true;\"><\/a><div class=\"uagb-ifb-content\"><div class=\"uagb-ifb-image-content\"><img decoding=\"async\" src=\"https:\/\/www.szentimrekorhaz.hu\/wp-content\/uploads\/2026\/04\/7-150x150.png\" alt=\"H\u00fagy\u00fati fert\u0151z\u00e9s\" width=\"\" height=\"0\" loading=\"lazy\"><\/div><div class=\"uagb-ifb-title-wrap\"><\/div><div class=\"uagb-ifb-button-wrapper wp-block-button\"><\/div><\/div><\/div>\n<\/div>\n\n\n\n<div class=\"wp-block-uagb-container uagb-block-0905fbd5\">\n<div class=\"wp-block-uagb-info-box uagb-block-0bcc324f uagb-infobox__content-wrap  uagb-infobox_cta-type-all uagb-infobox-icon-above-title uagb-infobox-image-valign-top\"><a href=\"https:\/\/www.szentimrekorhaz.hu\/index.php\/magas-vernyomas\/\" class=\"uagb-infobox-link-wrap uagb-infbox__link-to-all\" target=\"_self\" aria-label=\"Infobox Link\" rel=\"noopener noreferrer\" onclick=\"return true;\"><\/a><div class=\"uagb-ifb-content\"><div class=\"uagb-ifb-image-content\"><img decoding=\"async\" src=\"https:\/\/www.szentimrekorhaz.hu\/wp-content\/uploads\/2026\/04\/9-150x150.png\" alt=\"Magas v\u00e9rnyom\u00e1s\" width=\"\" height=\"0\" loading=\"lazy\"><\/div><div class=\"uagb-ifb-title-wrap\"><\/div><div class=\"uagb-ifb-button-wrapper wp-block-button\"><\/div><\/div><\/div>\n<\/div>\n\n\n\n<div class=\"wp-block-uagb-container uagb-block-da0bccb8\">\n<div class=\"wp-block-uagb-info-box uagb-block-931a5f95 uagb-infobox__content-wrap  uagb-infobox_cta-type-all uagb-infobox-icon-above-title uagb-infobox-image-valign-top\"><a href=\"https:\/\/www.szentimrekorhaz.hu\/index.php\/mellkasi-fajdalom\/\" class=\"uagb-infobox-link-wrap uagb-infbox__link-to-all\" target=\"_self\" aria-label=\"Infobox Link\" rel=\"noopener noreferrer\" onclick=\"return true;\"><\/a><div class=\"uagb-ifb-content\"><div class=\"uagb-ifb-image-content\"><img decoding=\"async\" src=\"https:\/\/www.szentimrekorhaz.hu\/wp-content\/uploads\/2026\/04\/8-150x150.png\" alt=\"Mellkasi f\u00e9jdalom\" width=\"\" height=\"0\" loading=\"lazy\"><\/div><div class=\"uagb-ifb-title-wrap\"><\/div><div class=\"uagb-ifb-button-wrapper wp-block-button\"><\/div><\/div><\/div>\n<\/div>\n\n\n\n<div class=\"wp-block-uagb-container uagb-block-99692d2a\">\n<div class=\"wp-block-uagb-info-box uagb-block-b51a28ef uagb-infobox__content-wrap  uagb-infobox_cta-type-all uagb-infobox-icon-above-title uagb-infobox-image-valign-top\"><a href=\"https:\/\/www.szentimrekorhaz.hu\/index.php\/pitvarfibrillacio-szivritmuszavar\/\" class=\"uagb-infobox-link-wrap uagb-infbox__link-to-all\" target=\"_self\" aria-label=\"Infobox Link\" rel=\"noopener noreferrer\" onclick=\"return true;\"><\/a><div class=\"uagb-ifb-content\"><div class=\"uagb-ifb-image-content\"><img decoding=\"async\" src=\"https:\/\/www.szentimrekorhaz.hu\/wp-content\/uploads\/2026\/05\/Pitvarfibrillacio-150x150.png\" alt=\"\" width=\"\" height=\"0\" loading=\"lazy\"><\/div><div class=\"uagb-ifb-title-wrap\"><\/div><div class=\"uagb-ifb-button-wrapper wp-block-button\"><\/div><\/div><\/div>\n<\/div>\n\n\n\n<div class=\"wp-block-uagb-container uagb-block-b1799040\">\n<div class=\"wp-block-uagb-info-box uagb-block-169721bb uagb-infobox__content-wrap  uagb-infobox_cta-type-all uagb-infobox-icon-above-title uagb-infobox-image-valign-top\"><a href=\"https:\/\/www.szentimrekorhaz.hu\/index.php\/syncope-es-collapsus-ajulas\/\" class=\"uagb-infobox-link-wrap uagb-infbox__link-to-all\" target=\"_self\" aria-label=\"Infobox Link\" rel=\"noopener noreferrer\" onclick=\"return true;\"><\/a><div class=\"uagb-ifb-content\"><div class=\"uagb-ifb-image-content\"><img decoding=\"async\" src=\"https:\/\/www.szentimrekorhaz.hu\/wp-content\/uploads\/2026\/04\/11-150x150.png\" alt=\"Syncope \u00e9s collapsus (\u00e1jul\u00e1s)\" width=\"\" height=\"0\" loading=\"lazy\"><\/div><div class=\"uagb-ifb-title-wrap\"><\/div><div class=\"uagb-ifb-button-wrapper wp-block-button\"><\/div><\/div><\/div>\n<\/div>\n\n\n\n<div class=\"wp-block-uagb-container uagb-block-367db296\">\n<div class=\"wp-block-uagb-info-box uagb-block-5159829b uagb-infobox__content-wrap  uagb-infobox_cta-type-all uagb-infobox-icon-above-title uagb-infobox-image-valign-top\"><a href=\"https:\/\/www.szentimrekorhaz.hu\/index.php\/szedulekenyseg-szedules\/\" class=\"uagb-infobox-link-wrap uagb-infbox__link-to-all\" target=\"_self\" aria-label=\"Infobox Link\" rel=\"noopener noreferrer\" onclick=\"return true;\"><\/a><div class=\"uagb-ifb-content\"><div class=\"uagb-ifb-image-content\"><img decoding=\"async\" src=\"https:\/\/www.szentimrekorhaz.hu\/wp-content\/uploads\/2026\/04\/13-150x150.png\" alt=\"Sz\u00e9d\u00fcl\u00e9kenys\u00e9g, sz\u00e9d\u00fcl\u00e9s\" width=\"\" height=\"0\" loading=\"lazy\"><\/div><div class=\"uagb-ifb-title-wrap\"><\/div><div class=\"uagb-ifb-button-wrapper wp-block-button\"><\/div><\/div><\/div>\n<\/div>\n<\/div><\/div>\n\n\n\n<div class=\"wp-block-uagb-container uagb-block-bfed18a1 alignfull uagb-is-root-container\"><div class=\"uagb-container-inner-blocks-wrap\">\n<div class=\"wp-block-uagb-container uagb-block-0498ac70\">\n<div class=\"wp-block-uagb-info-box uagb-block-14dae71e uagb-infobox__content-wrap  uagb-infobox_cta-type-all uagb-infobox-icon-above-title uagb-infobox-image-valign-top\"><a href=\"https:\/\/www.szentimrekorhaz.hu\/index.php\/tudogyulladas-pneumonia\/\" class=\"uagb-infobox-link-wrap uagb-infbox__link-to-all\" target=\"_self\" aria-label=\"Infobox Link\" rel=\"noopener noreferrer\" onclick=\"return true;\"><\/a><div class=\"uagb-ifb-content\"><div class=\"uagb-ifb-image-content\"><img decoding=\"async\" src=\"https:\/\/www.szentimrekorhaz.hu\/wp-content\/uploads\/2026\/04\/12-150x150.png\" alt=\"T\u00fcd\u0151gyullad\u00e1s\" width=\"\" height=\"0\" loading=\"lazy\"><\/div><div class=\"uagb-ifb-title-wrap\"><\/div><div class=\"uagb-ifb-button-wrapper wp-block-button\"><\/div><\/div><\/div>\n<\/div>\n\n\n\n<div class=\"wp-block-uagb-container uagb-block-36138bb6\">\n<div class=\"wp-block-uagb-info-box uagb-block-e24525d3 uagb-infobox__content-wrap  uagb-infobox_cta-type-all uagb-infobox-icon-above-title uagb-infobox-image-valign-top\"><a href=\"https:\/\/www.szentimrekorhaz.hu\/index.php\/vegtagfajdalom\/\" class=\"uagb-infobox-link-wrap uagb-infbox__link-to-all\" target=\"_self\" aria-label=\"Infobox Link\" rel=\"noopener noreferrer\" onclick=\"return true;\"><\/a><div class=\"uagb-ifb-content\"><div class=\"uagb-ifb-image-content\"><img decoding=\"async\" src=\"https:\/\/www.szentimrekorhaz.hu\/wp-content\/uploads\/2026\/04\/14-150x150.png\" alt=\"V\u00e9gtagf\u00e1jdalom\" width=\"\" height=\"0\" loading=\"lazy\"><\/div><div class=\"uagb-ifb-title-wrap\"><\/div><div class=\"uagb-ifb-button-wrapper wp-block-button\"><\/div><\/div><\/div>\n<\/div>\n\n\n\n<div class=\"wp-block-uagb-container uagb-block-524ca090\">\n<div class=\"wp-block-uagb-info-box uagb-block-c9b421e9 uagb-infobox__content-wrap  uagb-infobox_cta-type-all uagb-infobox-icon-above-title uagb-infobox-image-valign-top\"><a href=\"https:\/\/www.szentimrekorhaz.hu\/index.php\/verszekeles\/\" class=\"uagb-infobox-link-wrap uagb-infbox__link-to-all\" target=\"_self\" aria-label=\"Infobox Link\" rel=\"noopener noreferrer\" onclick=\"return true;\"><\/a><div class=\"uagb-ifb-content\"><div class=\"uagb-ifb-image-content\"><img decoding=\"async\" src=\"https:\/\/www.szentimrekorhaz.hu\/wp-content\/uploads\/2026\/04\/15-150x150.png\" alt=\"V\u00e9rsz\u00e9kel\u00e9s\" width=\"\" height=\"0\" loading=\"lazy\"><\/div><div class=\"uagb-ifb-title-wrap\"><\/div><div class=\"uagb-ifb-button-wrapper wp-block-button\"><\/div><\/div><\/div>\n<\/div>\n\n\n\n<div class=\"wp-block-uagb-container uagb-block-d29fbbaa\"><\/div>\n\n\n\n<div class=\"wp-block-uagb-container uagb-block-49d62a6e\"><\/div>\n\n\n\n<div class=\"wp-block-uagb-container uagb-block-3130070b\"><\/div>\n<\/div><\/div>\n\n\n\n\t<div class=\"dkpdf-button-container\" style=\"            text-align:right \">\n\n\t\t<a class=\"dkpdf-button\" href=\"\/index.php\/wp-json\/wp\/v2\/pages\/4199?pdf=4199\" target=\"_blank\"><span class=\"dkpdf-button-icon\"><i class=\"fa fa-file-pdf-o\"><\/i><\/span> Let\u00f6lt\u00e9s<\/a>\n\n\t<\/div>\n\n\n\n\n\n<!-- PMB print buttons is only displayed on a single post\/page URLs-->","protected":false},"excerpt":{"rendered":"<p>Kedves Beteg\u00fcnk! \u00d6r\u00fcl\u00fcnk, hogy S\u00fcrg\u0151ss\u00e9gi Betegell\u00e1t\u00f3 Oszt\u00e1lyunk kiz\u00e1rta az azonnali ell\u00e1t\u00e1st ig\u00e9nyl\u0151 probl\u00e9m\u00e1kat!Azonban otthon\u00e1ban sem hagyjuk mag\u00e1ra! K\u00e9rj\u00fck, k\u00f6vesse a k\u00f3rh\u00e1zb\u00f3l val\u00f3 hazabocs\u00e1t\u00e1sakor kapott utas\u00edt\u00e1sokat&hellip;<\/p>\n","protected":false},"author":31,"featured_media":0,"parent":0,"menu_order":0,"comment_status":"closed","ping_status":"closed","template":"","meta":{"_acf_changed":false,"_uag_custom_page_level_css":"","footnotes":""},"categories":[],"tags":[159,169,170,148,149,150,167,162,156,147,161,164,168,165],"class_list":["post-4199","page","type-page","status-publish","hentry","tag-ajulas","tag-anaemia","tag-dyspnoe","tag-hasi-fajdalom","tag-hugyuti-fertozes","tag-mellkasi-fajdalom","tag-otthoni-tamogatas","tag-pneumonia","tag-ritmuszavar","tag-szedules","tag-tudogyulladas","tag-vegtagfajdalom","tag-verszegenyseg","tag-verszekeles"],"acf":[],"uagb_featured_image_src":{"full":false,"thumbnail":false,"medium":false,"medium_large":false,"large":false,"1536x1536":false,"2048x2048":false,"410x410":false},"uagb_author_info":{"display_name":"draviczkiakos","author_link":"https:\/\/www.szentimrekorhaz.hu\/index.php\/author\/draviczkiakos\/"},"uagb_comment_info":0,"uagb_excerpt":"Kedves Beteg\u00fcnk! \u00d6r\u00fcl\u00fcnk, hogy S\u00fcrg\u0151ss\u00e9gi Betegell\u00e1t\u00f3 Oszt\u00e1lyunk kiz\u00e1rta az azonnali ell\u00e1t\u00e1st ig\u00e9nyl\u0151 probl\u00e9m\u00e1kat!Azonban otthon\u00e1ban sem hagyjuk mag\u00e1ra! K\u00e9rj\u00fck, k\u00f6vesse a k\u00f3rh\u00e1zb\u00f3l val\u00f3 hazabocs\u00e1t\u00e1sakor kapott utas\u00edt\u00e1sokat&hellip;","post_type":"page","author_name":"draviczkiakos","_links":{"self":[{"href":"https:\/\/www.szentimrekorhaz.hu\/index.php\/wp-json\/wp\/v2\/pages\/4199","targetHints":{"allow":["GET"]}}],"collection":[{"href":"https:\/\/www.szentimrekorhaz.hu\/index.php\/wp-json\/wp\/v2\/pages"}],"about":[{"href":"https:\/\/www.szentimrekorhaz.hu\/index.php\/wp-json\/wp\/v2\/types\/page"}],"author":[{"embeddable":true,"href":"https:\/\/www.szentimrekorhaz.hu\/index.php\/wp-json\/wp\/v2\/users\/31"}],"replies":[{"embeddable":true,"href":"https:\/\/www.szentimrekorhaz.hu\/index.php\/wp-json\/wp\/v2\/comments?post=4199"}],"version-history":[{"count":8,"href":"https:\/\/www.szentimrekorhaz.hu\/index.php\/wp-json\/wp\/v2\/pages\/4199\/revisions"}],"predecessor-version":[{"id":4273,"href":"https:\/\/www.szentimrekorhaz.hu\/index.php\/wp-json\/wp\/v2\/pages\/4199\/revisions\/4273"}],"wp:attachment":[{"href":"https:\/\/www.szentimrekorhaz.hu\/index.php\/wp-json\/wp\/v2\/media?parent=4199"}],"wp:term":[{"taxonomy":"category","embeddable":true,"href":"https:\/\/www.szentimrekorhaz.hu\/index.php\/wp-json\/wp\/v2\/categories?post=4199"},{"taxonomy":"post_tag","embeddable":true,"href":"https:\/\/www.szentimrekorhaz.hu\/index.php\/wp-json\/wp\/v2\/tags?post=4199"}],"curies":[{"name":"wp","href":"https:\/\/api.w.org\/{rel}","templated":true}]}}