{"id":432,"date":"2017-07-12T13:39:14","date_gmt":"2017-07-12T11:39:14","guid":{"rendered":"http:\/\/localhost\/index.php\/01zzervezetiszemelyzetiadatok\/"},"modified":"2025-10-28T15:42:27","modified_gmt":"2025-10-28T14:42:27","slug":"01zzervezetiszemelyzetiadatok-2","status":"publish","type":"page","link":"https:\/\/www.szentimrekorhaz.hu\/index.php\/01zzervezetiszemelyzetiadatok-2\/","title":{"rendered":"Szervezeti, szem\u00e9lyzeti adatok"},"content":{"rendered":"<table style=\"width: 734px;\" border=\"0\" width=\"666\" cellspacing=\"5\" cellpadding=\"5\">\n<tbody>\n<tr class=\"alt\">\n<td style=\"width: 6px; text-align: center;\">1.<\/td>\n<td style=\"width: 517px;\">A k\u00f6zfeladatot ell\u00e1t\u00f3 szerv hivatalos neve, sz\u00e9khelye, postai c\u00edme, telefon- \u00e9s telefaxsz\u00e1ma, elektronikus lev\u00e9lc\u00edme, honlapja, \u00fcgyf\u00e9lszolg\u00e1lat\u00e1nak el\u00e9rhet\u0151s\u00e9gei<\/td>\n<td style=\"width: 260px; text-align: center;\"><a title=\"El\u00e9rhet\u0151s\u00e9geink\" href=\"\/?page_id=53\">El\u00e9rhet\u0151s\u00e9gek<\/a><\/td>\n<\/tr>\n<tr>\n<td style=\"width: 6px; text-align: center;\">2.<\/td>\n<td style=\"width: 517px;\">A k\u00f6zfeladatot ell\u00e1t\u00f3 szerv szervezeti fel\u00e9p\u00edt\u00e9se szervezeti egys\u00e9gek megjel\u00f6l\u00e9s\u00e9vel, az egyes szervezeti egys\u00e9gek feladatai<\/td>\n<td style=\"width: 260px; text-align: center;\">\n<p><a href=\"https:\/\/www.szentimrekorhaz.hu\/wp-content\/uploads\/2025\/06\/Szervezeti-es-Mukodesi-Szabalyzat-1.-szamu-melleklet.pdf\">Szervezet Organogram (eredeti)<\/a><\/p>\n<p><a href=\"https:\/\/www.szentimrekorhaz.hu\/wp-content\/uploads\/2025\/08\/SZMSZ-1.sz_.-melleklet-2025.06.02.pdf\">Szervezeti Organogram (tartalmilag egyez\u0151, akad\u00e1lymentes v\u00e1ltozat)<\/a><\/p>\n<p><a href=\"https:\/\/www.szentimrekorhaz.hu\/wp-content\/uploads\/2025\/10\/Szervezeti-es-Mukodesi-Szabalyzat-SZMSZ.pdf\">Szervezeti \u00e9s m\u0171k\u00f6d\u00e9si szab\u00e1lyzat (eredeti)<\/a><\/p>\n<p><a href=\"https:\/\/www.szentimrekorhaz.hu\/wp-content\/uploads\/2025\/10\/Szervezeti-es-Mukodesi-Szabalyzat-SZMSZ.pdf\">Szervezeti \u00e9s m\u0171k\u00f6d\u00e9si szab\u00e1lyzat (tartalmilag egyez\u0151, akad\u00e1lymentes v\u00e1ltozat)<\/a><\/p>\n<\/td>\n<\/tr>\n<tr class=\"alt\">\n<td style=\"width: 6px; text-align: center;\">3.<\/td>\n<td style=\"width: 517px;\">A k\u00f6zfeladatot ell\u00e1t\u00f3 szerv vezet\u0151inek \u00e9s az egyes szervezeti egys\u00e9gek vezet\u0151inek neve, beoszt\u00e1sa, el\u00e9rhet\u0151s\u00e9ge (telefon- \u00e9s telefaxsz\u00e1ma, elektronikus lev\u00e9lc\u00edme)<\/td>\n<td style=\"width: 260px; text-align: center;\">\n<p><a title=\"Menedzsment\" href=\"\/index.php\/menedzsment\/\">Menedzsment<\/a><\/p>\n<p><a href=\"https:\/\/www.szentimrekorhaz.hu\/index.php\/szervezetiegysegekelerhetosegei-2\/\">Szervezeti egys\u00e9gek el\u00e9rhet\u0151s\u00e9gei<\/a><\/p>\n<\/td>\n<\/tr>\n<tr>\n<td style=\"width: 6px; text-align: center;\">4.<\/td>\n<td style=\"width: 517px;\">szervezeten bel\u00fcl illet\u00e9kes \u00fcgyf\u00e9lkapcsolati vezet\u0151 neve, el\u00e9rhet\u0151s\u00e9ge (telefon- \u00e9s telefaxsz\u00e1ma, elektronikus lev\u00e9lc\u00edme) \u00e9s az \u00fcgyf\u00e9lfogad\u00e1si rend<\/td>\n<td style=\"width: 260px; text-align: center;\">Int\u00e9zm\u00e9ny\u00fcnk vonatkoz\u00e1s\u00e1ban nem relev\u00e1ns<\/td>\n<\/tr>\n<tr class=\"alt\">\n<td style=\"width: 6px; text-align: center;\">5.<\/td>\n<td style=\"width: 517px;\">Test\u00fcleti szerv eset\u00e9n a test\u00fclet l\u00e9tsz\u00e1ma, \u00f6sszet\u00e9tele, tagjainak neve, beoszt\u00e1sa, el\u00e9rhet\u0151s\u00e9ge<\/td>\n<td style=\"width: 260px; text-align: center;\">Int\u00e9zm\u00e9ny\u00fcnk vonatkoz\u00e1s\u00e1ban nem relev\u00e1ns<\/td>\n<\/tr>\n<tr>\n<td style=\"width: 6px; text-align: center;\">6.<\/td>\n<td style=\"width: 517px;\">A k\u00f6zfeladatot ell\u00e1t\u00f3 szerv ir\u00e1ny\u00edt\u00e1sa, fel\u00fcgyelete vagy ellen\u0151rz\u00e9se alatt \u00e1ll\u00f3, vagy al\u00e1rendelts\u00e9g\u00e9ben m\u0171k\u00f6d\u0151 m\u00e1s k\u00f6zfeladatot ell\u00e1t\u00f3 szervek megnevez\u00e9se, \u00e9s 1. pontban meghat\u00e1rozott adatai<\/td>\n<td style=\"width: 260px; text-align: center;\">Int\u00e9zm\u00e9ny\u00fcnk vonatkoz\u00e1s\u00e1ban nem relev\u00e1ns<\/td>\n<\/tr>\n<tr class=\"alt\">\n<td style=\"width: 6px; text-align: center;\">7.<\/td>\n<td style=\"width: 517px;\">A k\u00f6zfeladatot ell\u00e1t\u00f3 szerv t\u00f6bbs\u00e9gi tulajdon\u00e1ban \u00e1ll\u00f3, illetve r\u00e9szv\u00e9tel\u00e9vel m\u0171k\u00f6d\u0151 gazd\u00e1lkod\u00f3 szervezet neve, sz\u00e9khelye, el\u00e9rhet\u0151s\u00e9ge (postai c\u00edme, telefon- \u00e9s telefaxsz\u00e1ma, elektronikus lev\u00e9lc\u00edme), tev\u00e9kenys\u00e9gi k\u00f6re, k\u00e9pvisel\u0151j\u00e9nek neve, a k\u00f6zfeladatot ell\u00e1t\u00f3 szerv r\u00e9szesed\u00e9s\u00e9nek m\u00e9rt\u00e9ke<\/td>\n<td style=\"width: 260px; text-align: center;\">Int\u00e9zm\u00e9ny\u00fcnk vonatkoz\u00e1s\u00e1ban nem relev\u00e1ns<\/td>\n<\/tr>\n<tr>\n<td style=\"width: 6px; text-align: center;\">8.<\/td>\n<td style=\"width: 517px;\">A k\u00f6zfeladatot ell\u00e1t\u00f3 szerv \u00e1ltal alap\u00edtott k\u00f6zalap\u00edtv\u00e1nyok neve, sz\u00e9khelye, el\u00e9rhet\u0151s\u00e9ge (postai c\u00edme, telefon- \u00e9s telefaxsz\u00e1ma, elektronikus lev\u00e9lc\u00edme), alap\u00edt\u00f3 okirata, kezel\u0151 szerv\u00e9nek tagjai<\/td>\n<td style=\"width: 260px; text-align: center;\">\n<p><a href=\"https:\/\/www.szentimrekorhaz.hu\/wp-content\/uploads\/2025\/06\/SZENT-IMRE-KORHAZ-FEJLESZTESI-ALAPITVANY.pdf\">Alap\u00edtv\u00e1ny el\u00e9rhet\u0151s\u00e9gek<\/a><\/p>\n<p><a href=\"https:\/\/www.szentimrekorhaz.hu\/wp-content\/uploads\/2025\/06\/Szent-Imre-Korhaz-Fejlesztesi-Alapitvany-alapito-okirat.pdf\">Alap\u00edt\u00f3 okirat\u00a0<\/a><\/p>\n<\/td>\n<\/tr>\n<tr class=\"alt\">\n<td style=\"width: 6px; text-align: center;\">9.<\/td>\n<td style=\"width: 517px;\">A k\u00f6zfeladatot ell\u00e1t\u00f3 szerv \u00e1ltal alap\u00edtott k\u00f6lts\u00e9gvet\u00e9si szerv neve, sz\u00e9khelye, a k\u00f6lts\u00e9gvet\u00e9si szervet alap\u00edt\u00f3 jogszab\u00e1ly megjel\u00f6l\u00e9se, illetve az azt alap\u00edt\u00f3 hat\u00e1rozat, a k\u00f6lts\u00e9gvet\u00e9si szerv alap\u00edt\u00f3 okirata, vezet\u0151je, honlapj\u00e1nak el\u00e9rhet\u0151s\u00e9ge, m\u0171k\u00f6d\u00e9si enged\u00e9lye<\/td>\n<td style=\"width: 260px; text-align: center;\">Int\u00e9zm\u00e9ny\u00fcnk vonatkoz\u00e1s\u00e1ban nem relev\u00e1ns<\/td>\n<\/tr>\n<tr>\n<td style=\"width: 6px; text-align: center;\">10.<\/td>\n<td style=\"width: 517px;\">A k\u00f6zfeladatot ell\u00e1t\u00f3 szerv \u00e1ltal alap\u00edtott lapok neve, a szerkeszt\u0151s\u00e9g \u00e9s kiad\u00f3 neve \u00e9s c\u00edme, valamint a f\u0151szerkeszt\u0151 neve<\/td>\n<td style=\"width: 260px;\">\n<p style=\"text-align: center;\">Int\u00e9zm\u00e9ny\u00fcnk vonatkoz\u00e1s\u00e1ban nem relev\u00e1ns<\/p>\n<\/td>\n<\/tr>\n<tr class=\"alt\">\n<td style=\"width: 6px; text-align: center;\">11.<\/td>\n<td style=\"width: 517px;\">A k\u00f6zfeladatot ell\u00e1t\u00f3 szerv felettes, illetve fel\u00fcgyeleti szerv\u00e9nek, hat\u00f3s\u00e1gi d\u00f6nt\u00e9sei tekintet\u00e9ben a fellebbez\u00e9s elb\u00edr\u00e1l\u00e1s\u00e1ra jogosult szervnek, ennek hi\u00e1ny\u00e1ban a k\u00f6zfeladatot ell\u00e1t\u00f3 szerv felett t\u00f6rv\u00e9nyess\u00e9gi ellen\u0151rz\u00e9st gyakorl\u00f3 szervnek az 1. pontban meghat\u00e1rozott adatai<\/td>\n<td style=\"width: 260px; text-align: center;\"><a href=\"\/wp-content\/uploads\/2017\/07\/alapito.pdf\" target=\"_blank\" rel=\"noopener\">Alap\u00edt\u00f3 okirat<\/a><\/td>\n<\/tr>\n<\/tbody>\n<\/table>\n\n\n<div data-wp-interactive=\"core\/file\" class=\"wp-block-file\"><object data-wp-bind--hidden=\"!state.hasPdfPreview\" hidden class=\"wp-block-file__embed\" data=\"https:\/\/www.szentimrekorhaz.hu\/wp-content\/uploads\/2025\/06\/Szent-Imre-Korhaz-Fejlesztesi-Alapitvany-alapito-okirat.pdf\" type=\"application\/pdf\" style=\"width:100%;height:600px\" aria-label=\"Szent Imre K\u00f3rh\u00e1z Fejleszt\u00e9si Alap\u00edtv\u00e1ny alap\u00edt\u00f3 okirat be\u00e1gyaz\u00e1sa\"><\/object><a id=\"wp-block-file--media-0efcb4e8-027a-44dd-bb1a-0a1327c7ace2\" href=\"https:\/\/www.szentimrekorhaz.hu\/wp-content\/uploads\/2025\/06\/Szent-Imre-Korhaz-Fejlesztesi-Alapitvany-alapito-okirat.pdf\">Szent Imre K\u00f3rh\u00e1z Fejleszt\u00e9si Alap\u00edtv\u00e1ny alap\u00edt\u00f3 okirat<\/a><a href=\"https:\/\/www.szentimrekorhaz.hu\/wp-content\/uploads\/2025\/06\/Szent-Imre-Korhaz-Fejlesztesi-Alapitvany-alapito-okirat.pdf\" class=\"wp-block-file__button wp-element-button\" download aria-describedby=\"wp-block-file--media-0efcb4e8-027a-44dd-bb1a-0a1327c7ace2\">Let\u00f6lt\u00e9s<\/a><\/div>\n\n\n\n\t<div class=\"dkpdf-button-container\" style=\"            text-align:right \">\n\n\t\t<a class=\"dkpdf-button\" href=\"\/index.php\/wp-json\/wp\/v2\/pages\/432?pdf=432\" target=\"_blank\"><span class=\"dkpdf-button-icon\"><i class=\"fa fa-file-pdf-o\"><\/i><\/span> Let\u00f6lt\u00e9s<\/a>\n\n\t<\/div>\n\n\n\n\n\n<!-- PMB print buttons is only displayed on a single post\/page URLs-->","protected":false},"excerpt":{"rendered":"<p>1. A k\u00f6zfeladatot ell\u00e1t\u00f3 szerv hivatalos neve, sz\u00e9khelye, postai c\u00edme, telefon- \u00e9s telefaxsz\u00e1ma, elektronikus lev\u00e9lc\u00edme, honlapja, \u00fcgyf\u00e9lszolg\u00e1lat\u00e1nak el\u00e9rhet\u0151s\u00e9gei El\u00e9rhet\u0151s\u00e9gek 2. A k\u00f6zfeladatot ell\u00e1t\u00f3 szerv szervezeti&hellip;<\/p>\n","protected":false},"author":2,"featured_media":0,"parent":0,"menu_order":6,"comment_status":"closed","ping_status":"closed","template":"","meta":{"_acf_changed":false,"_uag_custom_page_level_css":"","footnotes":""},"categories":[],"tags":[],"class_list":["post-432","page","type-page","status-publish","hentry"],"acf":[],"uagb_featured_image_src":{"full":false,"thumbnail":false,"medium":false,"medium_large":false,"large":false,"1536x1536":false,"2048x2048":false,"410x410":false},"uagb_author_info":{"display_name":"Bal\u00f3 \u00c1d\u00e1m","author_link":"https:\/\/www.szentimrekorhaz.hu\/index.php\/author\/balo\/"},"uagb_comment_info":0,"uagb_excerpt":"1. A k\u00f6zfeladatot ell\u00e1t\u00f3 szerv hivatalos neve, sz\u00e9khelye, postai c\u00edme, telefon- \u00e9s telefaxsz\u00e1ma, elektronikus lev\u00e9lc\u00edme, honlapja, \u00fcgyf\u00e9lszolg\u00e1lat\u00e1nak el\u00e9rhet\u0151s\u00e9gei El\u00e9rhet\u0151s\u00e9gek 2. A k\u00f6zfeladatot ell\u00e1t\u00f3 szerv szervezeti&hellip;","post_type":"page","author_name":"Bal\u00f3 \u00c1d\u00e1m","_links":{"self":[{"href":"https:\/\/www.szentimrekorhaz.hu\/index.php\/wp-json\/wp\/v2\/pages\/432","targetHints":{"allow":["GET"]}}],"collection":[{"href":"https:\/\/www.szentimrekorhaz.hu\/index.php\/wp-json\/wp\/v2\/pages"}],"about":[{"href":"https:\/\/www.szentimrekorhaz.hu\/index.php\/wp-json\/wp\/v2\/types\/page"}],"author":[{"embeddable":true,"href":"https:\/\/www.szentimrekorhaz.hu\/index.php\/wp-json\/wp\/v2\/users\/2"}],"replies":[{"embeddable":true,"href":"https:\/\/www.szentimrekorhaz.hu\/index.php\/wp-json\/wp\/v2\/comments?post=432"}],"version-history":[{"count":10,"href":"https:\/\/www.szentimrekorhaz.hu\/index.php\/wp-json\/wp\/v2\/pages\/432\/revisions"}],"predecessor-version":[{"id":3126,"href":"https:\/\/www.szentimrekorhaz.hu\/index.php\/wp-json\/wp\/v2\/pages\/432\/revisions\/3126"}],"wp:attachment":[{"href":"https:\/\/www.szentimrekorhaz.hu\/index.php\/wp-json\/wp\/v2\/media?parent=432"}],"wp:term":[{"taxonomy":"category","embeddable":true,"href":"https:\/\/www.szentimrekorhaz.hu\/index.php\/wp-json\/wp\/v2\/categories?post=432"},{"taxonomy":"post_tag","embeddable":true,"href":"https:\/\/www.szentimrekorhaz.hu\/index.php\/wp-json\/wp\/v2\/tags?post=432"}],"curies":[{"name":"wp","href":"https:\/\/api.w.org\/{rel}","templated":true}]}}