{"id":438,"date":"2017-07-12T13:40:48","date_gmt":"2017-07-12T11:40:48","guid":{"rendered":"http:\/\/localhost\/index.php\/02tevekenysegremukodesrevonatkozoadatok\/"},"modified":"2025-10-28T15:44:23","modified_gmt":"2025-10-28T14:44:23","slug":"02tevekenysegremukodesrevonatkozoadatok-2","status":"publish","type":"page","link":"https:\/\/www.szentimrekorhaz.hu\/index.php\/02tevekenysegremukodesrevonatkozoadatok-2\/","title":{"rendered":"Tev\u00e9kenys\u00e9gre, m\u0171k\u00f6d\u00e9sre vonatkoz\u00f3 adatok"},"content":{"rendered":"<table style=\"width: 732px;\" border=\"0\" cellspacing=\"5\" cellpadding=\"5\">\n<tbody>\n<tr class=\"alt\">\n<td style=\"width: 11px; text-align: center;\">1.<\/td>\n<td style=\"width: 447px;\">k\u00f6zfeladatot ell\u00e1t\u00f3 szerv feladat\u00e1t, hat\u00e1sk\u00f6r\u00e9t \u00e9s alaptev\u00e9kenys\u00e9g\u00e9t meghat\u00e1roz\u00f3, a szervre vonatkoz\u00f3 alapvet\u0151 jogszab\u00e1lyok, k\u00f6zjogi szervezetszab\u00e1lyoz\u00f3 eszk\u00f6z\u00f6k, valamint a szervezeti \u00e9s m\u0171k\u00f6d\u00e9si szab\u00e1lyzat vagy \u00fcgyrend, az adatv\u00e9delmi \u00e9s adatbiztons\u00e1gi szab\u00e1lyzat hat\u00e1lyos \u00e9s teljes sz\u00f6vege<\/td>\n<td style=\"width: 256px; text-align: center;\"><a title=\"Adatv\u00e9delmi \u00e9s adatbiztons\u00e1gi szab\u00e1lyzat\" href=\"\/index.php\/adatkezelesiszabalyzat\/\">Adatv\u00e9delmi \u00e9s adatbiztons\u00e1gi szab\u00e1lyzat (eredeti)<\/a><a href=\"https:\/\/www.szentimrekorhaz.hu\/wp-content\/uploads\/2025\/08\/Adatvedelmi-es-adatbiztonsagi-szabalyzat-2025.pdf\">Adatv\u00e9delmi \u00e9s adatbiztons\u00e1gi szab\u00e1lyzat (tartalmilag egyez\u0151, akad\u00e1lymentes v\u00e1ltozat)<\/a><a href=\"https:\/\/www.szentimrekorhaz.hu\/wp-content\/uploads\/2025\/06\/DBC-SZIOK_Alapito_okirat_2025.06.24.pdf\">Alap\u00edt\u00f3 okirat<\/a><a href=\"https:\/\/www.szentimrekorhaz.hu\/wp-content\/uploads\/2025\/06\/DBC-SZIOK_Torzskonyvi_kivonat_2025.06.24.pdf\">T\u00f6rzsk\u00f6nyvi kivonat<\/a><a href=\"https:\/\/www.szentimrekorhaz.hu\/wp-content\/uploads\/2025\/10\/Szervezeti-es-Mukodesi-Szabalyzat-SZMSZ.pdf\">Szervezeti \u00e9s m\u0171k\u00f6d\u00e9si szab\u00e1lyzat<\/a><\/td>\n<\/tr>\n<tr>\n<td style=\"width: 11px; text-align: center;\">2.<\/td>\n<td style=\"width: 447px;\">Az orsz\u00e1gos illet\u00e9kess\u00e9g\u0171 szervek, valamint a f\u0151v\u00e1rosi \u00e9s megyei korm\u00e1nyhivatal eset\u00e9ben a k\u00f6zfeladatot ell\u00e1t\u00f3 szerv feladat\u00e1r\u00f3l, tev\u00e9kenys\u00e9g\u00e9r\u0151l sz\u00f3l\u00f3 t\u00e1j\u00e9koztat\u00f3 magyar \u00e9s angol nyelven<\/td>\n<td style=\"width: 256px; text-align: center;\">Int\u00e9zm\u00e9ny\u00fcnk vonatkoz\u00e1s\u00e1ban nem relev\u00e1ns<\/td>\n<\/tr>\n<tr class=\"alt\">\n<td style=\"width: 11px; text-align: center;\">3.<\/td>\n<td style=\"width: 447px;\">A helyi \u00f6nkorm\u00e1nyzat \u00f6nk\u00e9nt v\u00e1llalt feladatai<\/td>\n<td style=\"width: 256px; text-align: center;\">Int\u00e9zm\u00e9ny\u00fcnk vonatkoz\u00e1s\u00e1ban nem relev\u00e1ns<\/td>\n<\/tr>\n<tr>\n<td style=\"width: 11px; text-align: center;\">4.<\/td>\n<td style=\"width: 447px;\">\u00c1llamigazgat\u00e1si, \u00f6nkorm\u00e1nyzati, \u00e9s egy\u00e9b hat\u00f3s\u00e1gi \u00fcgyekben \u00fcgyfajt\u00e1nk\u00e9nt \u00e9s elj\u00e1r\u00e1st\u00edpusonk\u00e9nt a hat\u00e1sk\u00f6rrel rendelkez\u0151 szerv megnevez\u00e9se, hat\u00e1sk\u00f6r gyakorl\u00e1s\u00e1nak \u00e1truh\u00e1z\u00e1sa eset\u00e9n a t\u00e9nylegesen elj\u00e1r\u00f3 szerv megnevez\u00e9se, illet\u00e9kess\u00e9gi ter\u00fclete, az \u00fcgyint\u00e9z\u00e9shez sz\u00fcks\u00e9ges dokumentumok, okm\u00e1nyok, elj\u00e1r\u00e1si illet\u00e9kek (igazgat\u00e1si szolg\u00e1ltat\u00e1si d\u00edjak) meghat\u00e1roz\u00e1sa, alapvet\u0151 elj\u00e1r\u00e1si szab\u00e1lyok, az elj\u00e1r\u00e1st megind\u00edt\u00f3 irat beny\u00fajt\u00e1s\u00e1nak m\u00f3dja (helye, ideje), \u00fcgyf\u00e9lfogad\u00e1s ideje, az \u00fcgyint\u00e9z\u00e9s hat\u00e1rideje (elint\u00e9z\u00e9si, fellebbez\u00e9si hat\u00e1rid\u0151), az \u00fcgyek int\u00e9z\u00e9s\u00e9t seg\u00edt\u0151 \u00fatmutat\u00f3k, az \u00fcgymenetre vonatkoz\u00f3 t\u00e1j\u00e9koztat\u00e1s \u00e9s az \u00fcgyint\u00e9z\u00e9shez haszn\u00e1lt let\u00f6lthet\u0151 formanyomtatv\u00e1nyok, az ig\u00e9nybe vehet\u0151 elektronikus programok el\u00e9r\u00e9se, id\u0151pontfoglal\u00e1s, az \u00fcgyt\u00edpusokhoz kapcsol\u00f3d\u00f3 jogszab\u00e1lyok jegyz\u00e9ke, t\u00e1j\u00e9koztat\u00e1s az \u00fcgyfelet megillet\u0151 jogokr\u00f3l \u00e9s az \u00fcgyfelet terhel\u0151 k\u00f6telezetts\u00e9gekr\u0151l<\/td>\n<td style=\"width: 256px; text-align: center;\">Int\u00e9zm\u00e9ny\u00fcnk vonatkoz\u00e1s\u00e1ban nem relev\u00e1ns<\/td>\n<\/tr>\n<tr class=\"alt\">\n<td style=\"width: 11px; text-align: center;\">5.<\/td>\n<td style=\"width: 447px;\">A k\u00f6zfeladatot ell\u00e1t\u00f3 szerv \u00e1ltal ny\u00fajtott vagy k\u00f6lts\u00e9gvet\u00e9s\u00e9b\u0151l finansz\u00edrozott k\u00f6zszolg\u00e1ltat\u00e1sok megnevez\u00e9se, tartalma, a k\u00f6zszolg\u00e1ltat\u00e1sok ig\u00e9nybev\u00e9tel\u00e9nek rendje, a k\u00f6zszolg\u00e1ltat\u00e1s\u00e9rt fizetend\u0151 d\u00edj m\u00e9rt\u00e9ke, az abb\u00f3l adott kedvezm\u00e9nyek<\/td>\n<td style=\"width: 256px; text-align: center;\"><a href=\"http:\/\/www.szentimrekorhaz.hu\/images\/stories\/dokumentumok\/teritesi_dij_szabalyzat.pdf\" target=\"_blank\" rel=\"noopener\">T\u00e9r\u00edt\u00e9si d\u00edj szab\u00e1lyzat (eredeti)<\/a><a href=\"https:\/\/www.szentimrekorhaz.hu\/wp-content\/uploads\/2025\/08\/Teritesi_dij_szabalyzat_2025.pdf\">T\u00e9r\u00edt\u00e9si d\u00edj szab\u00e1lyzat (tartalmilag egyez\u0151, akad\u00e1lymentes v\u00e1ltozat)<\/a><\/td>\n<\/tr>\n<tr>\n<td style=\"width: 11px; text-align: center;\">6.<\/td>\n<td style=\"width: 447px;\">A k\u00f6zfeladatot ell\u00e1t\u00f3 szerv \u00e1ltal fenntartott adatb\u00e1zisok, illetve nyilv\u00e1ntart\u00e1sok le\u00edr\u00f3 adatai (n\u00e9v, form\u00e1tum, az adatkezel\u00e9s c\u00e9lja, jogalapja, id\u0151tartama, az \u00e9rintettek k\u00f6re, az adatok forr\u00e1sa, k\u00e9rd\u0151\u00edves adatfelv\u00e9tel eset\u00e9n a kit\u00f6ltend\u0151 k\u00e9rd\u0151\u00edv), az adatv\u00e9delmi nyilv\u00e1ntart\u00e1sba bejelentend\u0151 nyilv\u00e1ntart\u00e1soknak az e t\u00f6rv\u00e9ny szerinti azonos\u00edt\u00f3 adatai; a k\u00f6zfeladatot ell\u00e1t\u00f3 szerv \u00e1ltal \u2013 alaptev\u00e9kenys\u00e9ge keret\u00e9ben \u2013 gy\u0171jt\u00f6tt \u00e9s feldolgozott adatok fajt\u00e1i, a hozz\u00e1f\u00e9r\u00e9s m\u00f3dja, a m\u00e1solatk\u00e9sz\u00edt\u00e9s k\u00f6lts\u00e9gei<\/td>\n<td style=\"width: 256px; text-align: center;\"><a title=\"Adatv\u00e9delmi \u00e9s adatbiztons\u00e1gi szab\u00e1lyzat\" href=\"\/index.php\/adatkezelesiszabalyzat\/\">Adatv\u00e9delmi szab\u00e1lyzat<\/a><a href=\"https:\/\/www.szentimrekorhaz.hu\/wp-content\/uploads\/2025\/08\/Adatvedelmi-es-adatbiztonsagi-szabalyzat-2025-3.pdf\">(Adatv\u00e9delmi szab\u00e1lyzat -tartalmilag egyez\u0151 akad\u00e1lymentes v\u00e1ltozat)<\/a>\n<p><a href=\"\/wp-content\/uploads\/2017\/07\/fny_795_egeszsegugyi_dokumentacio_kikero_lap.pdf\">Eg\u00e9szs\u00e9g\u00fcgyi dokument\u00e1ci\u00f3 kik\u00e9r\u0151 lap<\/a><\/p><\/td>\n<\/tr>\n<tr class=\"alt\">\n<td style=\"width: 11px; text-align: center;\">7.<\/td>\n<td style=\"width: 447px;\">kiadv\u00e1nyainak c\u00edme, t\u00e9m\u00e1ja, a hozz\u00e1f\u00e9r\u00e9s m\u00f3dja, a kiadv\u00e1ny ingyeness\u00e9ge, illetve a k\u00f6lts\u00e9gt\u00e9r\u00edt\u00e9s m\u00e9rt\u00e9ke<\/td>\n<td style=\"width: 256px; text-align: center;\">Int\u00e9zm\u00e9ny\u00fcnk vonatkoz\u00e1s\u00e1ban nem relev\u00e1ns<\/td>\n<\/tr>\n<tr>\n<td style=\"width: 11px; text-align: center;\">8.<\/td>\n<td style=\"width: 447px;\">A test\u00fcleti szerv d\u00f6nt\u00e9sei el\u0151k\u00e9sz\u00edt\u00e9s\u00e9nek rendje, az \u00e1llampolg\u00e1ri k\u00f6zrem\u0171k\u00f6d\u00e9s (v\u00e9lem\u00e9nyez\u00e9s) m\u00f3dja, elj\u00e1r\u00e1si szab\u00e1lyai, a test\u00fcleti szerv \u00fcl\u00e9seinek helye, ideje, tov\u00e1bb\u00e1 nyilv\u00e1noss\u00e1ga, d\u00f6nt\u00e9sei, \u00fcl\u00e9s\u00e9nek jegyz\u0151k\u00f6nyvei, illetve \u00f6sszefoglal\u00f3i; a test\u00fcleti szerv szavaz\u00e1s\u00e1nak adatai, ha ezt jogszab\u00e1ly nem korl\u00e1tozza<\/td>\n<td style=\"width: 256px; text-align: center;\">Int\u00e9zm\u00e9ny\u00fcnk vonatkoz\u00e1s\u00e1ban nem relev\u00e1ns<\/td>\n<\/tr>\n<tr class=\"alt\">\n<td style=\"width: 11px; text-align: center;\">9.<\/td>\n<td style=\"width: 447px;\">.A t\u00f6rv\u00e9ny alapj\u00e1n k\u00f6zz\u00e9teend\u0151 jogszab\u00e1lytervezetek \u00e9s kapcsol\u00f3d\u00f3 dokumentumok; a helyi \u00f6nkorm\u00e1nyzat k\u00e9pvisel\u0151-test\u00fclet\u00e9nek nyilv\u00e1nos \u00fcl\u00e9s\u00e9re beny\u00fajtott el\u0151terjeszt\u00e9sek a beny\u00fajt\u00e1s id\u0151pontj\u00e1t\u00f3l<\/td>\n<td style=\"width: 256px; text-align: center;\">Int\u00e9zm\u00e9ny\u00fcnk vonatkoz\u00e1s\u00e1ban nem relev\u00e1ns<\/td>\n<\/tr>\n<tr>\n<td style=\"width: 11px; text-align: center;\">10.<\/td>\n<td style=\"width: 447px;\">A k\u00f6zfeladatot ell\u00e1t\u00f3 szerv \u00e1ltal k\u00f6zz\u00e9tett hirdetm\u00e9nyek, k\u00f6zlem\u00e9nyek<\/td>\n<td style=\"width: 256px; text-align: center;\"><a href=\"http:\/\/www.szentimrekorhaz.hu\/index.php\">H\u00edrek<\/a><\/td>\n<\/tr>\n<tr class=\"alt\">\n<td style=\"width: 11px; text-align: center;\">11.<\/td>\n<td style=\"width: 447px;\">A k\u00f6zfeladatot ell\u00e1t\u00f3 szerv \u00e1ltal ki\u00edrt p\u00e1ly\u00e1zatok szakmai le\u00edr\u00e1sa, azok eredm\u00e9nyei \u00e9s indokol\u00e1suk<\/td>\n<td style=\"width: 256px; text-align: center;\"><a href=\"https:\/\/www.szentimrekorhaz.hu\/index.php\/allaslehetosegek\/\" target=\"_self\">P\u00e1ly\u00e1zatok<\/a><\/td>\n<\/tr>\n<tr>\n<td style=\"width: 11px; text-align: center;\">12.<\/td>\n<td style=\"width: 447px;\">A k\u00f6zfeladatot ell\u00e1t\u00f3 szervn\u00e9l v\u00e9gzett alaptev\u00e9kenys\u00e9ggel kapcsolatos vizsg\u00e1latok, ellen\u0151rz\u00e9sek nyilv\u00e1nos meg\u00e1llap\u00edt\u00e1sai<\/td>\n<td style=\"width: 256px; text-align: center;\">nem relev\u00e1ns<\/td>\n<\/tr>\n<tr class=\"alt\">\n<td style=\"width: 11px; text-align: center;\">13.<\/td>\n<td style=\"width: 447px;\">A k\u00f6z\u00e9rdek\u0171 adatok megismer\u00e9s\u00e9re ir\u00e1nyul\u00f3 ig\u00e9nyek int\u00e9z\u00e9s\u00e9nek rendje, az illet\u00e9kes szervezeti egys\u00e9g neve, el\u00e9rhet\u0151s\u00e9ge, s ahol kijel\u00f6l\u00e9sre ker\u00fcl, az adatv\u00e9delmi felel\u0151s, vagy az inform\u00e1ci\u00f3s jogokkal foglalkoz\u00f3 szem\u00e9ly neve<\/td>\n<td style=\"width: 256px; text-align: center;\"><a href=\"\/wp-content\/uploads\/2017\/07\/kozerdeku_adatok_megismeresere_iranyulo_ii.pdf\" target=\"_blank\" rel=\"noopener\">Dokumentum (eredeti)<\/a><a href=\"https:\/\/www.szentimrekorhaz.hu\/wp-content\/uploads\/2025\/08\/Szabalyzat-a-kozerdeku-adatok-megismeresere.pdf\">Dokumentum (tartalmilag egyez\u0151, akad\u00e1lymentes v\u00e1ltozat)<\/a><\/td>\n<\/tr>\n<tr>\n<td style=\"width: 11px; text-align: center;\">14.<\/td>\n<td style=\"width: 447px;\">A k\u00f6zfeladatot ell\u00e1t\u00f3 szerv tev\u00e9kenys\u00e9g\u00e9re vonatkoz\u00f3, jogszab\u00e1lyon alapul\u00f3 statisztikai adatgy\u0171jt\u00e9s eredm\u00e9nyei, id\u0151beli v\u00e1ltoz\u00e1suk<\/td>\n<td style=\"width: 256px; text-align: center;\"><a href=\"\/wp-content\/uploads\/2017\/07\/jarobeteg_forgalom2022.pdf\">Esetsz\u00e1mok <\/a><a href=\"\/wp-content\/uploads\/2017\/07\/fekvobeteg_forgalom2022.pdf\">K\u00f3rh\u00e1zi betegforgalom<\/a><\/td>\n<\/tr>\n<tr class=\"alt\">\n<td style=\"width: 11px; text-align: center;\">15.<\/td>\n<td style=\"width: 447px;\">A k\u00f6z\u00e9rdek\u0171 adatokkal kapcsolatos k\u00f6telez\u0151 statisztikai adatszolg\u00e1ltat\u00e1s adott szervre vonatkoz\u00f3 adatai<\/td>\n<td style=\"width: 256px; text-align: center;\">nem relev\u00e1ns<\/td>\n<\/tr>\n<tr>\n<td style=\"width: 11px; text-align: center;\">16.<\/td>\n<td style=\"width: 447px;\">Azon k\u00f6z\u00e9rdek\u0171 adatok hasznos\u00edt\u00e1s\u00e1ra ir\u00e1nyul\u00f3 szerz\u0151d\u00e9sek list\u00e1ja, amelyekben a k\u00f6zfeladatot ell\u00e1t\u00f3 szerv az egyik szerz\u0151d\u0151 f\u00e9l<\/td>\n<td style=\"width: 256px; text-align: center;\">Az Inform\u00e1ci\u00f3s \u00f6nrendelkez\u00e9sr\u0151l \u00e9s inform\u00e1ci\u00f3szabads\u00e1gr\u00f3l sz\u00f3l\u00f3 2011. \u00e9vi CXII. t\u00f6rv\u00e9ny(Infotv.) 28. \u00a7- a szerinti k\u00f6z\u00e9rdek\u0171 adatig\u00e9nyl\u00e9s eset\u00e9n Int\u00e9zm\u00e9ny\u00fcnk\u00a0 az adatszolg\u00e1ltat\u00e1s teljes\u00edt\u00e9se sor\u00e1n az Infotv. vonatkoz\u00f3 rendelkez\u00e9seinek megfelel\u0151en j\u00e1r el.<\/td>\n<\/tr>\n<tr class=\"alt\">\n<td style=\"width: 11px; text-align: center;\">17.<\/td>\n<td style=\"width: 447px;\">A k\u00f6zfeladatot ell\u00e1t\u00f3 szerv kezel\u00e9s\u00e9ben l\u00e9v\u0151 k\u00f6z\u00e9rdek\u0171 adatok felhaszn\u00e1l\u00e1s\u00e1ra, hasznos\u00edt\u00e1s\u00e1ra vonatkoz\u00f3 \u00e1ltal\u00e1nos szerz\u0151d\u00e9si felt\u00e9telek<\/td>\n<td style=\"width: 256px; text-align: center;\"><a href=\"\/wp-content\/uploads\/2017\/07\/kozerdeku_adatok_megismeresere_iranyulo_ii.pdf\" target=\"_blank\" rel=\"noopener\">K\u00f6z\u00e9rdek\u0171 adatok nyilv\u00e1noss\u00e1g\u00e1ra hozatal\u00e1nak szab\u00e1lyzata (eredeti)<\/a><a href=\"https:\/\/www.szentimrekorhaz.hu\/wp-content\/uploads\/2025\/08\/Szabalyzat-a-kozerdeku-adatok-megismeresere.pdf\">K\u00f6z\u00e9rdek\u0171 adatok nyilv\u00e1noss\u00e1gra hozatal\u00e1nak szab\u00e1lyzata (tartalmilag egyez\u0151, akad\u00e1lymentes v\u00e1ltozat)<\/a><\/td>\n<\/tr>\n<tr>\n<td style=\"width: 11px; text-align: center;\">18.<\/td>\n<td style=\"width: 447px;\">A k\u00f6zfeladatot ell\u00e1t\u00f3 szervre vonatkoz\u00f3 k\u00fcl\u00f6n\u00f6s \u00e9s egyedi k\u00f6zz\u00e9t\u00e9teli lista<\/td>\n<td style=\"width: 256px; text-align: center;\"><a href=\"\/wp-content\/uploads\/2017\/07\/kozerdeku_adatok_megismeresere_iranyulo_ii.pdf\" target=\"_blank\" rel=\"noopener\">K\u00f6z\u00e9rdek\u0171 adatok nyilv\u00e1noss\u00e1g\u00e1ra hozatal\u00e1nak szab\u00e1lyzata (eredeti)<\/a><a href=\"https:\/\/www.szentimrekorhaz.hu\/wp-content\/uploads\/2025\/08\/Szabalyzat-a-kozerdeku-adatok-megismeresere.pdf\">K\u00f6z\u00e9rdek\u0171 adatok nyilv\u00e1noss\u00e1gra hozatal\u00e1nak szab\u00e1lyzata (tartalmilag egyez\u0151, akad\u00e1lymentes v\u00e1ltozat)<\/a><\/td>\n<\/tr>\n<tr class=\"alt\">\n<td style=\"width: 11px; text-align: center;\">19.<\/td>\n<td style=\"width: 447px;\">A k\u00f6zfeladatot ell\u00e1t\u00f3 szerv kezel\u00e9s\u00e9ben lev\u0151, a k\u00f6zadatok \u00fajrahasznos\u00edt\u00e1s\u00e1r\u00f3l sz\u00f3l\u00f3 t\u00f6rv\u00e9ny szerint \u00fajrahasznos\u00edt\u00e1s c\u00e9lj\u00e1ra el\u00e9rhet\u0151 kultur\u00e1lis k\u00f6zadatok list\u00e1ja a rendelkez\u00e9sre \u00e1ll\u00f3 form\u00e1tumok megjel\u00f6l\u00e9s\u00e9vel, valamint a k\u00f6zfeladatot ell\u00e1t\u00f3 szerv kezel\u00e9s\u00e9ben lev\u0151,a k\u00f6zadatok \u00fajrahasznos\u00edt\u00e1s\u00e1r\u00f3l sz\u00f3l\u00f3 t\u00f6rv\u00e9ny szerint \u00fajrahasznos\u00edthat\u00f3 k\u00f6zadat t\u00edpusokr\u00f3l val\u00f3 t\u00e1j\u00e9koztat\u00e1s, a rendelkez\u00e9sre \u00e1ll\u00f3 form\u00e1tumok megjel\u00f6l\u00e9s\u00e9vel<\/td>\n<td style=\"width: 256px; text-align: center;\">Int\u00e9zm\u00e9ny\u00fcnk vonatkoz\u00e1s\u00e1ban nem relev\u00e1ns<\/td>\n<\/tr>\n<tr>\n<td style=\"width: 11px; text-align: center;\">20.<\/td>\n<td style=\"width: 447px;\">A 19. sor szerinti k\u00f6zadatok \u00fajrahasznos\u00edt\u00e1s\u00e1ra vonatkoz\u00f3 \u00e1ltal\u00e1nos szerz\u0151d\u00e9si felt\u00e9telek elektronikusan szerkeszthet\u0151 v\u00e1ltozata<\/td>\n<td style=\"width: 256px; text-align: center;\">Int\u00e9zm\u00e9ny\u00fcnk vonatkoz\u00e1s\u00e1ban nem relev\u00e1ns<\/td>\n<\/tr>\n<tr class=\"alt\">\n<td style=\"width: 11px; text-align: center;\">21.<\/td>\n<td style=\"width: 447px;\">A 19. sor szerinti k\u00f6zadatok \u00fajrahasznos\u00edt\u00e1s c\u00e9lj\u00e1b\u00f3l t\u00f6rt\u00e9n\u0151 rendelkez\u00e9sre bocs\u00e1t\u00e1s\u00e9rt fizetend\u0151 d\u00edjak \u00e1ltal\u00e1nos jegyz\u00e9ke<\/td>\n<td style=\"width: 256px; text-align: center;\">Int\u00e9zm\u00e9ny\u00fcnk vonatkoz\u00e1s\u00e1ban nem relev\u00e1ns<\/td>\n<\/tr>\n<tr>\n<td style=\"width: 11px; text-align: center;\">22.<\/td>\n<td style=\"width: 447px;\">A k\u00f6zadatok \u00fajrahasznos\u00edt\u00e1s\u00e1r\u00f3l sz\u00f3l\u00f3 t\u00f6rv\u00e9ny szerinti jogorvoslati t\u00e1j\u00e9koztat\u00e1s<\/td>\n<td style=\"width: 256px; text-align: center;\">Int\u00e9zm\u00e9ny\u00fcnk vonatkoz\u00e1s\u00e1ban nem relev\u00e1ns<\/td>\n<\/tr>\n<tr class=\"alt\">\n<td style=\"width: 11px; text-align: center;\">23.<\/td>\n<td style=\"width: 447px;\">A k\u00f6zfeladatot ell\u00e1t\u00f3 szerv \u00e1ltal megk\u00f6t\u00f6tt, a k\u00f6zadatok \u00fajrahasznos\u00edt\u00e1s\u00e1r\u00f3l sz\u00f3l\u00f3 t\u00f6rv\u00e9ny szerint k\u00f6t\u00f6tt kiz\u00e1r\u00f3lagos jogot biztos\u00edt\u00f3 meg\u00e1llapod\u00e1sok szerz\u0151d\u0151 feleinek megjel\u00f6l\u00e9se, a kiz\u00e1r\u00f3lagoss\u00e1g id\u0151tartam\u00e1nak, t\u00e1rgy\u00e1nak, valamint a meg\u00e1llapod\u00e1s egy\u00e9b l\u00e9nyeges elemeinek megjel\u00f6l\u00e9se<\/td>\n<td style=\"width: 256px; text-align: center;\">Int\u00e9zm\u00e9ny\u00fcnk vonatkoz\u00e1s\u00e1ban nem relev\u00e1ns<\/td>\n<\/tr>\n<tr class=\"alt\">\n<td style=\"width: 11px; text-align: center;\">24.<\/td>\n<td style=\"width: 447px;\"><span id=\"page30R_mcid21\" class=\"markedContent\"><span dir=\"ltr\" style=\"left: calc(var(--scale-factor)*106.46px); top: calc(var(--scale-factor)*281.81px); font-size: calc(var(--scale-factor)*9.96px); font-family: sans-serif; transform: scaleX(0.923998);\" role=\"presentation\">A k\u00f6zfeladatot ell\u00e1t\u00f3 szerv \u00e1ltal k\u00f6t\u00f6tt, a <\/span><span dir=\"ltr\" style=\"left: calc(var(--scale-factor)*103.94px); top: calc(var(--scale-factor)*293.33px); font-size: calc(var(--scale-factor)*9.96px); font-family: sans-serif; transform: scaleX(0.901796);\" role=\"presentation\">k\u00f6zadatok \u00fajrahasznos\u00edt\u00e1s\u00e1r\u00f3l sz\u00f3l\u00f3 t\u00f6rv\u00e9ny <\/span><span dir=\"ltr\" style=\"left: calc(var(--scale-factor)*103.94px); top: calc(var(--scale-factor)*304.85px); font-size: calc(var(--scale-factor)*9.96px); font-family: sans-serif; transform: scaleX(0.903665);\" role=\"presentation\">szerint<\/span> <span dir=\"ltr\" style=\"left: calc(var(--scale-factor)*103.94px); top: calc(var(--scale-factor)*316.37px); font-size: calc(var(--scale-factor)*9.96px); font-family: sans-serif; transform: scaleX(0.917589);\" role=\"presentation\">a kultur\u00e1lis k\u00f6zadatok digitaliz\u00e1l\u00e1s\u00e1ra kiz\u00e1r\u00f3lagos<\/span> <span dir=\"ltr\" style=\"left: calc(var(--scale-factor)*103.94px); top: calc(var(--scale-factor)*327.77px); font-size: calc(var(--scale-factor)*9.96px); font-family: sans-serif; transform: scaleX(0.9545);\" role=\"presentation\">jogot<\/span> <span dir=\"ltr\" style=\"left: calc(var(--scale-factor)*127.10px); top: calc(var(--scale-factor)*327.77px); font-size: calc(var(--scale-factor)*9.96px); font-family: sans-serif; transform: scaleX(0.895144);\" role=\"presentation\">biztos\u00edt\u00f3 meg\u00e1llapod\u00e1sok sz\u00f6vege.<\/span><\/span><\/td>\n<td style=\"width: 256px; text-align: center;\">Int\u00e9zm\u00e9ny\u00fcnk vonatkoz\u00e1s\u00e1ban nem relev\u00e1ns<\/td>\n<\/tr>\n<tr class=\"alt\">\n<td style=\"width: 11px; text-align: center;\">25.<\/td>\n<td style=\"width: 447px;\"><span id=\"page30R_mcid26\" class=\"markedContent\"><span dir=\"ltr\" style=\"left: calc(var(--scale-factor)*106.46px); top: calc(var(--scale-factor)*339.77px); font-size: calc(var(--scale-factor)*9.96px); font-family: sans-serif; transform: scaleX(0.90776);\" role=\"presentation\">A k\u00f6zadatok \u00fajrahasznos\u00edt\u00e1s\u00e1r\u00f3l sz\u00f3l\u00f3 t\u00f6rv\u00e9ny <\/span><span dir=\"ltr\" style=\"left: calc(var(--scale-factor)*103.94px); top: calc(var(--scale-factor)*351.29px); font-size: calc(var(--scale-factor)*9.96px); font-family: sans-serif; transform: scaleX(0.924862);\" role=\"presentation\">szerinti azon jogszab\u00e1ly, k\u00f6zjogi<\/span><br role=\"presentation\"><br>\n<span dir=\"ltr\" style=\"left: calc(var(--scale-factor)*103.94px); top: calc(var(--scale-factor)*362.81px); font-size: calc(var(--scale-factor)*9.96px); font-family: sans-serif; transform: scaleX(0.890673);\" role=\"presentation\">szervezetszab\u00e1lyoz\u00f3 eszk\u00f6z, k\u00f6zszolg\u00e1ltat\u00e1si <\/span><span dir=\"ltr\" style=\"left: calc(var(--scale-factor)*103.94px); top: calc(var(--scale-factor)*374.33px); font-size: calc(var(--scale-factor)*9.96px); font-family: sans-serif; transform: scaleX(0.883095);\" role=\"presentation\">szerz\u0151d\u00e9s vagy m\u00e1s k\u00f6tele<\/span><span dir=\"ltr\" style=\"left: calc(var(--scale-factor)*210.17px); top: calc(var(--scale-factor)*374.33px); font-size: calc(var(--scale-factor)*9.96px); font-family: sans-serif; transform: scaleX(0.922076);\" role=\"presentation\">z\u0151 er\u0151vel b\u00edr\u00f3 <\/span><span dir=\"ltr\" style=\"left: calc(var(--scale-factor)*103.94px); top: calc(var(--scale-factor)*385.85px); font-size: calc(var(--scale-factor)*9.96px); font-family: sans-serif; transform: scaleX(0.891272);\" role=\"presentation\">dokumentum (vagy az annak el\u00e9rhet\u0151s\u00e9g\u00e9re<\/span> <span dir=\"ltr\" style=\"left: calc(var(--scale-factor)*103.94px); top: calc(var(--scale-factor)*397.37px); font-size: calc(var(--scale-factor)*9.96px); font-family: sans-serif; transform: scaleX(0.895338);\" role=\"presentation\">mutat\u00f3 hivatkoz\u00e1s), amely az \u00fajrahasznos\u00edt\u00e1s <\/span><span dir=\"ltr\" style=\"left: calc(var(--scale-factor)*103.94px); top: calc(var(--scale-factor)*408.79px); font-size: calc(var(--scale-factor)*9.96px); font-family: sans-serif; transform: scaleX(0.891364);\" role=\"presentation\">c\u00e9lj\u00e1b\u00f3l rendelkez\u00e9sre bocs\u00e1that\u00f3 k\u00f6zadat<\/span> <span dir=\"ltr\" style=\"left: calc(var(--scale-factor)*103.94px); top: calc(var(--scale-factor)*420.31px); font-size: calc(var(--scale-factor)*9.96px); font-family: sans-serif; transform: scaleX(0.905861);\" role=\"presentation\">gy\u0171jt\u00e9s\u00e9vel, el\u0151\u00e1ll\u00edt\u00e1s\u00e1val, feldolgoz\u00e1s\u00e1val \u00e9s <\/span><span dir=\"ltr\" style=\"left: calc(var(--scale-factor)*103.94px); top: calc(var(--scale-factor)*431.83px); font-size: calc(var(--scale-factor)*9.96px); font-family: sans-serif; transform: scaleX(0.893193);\" role=\"presentation\">terjeszt\u00e9s\u00e9vel \u00f6sszef\u00fcgg\u0151 k\u00f6lts\u00e9gek jelent\u0151s <\/span><span dir=\"ltr\" style=\"left: calc(var(--scale-factor)*103.94px); top: calc(var(--scale-factor)*443.35px); font-size: calc(var(--scale-factor)*9.96px); font-family: sans-serif; transform: scaleX(0.87413);\" role=\"presentation\">r\u00e9sz\u00e9nek saj\u00e1t bev\u00e9t<\/span><span dir=\"ltr\" style=\"left: calc(var(--scale-factor)*183.86px); top: calc(var(--scale-factor)*443.35px); font-size: calc(var(--scale-factor)*9.96px); font-family: sans-serif; transform: scaleX(0.905841);\" role=\"presentation\">elb\u0151l val\u00f3 fedez\u00e9s\u00e9t \u00edrja el\u0151 a<\/span> <span dir=\"ltr\" style=\"left: calc(var(--scale-factor)*103.94px); top: calc(var(--scale-factor)*454.87px); font-size: calc(var(--scale-factor)*9.96px); font-family: sans-serif; transform: scaleX(0.898673);\" role=\"presentation\">k\u00f6zfeladatot ell\u00e1t\u00f3 szerv r\u00e9sz\u00e9re.<\/span><\/span><\/td>\n<td style=\"width: 256px; text-align: center;\">Int\u00e9zm\u00e9ny\u00fcnk vonatkoz\u00e1s\u00e1ban nem relev\u00e1ns<\/td>\n<\/tr>\n<\/tbody>\n<\/table>\n\n\n\n\t<div class=\"dkpdf-button-container\" style=\"            text-align:right \">\n\n\t\t<a class=\"dkpdf-button\" href=\"\/index.php\/wp-json\/wp\/v2\/pages\/438?pdf=438\" target=\"_blank\"><span class=\"dkpdf-button-icon\"><i class=\"fa fa-file-pdf-o\"><\/i><\/span> Let\u00f6lt\u00e9s<\/a>\n\n\t<\/div>\n\n\n\n\n\n<!-- PMB print buttons is only displayed on a single post\/page URLs-->","protected":false},"excerpt":{"rendered":"<p>1. k\u00f6zfeladatot ell\u00e1t\u00f3 szerv feladat\u00e1t, hat\u00e1sk\u00f6r\u00e9t \u00e9s alaptev\u00e9kenys\u00e9g\u00e9t meghat\u00e1roz\u00f3, a szervre vonatkoz\u00f3 alapvet\u0151 jogszab\u00e1lyok, k\u00f6zjogi szervezetszab\u00e1lyoz\u00f3 eszk\u00f6z\u00f6k, valamint a szervezeti \u00e9s m\u0171k\u00f6d\u00e9si szab\u00e1lyzat vagy \u00fcgyrend,&hellip;<\/p>\n","protected":false},"author":2,"featured_media":0,"parent":0,"menu_order":5,"comment_status":"closed","ping_status":"closed","template":"","meta":{"_acf_changed":false,"_uag_custom_page_level_css":"","footnotes":""},"categories":[],"tags":[],"class_list":["post-438","page","type-page","status-publish","hentry"],"acf":[],"uagb_featured_image_src":{"full":false,"thumbnail":false,"medium":false,"medium_large":false,"large":false,"1536x1536":false,"2048x2048":false,"410x410":false},"uagb_author_info":{"display_name":"Bal\u00f3 \u00c1d\u00e1m","author_link":"https:\/\/www.szentimrekorhaz.hu\/index.php\/author\/balo\/"},"uagb_comment_info":0,"uagb_excerpt":"1. k\u00f6zfeladatot ell\u00e1t\u00f3 szerv feladat\u00e1t, hat\u00e1sk\u00f6r\u00e9t \u00e9s alaptev\u00e9kenys\u00e9g\u00e9t meghat\u00e1roz\u00f3, a szervre vonatkoz\u00f3 alapvet\u0151 jogszab\u00e1lyok, k\u00f6zjogi szervezetszab\u00e1lyoz\u00f3 eszk\u00f6z\u00f6k, valamint a szervezeti \u00e9s m\u0171k\u00f6d\u00e9si szab\u00e1lyzat vagy \u00fcgyrend,&hellip;","post_type":"page","author_name":"Bal\u00f3 \u00c1d\u00e1m","_links":{"self":[{"href":"https:\/\/www.szentimrekorhaz.hu\/index.php\/wp-json\/wp\/v2\/pages\/438","targetHints":{"allow":["GET"]}}],"collection":[{"href":"https:\/\/www.szentimrekorhaz.hu\/index.php\/wp-json\/wp\/v2\/pages"}],"about":[{"href":"https:\/\/www.szentimrekorhaz.hu\/index.php\/wp-json\/wp\/v2\/types\/page"}],"author":[{"embeddable":true,"href":"https:\/\/www.szentimrekorhaz.hu\/index.php\/wp-json\/wp\/v2\/users\/2"}],"replies":[{"embeddable":true,"href":"https:\/\/www.szentimrekorhaz.hu\/index.php\/wp-json\/wp\/v2\/comments?post=438"}],"version-history":[{"count":14,"href":"https:\/\/www.szentimrekorhaz.hu\/index.php\/wp-json\/wp\/v2\/pages\/438\/revisions"}],"predecessor-version":[{"id":3128,"href":"https:\/\/www.szentimrekorhaz.hu\/index.php\/wp-json\/wp\/v2\/pages\/438\/revisions\/3128"}],"wp:attachment":[{"href":"https:\/\/www.szentimrekorhaz.hu\/index.php\/wp-json\/wp\/v2\/media?parent=438"}],"wp:term":[{"taxonomy":"category","embeddable":true,"href":"https:\/\/www.szentimrekorhaz.hu\/index.php\/wp-json\/wp\/v2\/categories?post=438"},{"taxonomy":"post_tag","embeddable":true,"href":"https:\/\/www.szentimrekorhaz.hu\/index.php\/wp-json\/wp\/v2\/tags?post=438"}],"curies":[{"name":"wp","href":"https:\/\/api.w.org\/{rel}","templated":true}]}}