{"id":45,"date":"2009-09-03T10:09:17","date_gmt":"2009-09-03T08:09:17","guid":{"rendered":"http:\/\/localhost\/index.php\/menedzsment\/"},"modified":"2026-03-24T15:08:40","modified_gmt":"2026-03-24T14:08:40","slug":"menedzsment","status":"publish","type":"page","link":"https:\/\/www.szentimrekorhaz.hu\/index.php\/menedzsment\/","title":{"rendered":"Menedzsment"},"content":{"rendered":"<p><strong>Prof. Dr. Bedros J. R\u00f3bert<br>\nf\u0151igazgat\u00f3<br>\n<\/strong>tansz\u00e9kvezet\u0151, c. egyetemi tan\u00e1r<\/p>\n<p>Tel.: (06) 1 464-8701, (06) 1 464-8702<br>\nFax: (06) 1 203-3652<br>\ne-mail: titkarsag@szentimrekorhaz.hu<br>\ne-mail: titkarsagvezeto@szentimrekorhaz.hu<\/p>\n<hr>\n<p><strong>Prof. Dr. Finta Ervin\u00a0<\/strong><br>\norvosigazgat\u00f3<\/p>\n<p>Tel.: (06) 1 464-8600 \/ 2600<br>\nFax: (06) 1 203-3645<br>\ne-mail: orvigtitkar@szentimrekorhaz.hu<\/p>\n<hr>\n<p><strong>Dr. Horv\u00e1th Zsuzsanna<\/strong><br>\norvosigazgat\u00f3-helyettes<\/p>\n<p>Tel.: (06) 1 464-8600 \/ 2600<br>\nFax.: (06) 1 203-3645<br>\ne-mail: orvigtitkar@szentimrekorhaz.hu<\/p>\n<hr>\n<p><strong>Dr. M\u00e1t\u00e9 Mikl\u00f3s Ph.D.<\/strong><br>\norvosigazgat\u00f3-helyettes<\/p>\n<p>Tel.: (06) 1 464-8600 \/ 2600<br>\nFax.: (06) 1 203-3645<br>\ne-mail: orvigtitkar@szentimrekorhaz.hu<\/p>\n<hr>\n<p><strong>F\u00e9legyh\u00e1zi-T\u00f6r\u00f6k Csab\u00e1n\u00e9<\/strong><br>\nmb. gazdas\u00e1gi igazgat\u00f3<\/p>\n<p>Tel.: (06) 1 464-8711<br>\nFax: (06) 1 371-0854<br>\ne-mail: gazdigazgato@szentimrekorhaz.hu<br>\ne-mail: gazdtitkar@szentimrekorhaz.hu<\/p>\n<hr>\n<p><strong>Kurucz M\u00e1ria<\/strong><br>\n\u00e1pol\u00e1si igazgat\u00f3<\/p>\n<p>Tel.: (06) 1 464-8709<br>\nFax.: (06) 1 203-3645<br>\ne-mail: apig.titkarsag@szentimrekorhaz.hu<\/p>\n<hr>\n<p><strong>Kozics Anna Veronika<\/strong><br>\nHum\u00e1npolitikai Oszt\u00e1lyvezet\u0151<\/p>\n<p>Tel.: (06) 1 464-8795<br>\ne-mail: humanosztvez@szentimrekorhaz.hu<\/p>\n<hr>\n<p><strong>Simonn\u00e9 N\u00e9meth T\u00fcnde<\/strong><br>\nFinansz\u00edroz\u00e1si \u00e9s Kontrolling Oszt\u00e1lyvezet\u0151<\/p>\n<p>Tel.: (06) 1 464-8665<br>\ne-mail: kontrolling@szentimrekorhaz.hu<br>\ne-mail: kontrollingov@szentimrekorhaz.hu<\/p>\n\n\n\n\t<div class=\"dkpdf-button-container\" style=\"            text-align:right \">\n\n\t\t<a class=\"dkpdf-button\" href=\"\/index.php\/wp-json\/wp\/v2\/pages\/45?pdf=45\" target=\"_blank\"><span class=\"dkpdf-button-icon\"><i class=\"fa fa-file-pdf-o\"><\/i><\/span> Let\u00f6lt\u00e9s<\/a>\n\n\t<\/div>\n\n\n\n\n\n<!-- PMB print buttons is only displayed on a single post\/page URLs-->","protected":false},"excerpt":{"rendered":"<p>Prof. Dr. Bedros J. R\u00f3bert f\u0151igazgat\u00f3 tansz\u00e9kvezet\u0151, c. egyetemi tan\u00e1r Tel.: (06) 1 464-8701, (06) 1 464-8702 Fax: (06) 1 203-3652 e-mail: titkarsag@szentimrekorhaz.hu e-mail: titkarsagvezeto@szentimrekorhaz.hu&hellip;<\/p>\n","protected":false},"author":3,"featured_media":0,"parent":0,"menu_order":25,"comment_status":"closed","ping_status":"closed","template":"","meta":{"_acf_changed":false,"footnotes":""},"categories":[],"tags":[],"class_list":["post-45","page","type-page","status-publish","hentry"],"acf":[],"post_type":"page","author_name":"backup","_links":{"self":[{"href":"https:\/\/www.szentimrekorhaz.hu\/index.php\/wp-json\/wp\/v2\/pages\/45","targetHints":{"allow":["GET"]}}],"collection":[{"href":"https:\/\/www.szentimrekorhaz.hu\/index.php\/wp-json\/wp\/v2\/pages"}],"about":[{"href":"https:\/\/www.szentimrekorhaz.hu\/index.php\/wp-json\/wp\/v2\/types\/page"}],"author":[{"embeddable":true,"href":"https:\/\/www.szentimrekorhaz.hu\/index.php\/wp-json\/wp\/v2\/users\/3"}],"replies":[{"embeddable":true,"href":"https:\/\/www.szentimrekorhaz.hu\/index.php\/wp-json\/wp\/v2\/comments?post=45"}],"version-history":[{"count":12,"href":"https:\/\/www.szentimrekorhaz.hu\/index.php\/wp-json\/wp\/v2\/pages\/45\/revisions"}],"predecessor-version":[{"id":4007,"href":"https:\/\/www.szentimrekorhaz.hu\/index.php\/wp-json\/wp\/v2\/pages\/45\/revisions\/4007"}],"wp:attachment":[{"href":"https:\/\/www.szentimrekorhaz.hu\/index.php\/wp-json\/wp\/v2\/media?parent=45"}],"wp:term":[{"taxonomy":"category","embeddable":true,"href":"https:\/\/www.szentimrekorhaz.hu\/index.php\/wp-json\/wp\/v2\/categories?post=45"},{"taxonomy":"post_tag","embeddable":true,"href":"https:\/\/www.szentimrekorhaz.hu\/index.php\/wp-json\/wp\/v2\/tags?post=45"}],"curies":[{"name":"wp","href":"https:\/\/api.w.org\/{rel}","templated":true}]}}