{"id":46,"date":"2009-09-03T10:09:33","date_gmt":"2009-09-03T08:09:33","guid":{"rendered":"http:\/\/localhost\/index.php\/bemutatkozikakorhaz\/"},"modified":"2009-09-03T10:09:33","modified_gmt":"2009-09-03T08:09:33","slug":"bemutatkozikakorhaz","status":"publish","type":"page","link":"https:\/\/www.szentimrekorhaz.hu\/index.php\/bemutatkozikakorhaz\/","title":{"rendered":"Bemutatkozik a K\u00f3rh\u00e1z"},"content":{"rendered":"<h3>\n\tA D\u00e9l-budai Centrumk\u00f3rh\u00e1z Szent Imre Egyetemi Oktat\u00f3k\u00f3rh\u00e1z m\u0171k\u00f6d\u00e9s\u00e9nek elvei<\/h3>\n<ol>\n<li>\n\t\tA K\u00f3rh\u00e1z \u00f6n\u00e1ll\u00f3 jogi szem\u00e9ly, \u00f6n\u00e1ll\u00f3an gazd\u00e1lkod\u00f3 k\u00f6lts\u00e9gvet\u00e9si int\u00e9zm\u00e9ny.<\/li>\n<li>\n\t\tA K\u00f3rh\u00e1z szakmai m\u0171k\u00f6d\u00e9s\u00e9t, m\u0171k\u00f6d\u00e9si ter\u00fclet\u00e9t \u00e9s ell\u00e1t\u00e1si k\u00f6telezetts\u00e9g\u00e9t a Nemzeti N\u00e9peg\u00e9szs\u00e9g\u00fcgyi K\u00f6zpont m\u0171k\u00f6d\u00e9si enged\u00e9ly hat\u00e1rozza meg.<\/li>\n<li>\n\t\tA K\u00f3rh\u00e1z, mint az Nemzeti Eg\u00e9szs\u00e9gbiztos\u00edt\u00e1si Alapkezel\u0151 (NEAK) szerz\u0151d\u00f6tt eg\u00e9szs\u00e9g\u00fcgyi szolg\u00e1ltat\u00f3 feladatmutat\u00f3it, az \u00e1gy- \u00e9s \u00f3rasz\u00e1mokat a mindenkori NEAK-szerz\u0151d\u00e9s hat\u00e1rozza meg.<\/li>\n<li>\n\t\tA K\u00f3rh\u00e1z a szakmai szab\u00e1lyoknak, a jogszab\u00e1lyoknak, a fenntart\u00f3 rendelkez\u00e9seinek, az Alap\u00edt\u00f3 Okiratnak, valamint a gy\u00f3gyint\u00e9zetek m\u0171k\u00f6d\u00e9si rendj\u00e9r\u0151l, illetve szakmai vezet\u0151 test\u00fclet\u00e9r\u0151l sz\u00f3l\u00f3 43\/2003. (VII. 29.) ESZCSM rendeletben foglaltaknak megfelel\u0151en m\u0171k\u00f6dik.<\/li>\n<li>\n\t\tA K\u00f3rh\u00e1z szakmai tev\u00e9kenys\u00e9ge ell\u00e1t\u00e1s\u00e1t illet\u0151en \u00f6n\u00e1ll\u00f3, a m\u0171k\u00f6d\u00e9si enged\u00e9ly\u00e9ben szerepl\u0151 eg\u00e9szs\u00e9g\u00fcgyi szolg\u00e1ltat\u00e1sok teljes\u00edt\u00e9s\u00e9hez m\u00e1s eg\u00e9szs\u00e9g\u00fcgyi szolg\u00e1ltat\u00f3 k\u00f6zrem\u0171k\u00f6d\u00e9s\u00e9t is ig\u00e9nybe veheti.<\/li>\n<li>\n\t\tA K\u00f3rh\u00e1z m\u0171k\u00f6d\u00e9s\u00e9t t\u00f6rv\u00e9nyek, korm\u00e1ny- \u00e9s miniszteri rendeletek, nemzeti szabv\u00e1nyok \u00e9s m\u00e1s el\u0151\u00edr\u00e1sok szab\u00e1lyozz\u00e1k.<\/li>\n<\/ol>\n<h3>\n\tA K\u00f3rh\u00e1z fenntart\u00f3ja:<\/h3>\n<p>\n\tA K\u00f3rh\u00e1z fenntart\u00f3j\u00e1nak megnevez\u00e9se: Orsz\u00e1gos K\u00f3rh\u00e1zi F\u0151igazgat\u00f3s\u00e1g (OKF\u0150)<\/p>\n<p>\n\tSz\u00e9khelye: 1125 Budapest, Di\u00f3s \u00e1rok u. 3.<\/p>\n<p>\n\t\u00a0<\/p>\n<h3>\n\tA K\u00f3rh\u00e1z szervezeti fel\u00e9p\u00edt\u00e9se<\/h3>\n<p>\n\t<a href=\"http:\/\/www.szentimrekorhaz.hu\/images\/stories\/dokumentumok\/organogram_az_intezmeny_osszesetett_szervezeti_felepitese.pdf\"><span style=\"line-height: 1.5;\">Az int\u00e9zm\u00e9ny \u00f6sszes\u00edtett szervezeti fel\u00e9p\u00edt\u00e9se<\/span><\/a><\/p>\n<div>\n\t\u00a0<\/div>\n<h3>\n\tA K\u00f3rh\u00e1z m\u0171k\u00f6d\u00e9s\u00e9t szab\u00e1lyoz\u00f3 legfontosabb jogszab\u00e1lyok<\/h3>\n<p>\n\t<strong>T\u00f6rv\u00e9nyek<\/strong><\/p>\n<ul>\n<li>\n\t\t1997. \u00e9vi CLIV. t\u00f6rv\u00e9ny az eg\u00e9szs\u00e9g\u00fcgyr\u0151l<\/li>\n<\/ul>\n<p>\n\t\u00a0<\/p>\n<p>\n\t<strong>Korm\u00e1nyrendeletek<\/strong><\/p>\n<p>\n\t\u00a0<\/p>\n<p>\n\t<strong>Miniszteri rendeletek<\/strong><\/p>\n<ul>\n<li>\n<ul>\n<li>\n\t\t\t\t1949. \u00e9vi XX. tv. a Magyar K\u00f6zt\u00e1rsas\u00e1g Alkotm\u00e1nya<\/li>\n<li>\n\t\t\t\t1989. \u00e9vi VII. tv. a sztr\u00e1jkr\u00f3l<\/li>\n<li>\n\t\t\t\t1991. \u00e9vi XI. tv. az \u00c1llami N\u00e9peg\u00e9szs\u00e9g\u00fcgyi \u00e9s Tisztiorvosi Szolg\u00e1latr\u00f3l<\/li>\n<li>\n\t\t\t\t1992. \u00e9vi XXII. tv. a Munka T\u00f6rv\u00e9nyk\u00f6nyv\u00e9r\u0151l<\/li>\n<li>\n\t\t\t\t1992. \u00e9vi XXXIII. tv. a k\u00f6zalkalmazottak jog\u00e1ll\u00e1s\u00e1r\u00f3l<\/li>\n<li>\n\t\t\t\t1992. \u00e9vi XXXVIII. tv. az \u00e1llamh\u00e1ztart\u00e1sr\u00f3l<\/li>\n<li>\n\t\t\t\t1992. LXIII. tv. a szem\u00e9lyes adatok v\u00e9delm\u00e9r\u0151l \u00e9s a k\u00f6z\u00e9rdek\u0171 adatok nyilv\u00e1noss\u00e1g\u00e1r\u00f3l<\/li>\n<li>\n\t\t\t\t1992. \u00e9vi LXXIX. tv. a magzati \u00e9let v\u00e9delm\u00e9r\u0151l<\/li>\n<li>\n\t\t\t\t1993. \u00e9vi XCIII. tv. a munkav\u00e9delemr\u0151l, egys\u00e9ges szerkezetben a v\u00e9grehajt\u00e1s\u00e1r\u00f3l sz\u00f3l\u00f3 5_1993. (XII. 26.) M\u00fcM rendelete<\/li>\n<li>\n\t\t\t\t1994. \u00e9vi XXVIII. tv. a Magyar Orvosi Kamar\u00e1r\u00f3l<\/li>\n<li>\n\t\t\t\t1994. \u00e9vi LIV. tv. a gy\u00f3gyszert\u00e1rak l\u00e9tes\u00edt\u00e9s\u00e9r\u0151l \u00e9s m\u0171k\u00f6d\u00e9s\u00fck egyes szab\u00e1lyair\u00f3l<\/li>\n<li>\n\t\t\t\t1995. \u00e9vi LIII. tv. a k\u00f6rnyezet v\u00e9delm\u00e9nek \u00e1ltal\u00e1nos szab\u00e1lyair\u00f3l<\/li>\n<li>\n\t\t\t\t1995. \u00e9vi LXVI. tv. a k\u00f6ziratokr\u00f3l, a k\u00f6zlev\u00e9lt\u00e1rakr\u00f3l \u00e9s a mag\u00e1nlev\u00e9lt\u00e1ri anyag v\u00e9delm\u00e9r\u0151l<\/li>\n<li>\n\t\t\t\t1996. \u00e9vi XXXI. tv. a t\u0171z elleni v\u00e9dekez\u00e9sr\u0151l, a m\u0171szaki ment\u00e9sr\u0151l \u00e9s a t\u0171zolt\u00f3s\u00e1gr\u00f3l<\/li>\n<li>\n\t\t\t\t1996. \u00e9vi LXVI. tv. az ad\u00f3azonos\u00edt\u00f3 jel, a T\u00e1rsadalombiztos\u00edt\u00e1si Azonos\u00edt\u00f3 Jel \u00e9s a szem\u00e9lyi azonos\u00edt\u00f3 haszn\u00e1lat\u00e1val kapcsolatos t\u00f6rv\u00e9nyek m\u00f3dos\u00edt\u00e1s\u00e1r\u00f3l<\/li>\n<li>\n\t\t\t\t1997. \u00e9vi XLVII. tv. az eg\u00e9szs\u00e9g\u00fcgyi \u00e9s a hozz\u00e1juk kapcsol\u00f3d\u00f3 szem\u00e9lyes adatok kezel\u00e9s\u00e9r\u0151l \u00e9s v\u00e9delm\u00e9r\u0151l<\/li>\n<li>\n\t\t\t\t1997. \u00e9vi LXXXI. tv. a t\u00e1rsadalombiztos\u00edt\u00e1si nyugell\u00e1t\u00e1sr\u00f3l, egys\u00e9ges szerkezetben a v\u00e9grehajt\u00e1s\u00e1r\u00f3l sz\u00f3l\u00f3 168\/1997. (X. 6.) Korm. rendelettel<\/li>\n<li>\n\t\t\t\t1997. \u00e9vi LXXXIII. tv. a k\u00f6telez\u0151 eg\u00e9szs\u00e9gbiztos\u00edt\u00e1s ell\u00e1t\u00e1sair\u00f3l, egys\u00e9ges szerkezetben a v\u00e9grehajt\u00e1s\u00e1r\u00f3l sz\u00f3l\u00f3 217\/1997. (XII. 1.) Korm. rendelettel<\/li>\n<li>\n\t\t\t\t1997. \u00e9vi CLIV. tv. az eg\u00e9szs\u00e9g\u00fcgyr\u0151l<\/li>\n<li>\n\t\t\t\t1998. \u00e9vi XXV. tv. az emberi felhaszn\u00e1l\u00e1sra ker\u00fcl\u0151 gy\u00f3gyszerekr\u0151l<\/li>\n<li>\n\t\t\t\t1998. \u00e9vi XXVI. tv. a fogyat\u00e9kos szem\u00e9lyek jogair\u00f3l \u00e9s es\u00e9lyegyenl\u0151s\u00e9g\u00fck biztos\u00edt\u00e1s\u00e1r\u00f3l<\/li>\n<li>\n\t\t\t\t1999. \u00e9vi XLII. tv. a nemdoh\u00e1nyz\u00f3k v\u00e9delm\u00e9r\u0151l \u00e9s a doh\u00e1nyterm\u00e9kek fogyaszt\u00e1s\u00e1nak, forgalmaz\u00e1s\u00e1nak egyes szab\u00e1lyair\u00f3l<\/li>\n<li>\n\t\t\t\t2000. \u00e9vi II. tv. az \u00f6n\u00e1ll\u00f3 orvosi tev\u00e9kenys\u00e9gr\u0151l<\/li>\n<li>\n\t\t\t\t2000. \u00e9vi XLIII. tv. a hullad\u00e9kgazd\u00e1lkod\u00e1sr\u00f3l<\/li>\n<li>\n\t\t\t\t2000. \u00e9vi CXVI. tv. az eg\u00e9szs\u00e9g\u00fcgyi k\u00f6zvet\u00edt\u0151i elj\u00e1r\u00e1sr\u00f3l<\/li>\n<li>\n\t\t\t\t2001. \u00e9vi XXXIV. tv. az eg\u00e9szs\u00e9g\u00fcgyi szakell\u00e1t\u00e1si k\u00f6telezetts\u00e9gr\u0151l, tov\u00e1bb\u00e1 egyes eg\u00e9szs\u00e9g\u00fcgyet \u00e9rint\u0151 t\u00f6rv\u00e9nyek m\u00f3dos\u00edt\u00e1s\u00e1r\u00f3l<\/li>\n<li>\n\t\t\t\t2003. \u00e9vi LXXXIII. tv. a Magyar Eg\u00e9szs\u00e9g\u00fcgyi Szakdolgoz\u00f3i Kamar\u00e1r\u00f3l<\/li>\n<li>\n\t\t\t\t2003. \u00e9vi LXXXIV. tv. az eg\u00e9szs\u00e9g\u00fcgyi tev\u00e9kenys\u00e9g v\u00e9gz\u00e9s\u00e9nek egyes k\u00e9rd\u00e9seir\u0151l<\/li>\n<li>\n\t\t\t\t2003. \u00e9vi CXXV. tv. az egyenl\u0151 b\u00e1n\u00e1sm\u00f3dr\u00f3l \u00e9s az es\u00e9lyegyenl\u0151s\u00e9g el\u0151mozd\u00edt\u00e1s\u00e1r\u00f3l<\/li>\n<li>\n\t\t\t\t2003. \u00e9vi CXXIX. tv. a k\u00f6zbeszerz\u00e9sekr\u0151l<\/li>\n<\/ul>\n<ul>\n<li>\n\t\t\t\t28\/1993. (II. 17.) Korm. rendelet a k\u00f6zgy\u00f3gyell\u00e1t\u00e1si igazolv\u00e1nyr\u00f3l<\/li>\n<li>\n\t\t\t\t78\/1993. (V. 12.) Korm. rendelet a munk\u00e1ba j\u00e1r\u00e1ssal kapcsolatos utaz\u00e1si k\u00f6lts\u00e9gt\u00e9r\u00edt\u00e9sr\u0151l<\/li>\n<li>\n\t\t\t\t89\/1995. (VII. 14.) Korm. rendelet a foglalkoz\u00e1s-eg\u00e9szs\u00e9g\u00fcgyi szolg\u00e1latr\u00f3l<\/li>\n<li>\n\t\t\t\t118\/1996. (VII. 24.) Korm. rendelet a l\u00e9tes\u00edtm\u00e9nyi t\u0171zolt\u00f3s\u00e1gokra vonatkoz\u00f3 r\u00e9szletes szab\u00e1lyokr\u00f3l<\/li>\n<li>\n\t\t\t\t284\/1997. (XII. 23.) Korm. rendelet a t\u00e9r\u00edt\u00e9si d\u00edj ellen\u00e9ben ig\u00e9nybe vehet\u0151 egyes eg\u00e9szs\u00e9g\u00fcgyi szolg\u00e1ltat\u00e1sok t\u00e9r\u00edt\u00e9si d\u00edj\u00e1r\u00f3l<\/li>\n<li>\n\t\t\t\t117\/1998. (VI. 16.) Korm. rendelet egyes eg\u00e9szs\u00e9g\u00fcgyi ell\u00e1t\u00e1sok visszautas\u00edt\u00e1s\u00e1nak r\u00e9szletes szab\u00e1lyair\u00f3l<\/li>\n<li>\n\t\t\t\t217\/1998. (XII. 30.) Korm. rendelet az \u00e1llamh\u00e1ztart\u00e1s m\u0171k\u00f6d\u00e9si rendj\u00e9r\u0151l<\/li>\n<li>\n\t\t\t\t43\/1999. (III. 3.) Korm. rendelet az eg\u00e9szs\u00e9g\u00fcgyi szolg\u00e1ltat\u00e1sok Eg\u00e9szs\u00e9gbiztos\u00edt\u00e1si Alapb\u00f3l t\u00f6rt\u00e9n\u0151 finansz\u00edroz\u00e1s\u00e1nak r\u00e9szletes szab\u00e1lyair\u00f3l<\/li>\n<li>\n\t\t\t\t114\/2000. (VI. 29.) Korm. rendelet a nemzeti v\u00e9rk\u00e9szlettel val\u00f3 gazd\u00e1lkod\u00e1s szab\u00e1lyair\u00f3l<\/li>\n<li>\n\t\t\t\t132\/2000. (VII. 14.) Korm. rendelet a k\u00f6z\u00e9p\u00fcletek fellobog\u00f3z\u00e1s\u00e1nak egyes k\u00e9rd\u00e9seir\u0151l<\/li>\n<li>\n\t\t\t\t233\/2000. (XII. 23.) Korm. rendelet a k\u00f6zalkalmazottak jog\u00e1ll\u00e1s\u00e1r\u00f3l sz\u00f3l\u00f3 1992. \u00e9vi XXXIII. t\u00f6rv\u00e9ny eg\u00e9szs\u00e9g\u00fcgyi \u00e1gazatban t\u00f6rt\u00e9n\u0151 v\u00e9grehajt\u00e1s\u00e1r\u00f3l<\/li>\n<li>\n\t\t\t\t98\/2001. (VI. 15.) Korm. rendelet a vesz\u00e9lyes hullad\u00e9kkal kapcsolatos tev\u00e9kenys\u00e9gek v\u00e9gz\u00e9s\u00e9nek felt\u00e9teleir\u0151l<\/li>\n<li>\n\t\t\t\t50\/2002. (III. 26.) Korm. rendelet az eg\u00e9szs\u00e9g\u00fcgyi szakell\u00e1t\u00e1si kapacit\u00e1sm\u00f3dos\u00edt\u00e1sok szakmai felt\u00e9teleir\u0151l, elj\u00e1r\u00e1si rendj\u00e9nek \u00e9s az \u00faj szolg\u00e1ltat\u00f3k befogad\u00e1s\u00e1nak szab\u00e1lyair\u00f3l<\/li>\n<li>\n\t\t\t\t96\/2003. (VII. 15.) Korm. rendelet Az eg\u00e9szs\u00e9g\u00fcgyi szolg\u00e1ltat\u00e1s gyakorl\u00e1s\u00e1nak \u00e1ltal\u00e1nos felt\u00e9teleir\u0151l, valamint a m\u0171k\u00f6d\u00e9si enged\u00e9lyez\u00e9si elj\u00e1r\u00e1sr\u00f3l<\/li>\n<li>\n\t\t\t\t193\/2003. (XI. 26.) Korm. rendelet A k\u00f6lts\u00e9gvet\u00e9si szervek bels\u0151 ellen\u0151rz\u00e9s\u00e9r\u0151l.<\/li>\n<\/ul>\n<ul>\n<li>\n\t\t\t\t9\/1993. (IV. 2.) NM rendelet az eg\u00e9szs\u00e9g\u00fcgyi szakell\u00e1t\u00e1s t\u00e1rsadalombiztos\u00edt\u00e1si finansz\u00edroz\u00e1s\u00e1nak egyes k\u00e9rd\u00e9seir\u0151l<\/li>\n<li>\n\t\t\t\t15\/1997. (VI. 20.) NM rendelet a gy\u00f3gyszert\u00e1rak m\u0171k\u00f6d\u00e9si, szolg\u00e1lati \u00e9s nyilv\u00e1ntart\u00e1si rendj\u00e9r\u0151l<\/li>\n<li>\n\t\t\t\t27\/1995. (VII. 25.) NM rendelet a foglalkoz\u00e1s-eg\u00e9szs\u00e9g\u00fcgyi szolg\u00e1ltat\u00e1sr\u00f3l<\/li>\n<li>\n\t\t\t\t62\/1997. (XII. 21.) NM rendelet az eg\u00e9szs\u00e9g\u00fcgyi \u00e9s a hozz\u00e1juk kapcsol\u00f3d\u00f3 szem\u00e9lyes adatok kezel\u00e9s\u00e9nek egyes k\u00e9rd\u00e9seir\u0151l<\/li>\n<li>\n\t\t\t\t63\/1997. (XII. 21.) NM rendelet a fert\u0151z\u0151 betegs\u00e9gek jelent\u00e9s\u00e9nek rendj\u00e9r\u0151l<\/li>\n<li>\n\t\t\t\t11\/1998. (XII. 11.) E\u00fcM rendelet az eg\u00e9szs\u00e9g\u00fcgyi fels\u0151fok\u00fa szakir\u00e1ny\u00fa szakk\u00e9pz\u00e9sr\u0151l \u00e9s tov\u00e1bbk\u00e9pz\u00e9sr\u0151l<\/li>\n<li>\n\t\t\t\t14\/1998. (XII. 11.) E\u00fcM rendelet a k\u00f3rh\u00e1zi etikai bizotts\u00e1gokr\u00f3l<\/li>\n<li>\n\t\t\t\t18\/1998. (VI. 3.) NM rendelet a fert\u0151z\u0151 betegs\u00e9gek \u00e9s a j\u00e1rv\u00e1nyok megel\u0151z\u00e9se \u00e9rdek\u00e9ben sz\u00fcks\u00e9ges j\u00e1rv\u00e1ny\u00fcgyi int\u00e9zked\u00e9sekr\u0151l<\/li>\n<li>\n\t\t\t\t18\/1998. (XII. 27.) E\u00fcM rendelet az eg\u00e9szs\u00e9g\u00fcgyr\u0151l sz\u00f3l\u00f3 1997. \u00e9vi CLIV. t\u00f6rv\u00e9nynek a szerv- \u00e9s sz\u00f6vet\u00e1t\u00fcltet\u00e9sre, valamint -t\u00e1rol\u00e1sra \u00e9s egyes k\u00f3rsz\u00f6vettani vizsg\u00e1latokra vonatkoz\u00f3 rendelkez\u00e9sei v\u00e9grehajt\u00e1s\u00e1r\u00f3l<\/li>\n<li>\n\t\t\t\t23\/1998. (XII. 27.) E\u00fcM rendelet a k\u00f3rh\u00e1zi fel\u00fcgyel\u0151 tan\u00e1csr\u00f3l<\/li>\n<li>\n\t\t\t\t27\/1998. (VI. 17.) NM rendelet az eg\u00e9szs\u00e9g\u00fcgyi szakk\u00e9pes\u00edt\u00e9st szerzett szem\u00e9lyek alapnyilv\u00e1ntart\u00e1s\u00e1r\u00f3l, valamint az eg\u00e9szs\u00e9g\u00fcgyi szakdolgoz\u00f3k m\u0171k\u00f6d\u00e9si nyilv\u00e1ntart\u00e1s\u00e1nak szab\u00e1lyair\u00f3l<\/li>\n<li>\n\t\t\t\t28\/1998. (VI. 17.) NM rendelet az eg\u00e9szs\u00e9g\u00fcgyi szakdolgoz\u00f3k tov\u00e1bbk\u00e9pz\u00e9s\u00e9nek szab\u00e1lyair\u00f3l<\/li>\n<li>\n\t\t\t\t30\/1998. (VI. 24.) NM rendelet az emberi reprodukci\u00f3ra ir\u00e1nyul\u00f3 k\u00fcl\u00f6nleges elj\u00e1r\u00e1sok v\u00e9gz\u00e9s\u00e9re vonatkoz\u00f3, valamint az ivarsejtekkel \u00e9s embri\u00f3kkal val\u00f3 rendelkez\u00e9sre \u00e9s azok fagyasztva t\u00e1rol\u00e1s\u00e1ra vonatkoz\u00f3 r\u00e9szletes szab\u00e1lyokr\u00f3l<\/li>\n<li>\n\t\t\t\t9\/1999. (IV. 14.) E\u00fcM rendelet az eg\u00e9szs\u00e9g\u00fcgyi int\u00e9zm\u00e9nyek iratkezel\u00e9si mintaszab\u00e1lyzat\u00e1r\u00f3l<\/li>\n<li>\n\t\t\t\t24\/1999. (VII. 6.) E\u00fcM rendelet egyes daganatos megbeteged\u00e9sek bejelent\u00e9s\u00e9nek rendj\u00e9r\u0151l<\/li>\n<li>\n\t\t\t\t34\/1999. (IX. 24.) BM-E\u00fcM-IM egy\u00fcttes rendelet az eg\u00e9szs\u00e9g\u00fcgyr\u0151l sz\u00f3l\u00f3 1997. \u00e9vi CLIV. t\u00f6rv\u00e9nynek a halottakkal kapcsolatos rendelkez\u00e9sei v\u00e9grehajt\u00e1s\u00e1r\u00f3l, valamint a rendk\u00edv\u00fcli hal\u00e1l eset\u00e9n k\u00f6vetend\u0151 elj\u00e1r\u00e1sr\u00f3l<\/li>\n<li>\n\t\t\t\t47\/1999. (X. 6.) E\u00fcM rendelet az orvostechnikai eszk\u00f6z\u00f6kr\u0151l<\/li>\n<li>\n\t\t\t\t50\/1999. (XI. 3.) E\u00fcM rendelet a k\u00e9perny\u0151 el\u0151tti munkav\u00e9gz\u00e9s minim\u00e1lis eg\u00e9szs\u00e9g\u00fcgyi \u00e9s biztons\u00e1gi k\u00f6vetelm\u00e9nyeir\u0151l<\/li>\n<li>\n\t\t\t\t58\/1999. (XI. 26.) E\u00fcM rendelet a nemzeti szabv\u00e1nyok k\u00f6telez\u0151 alkalmaz\u00e1s\u00e1r\u00f3l<\/li>\n<li>\n\t\t\t\t65\/1999. (XII. 22.) E\u00fcM rendelet a munkav\u00e1llal\u00f3k munkahelyen t\u00f6rt\u00e9n\u0151 egy\u00e9ni v\u00e9d\u0151eszk\u00f6z haszn\u00e1lat\u00e1nak minim\u00e1lis biztons\u00e1gi \u00e9s eg\u00e9szs\u00e9gv\u00e9delmi k\u00f6vetelm\u00e9nyeir\u0151l<\/li>\n<li>\n\t\t\t\t29\/2000. (X. 30.) E\u00fcM rendelet az eg\u00e9szs\u00e9g\u00fcgyi int\u00e9zm\u00e9nyek katasztr\u00f3faterveinek tartalmi k\u00f6vetelm\u00e9nyeir\u0151l<\/li>\n<li>\n\t\t\t\t34\/2000. (XI. 22.) E\u00fcM rendelet az int\u00e9zeti gy\u00f3gyszerell\u00e1t\u00e1sr\u00f3l<\/li>\n<li>\n\t\t\t\t3\/2001. (II. 20.) E\u00fcM rendelet a k\u00f6zalkalmazottak \u00e1ltal bet\u00f6lthet\u0151 egyes munkak\u00f6r\u00f6k k\u00f6zalkalmazotti oszt\u00e1lyba sorol\u00e1s\u00e1r\u00f3l<\/li>\n<li>\n\t\t\t\t1\/2002. (I. 11.) E\u00fcM rendelet az eg\u00e9szs\u00e9g\u00fcgyi int\u00e9zm\u00e9nyekben keletkez\u0151 hullad\u00e9k kezel\u00e9s\u00e9r\u0151l<\/li>\n<li>\n\t\t\t\t13\/2002. (III. 28.) E\u00fcM rendelet az eg\u00e9szs\u00e9g\u00fcgyi k\u00f6zint\u00e9zm\u00e9nyek vezet\u0151j\u00e9nek \u00e9s vezet\u0151 helyetteseinek k\u00e9pes\u00edt\u00e9si k\u00f6vetelm\u00e9nyeir\u0151l, valamint a vezet\u0151i megb\u00edz\u00e1s bet\u00f6lt\u00e9se \u00e9rdek\u00e9ben ki\u00edrt p\u00e1ly\u00e1zat r\u00e9szletes elj\u00e1r\u00e1si szab\u00e1lyair\u00f3l<\/li>\n<li>\n\t\t\t\t23\/2002. (V. 9.) E\u00fcM rendelet az emberen v\u00e9gzett orvostudom\u00e1nyi kutat\u00e1sokr\u00f3l<\/li>\n<li>\n\t\t\t\t3\/2002. (VIII. 30.) ESzCsM rendelet a k\u00e9perny\u0151 el\u0151tti munkav\u00e9gz\u00e9s minim\u00e1lis eg\u00e9szs\u00e9g\u00fcgyi \u00e9s biztons\u00e1gi k\u00f6vetelm\u00e9nyeir\u0151l sz\u00f3l\u00f3 50\/1999. (XI. 3.) E\u00fcM rendelet m\u00f3dos\u00edt\u00e1s\u00e1r\u00f3l<\/li>\n<li>\n\t\t\t\t1\/2003. (I. 21.) EszCsM rendelet a t\u00e1rsadalombiztos\u00edt\u00e1si t\u00e1mogat\u00e1ssal rendelhet\u0151 gy\u00f3gyszerekr\u0151l \u00e9s a t\u00e1mogat\u00e1s \u00f6sszeg\u00e9r\u0151l<\/li>\n<li>\n\t\t\t\t8\/2003. (III. 13.) EszCsM rendelet az in vitro diagnosztikai orvostechnikai eszk\u00f6z\u00f6kr\u0151l<\/li>\n<li>\n\t\t\t\t43\/2003. (VII. 29.) ESzCsM rendelet a gy\u00f3gyint\u00e9zetek m\u0171k\u00f6d\u00e9si rendj\u00e9r\u0151l, illetve szakmai vezet\u0151 test\u00fclet\u00e9r\u0151l<\/li>\n<li>\n\t\t\t\t60\/2003. (X. 20.) ESzCsM rendelet az eg\u00e9szs\u00e9g\u00fcgyi szolg\u00e1ltat\u00e1sok ny\u00fajt\u00e1s\u00e1hoz sz\u00fcks\u00e9ges szakmai minimumfelt\u00e9telekr\u0151l<\/li>\n<li>\n\t\t\t\t61\/2003. (X. 27.) ESzCsM rendelet a kiz\u00e1r\u00f3lag el\u0151zetes betegbesorol\u00e1s (v\u00e1r\u00f3lista) alapj\u00e1n ny\u00fajthat\u00f3 eg\u00e9szs\u00e9g\u00fcgyi ell\u00e1t\u00e1sokr\u00f3l<\/li>\n<li>\n\t\t\t\t1\/2004. (I. 5.) EszCsM rendelet a betegjogi, az ell\u00e1tott jogi \u00e9s a gyermekjogi k\u00e9pvisel\u0151 m\u0171k\u00f6d\u00e9s\u00e9nek felt\u00e9teleir\u0151l<\/li>\n<li>\n\t\t\t\t20\/2004. (III. 31.) ESzCsM rendelet a szakmai koll\u00e9giumokr\u00f3l<\/li>\n<li>\n\t\t\t\t40\/2004. (IV. 26.) ESzCsM rendelet Az eg\u00e9szs\u00e9g\u00fcgyi tev\u00e9kenys\u00e9g v\u00e9gz\u00e9s\u00e9hez sz\u00fcks\u00e9ges eg\u00e9szs\u00e9gi alkalmass\u00e1g vizsg\u00e1lat\u00e1r\u00f3l \u00e9s min\u0151s\u00edt\u00e9s\u00e9r\u0151l.<\/li>\n<li>\n\t\t\t\t44\/2004. (IV. 28. EszCsM rendelet<\/li>\n<li>\n\t\t\t\t87\/2004. (X. 4.) EszCsM rendelet a Magyar K\u00f6zt\u00e1rsas\u00e1g ter\u00fclet\u00e9n tart\u00f3zkod\u00f3, eg\u00e9szs\u00e9g\u00fcgyi szolg\u00e1ltat\u00e1sra a t\u00e1rsadalombiztos\u00edt\u00e1s keret\u00e9ben nem jogosult szem\u00e9lyek eg\u00e9szs\u00e9g\u00fcgyi ell\u00e1t\u00e1s\u00e1nak egyes szab\u00e1lyair\u00f3l.<\/li>\n<li>\n\t\t\t\t35\/2005. (VIII. 26.) E\u00fcM rendelet az emberi felhaszn\u00e1l\u00e1sra ker\u00fcl\u0151 vizsg\u00e1lati k\u00e9sz\u00edtm\u00e9nyek klinikai vizsg\u00e1lat\u00e1r\u00f3l \u00e9s a helyes klinikai gyakorlat alkalmaz\u00e1s\u00e1r\u00f3l<\/li>\n<\/ul>\n<\/li>\n<\/ul>\n\n\n\n\t<div class=\"dkpdf-button-container\" style=\"            text-align:right \">\n\n\t\t<a class=\"dkpdf-button\" href=\"\/index.php\/wp-json\/wp\/v2\/pages\/46?pdf=46\" target=\"_blank\"><span class=\"dkpdf-button-icon\"><i class=\"fa fa-file-pdf-o\"><\/i><\/span> Let\u00f6lt\u00e9s<\/a>\n\n\t<\/div>\n\n\n\n\n\n<!-- PMB print buttons is only displayed on a single post\/page URLs-->","protected":false},"excerpt":{"rendered":"<p>A D\u00e9l-budai Centrumk\u00f3rh\u00e1z Szent Imre Egyetemi Oktat\u00f3k\u00f3rh\u00e1z m\u0171k\u00f6d\u00e9s\u00e9nek elvei A K\u00f3rh\u00e1z \u00f6n\u00e1ll\u00f3 jogi szem\u00e9ly, \u00f6n\u00e1ll\u00f3an gazd\u00e1lkod\u00f3 k\u00f6lts\u00e9gvet\u00e9si int\u00e9zm\u00e9ny. A K\u00f3rh\u00e1z szakmai m\u0171k\u00f6d\u00e9s\u00e9t, m\u0171k\u00f6d\u00e9si ter\u00fclet\u00e9t \u00e9s&hellip;<\/p>\n","protected":false},"author":3,"featured_media":0,"parent":0,"menu_order":26,"comment_status":"closed","ping_status":"closed","template":"","meta":{"_acf_changed":false,"footnotes":""},"categories":[],"tags":[],"class_list":["post-46","page","type-page","status-publish","hentry"],"acf":[],"post_type":"page","author_name":"backup","_links":{"self":[{"href":"https:\/\/www.szentimrekorhaz.hu\/index.php\/wp-json\/wp\/v2\/pages\/46","targetHints":{"allow":["GET"]}}],"collection":[{"href":"https:\/\/www.szentimrekorhaz.hu\/index.php\/wp-json\/wp\/v2\/pages"}],"about":[{"href":"https:\/\/www.szentimrekorhaz.hu\/index.php\/wp-json\/wp\/v2\/types\/page"}],"author":[{"embeddable":true,"href":"https:\/\/www.szentimrekorhaz.hu\/index.php\/wp-json\/wp\/v2\/users\/3"}],"replies":[{"embeddable":true,"href":"https:\/\/www.szentimrekorhaz.hu\/index.php\/wp-json\/wp\/v2\/comments?post=46"}],"version-history":[{"count":0,"href":"https:\/\/www.szentimrekorhaz.hu\/index.php\/wp-json\/wp\/v2\/pages\/46\/revisions"}],"wp:attachment":[{"href":"https:\/\/www.szentimrekorhaz.hu\/index.php\/wp-json\/wp\/v2\/media?parent=46"}],"wp:term":[{"taxonomy":"category","embeddable":true,"href":"https:\/\/www.szentimrekorhaz.hu\/index.php\/wp-json\/wp\/v2\/categories?post=46"},{"taxonomy":"post_tag","embeddable":true,"href":"https:\/\/www.szentimrekorhaz.hu\/index.php\/wp-json\/wp\/v2\/tags?post=46"}],"curies":[{"name":"wp","href":"https:\/\/api.w.org\/{rel}","templated":true}]}}