{"id":49,"date":"2009-09-03T10:11:13","date_gmt":"2009-09-03T08:11:13","guid":{"rendered":"http:\/\/localhost\/index.php\/minosegpolitika\/"},"modified":"2025-06-04T15:16:50","modified_gmt":"2025-06-04T13:16:50","slug":"minosegpolitika","status":"publish","type":"page","link":"https:\/\/www.szentimrekorhaz.hu\/index.php\/minosegpolitika\/","title":{"rendered":"Min\u0151s\u00e9gpolitika"},"content":{"rendered":"<p><a style=\"font-size: 12px; font-weight: normal; text-decoration-line: underline;\" href=\"\/korhazunkrol\/minosegpolitika\/minosegugyi-iroda.html\">Min\u0151s\u00e9g\u00fcgyi Iroda<\/a><\/p>\n<h3 style=\"text-align: center;\">A D\u00c9L-BUDAI CENTRUMK\u00d3RH\u00c1Z SZENT IMRE EGYETEMI OKTAT\u00d3K\u00d3RH\u00c1Z<\/h3>\n<h3 style=\"text-align: center;\">MIN\u0150S\u00c9GPOLITIKAI NYILATKOZATA<\/h3>\n<p>A D\u00e9l-budai Centrumk\u00f3rh\u00e1z Szent Imre Egyetemi Oktat\u00f3k\u00f3rh\u00e1z fels\u0151- \u00e9s k\u00f6z\u00e9pszint\u0171 vezet\u00e9se, valamint minden munkat\u00e1rsa e nyilatkozatban k\u00edv\u00e1nja az \u00e1ltala ny\u00fajtott szolg\u00e1ltat\u00e1s megfelel\u0151 min\u0151s\u00e9ge ir\u00e1nti elk\u00f6telezetts\u00e9g\u00e9t meger\u0151s\u00edteni.<\/p>\n<div>Min\u0151s\u00e9gpolitik\u00e1nk \u00f6sszhangban van az Int\u00e9zm\u00e9ny\u00fcnk vezet\u00e9se \u00e1ltal meghat\u00e1rozott strat\u00e9gi\u00e1val, k\u00f3rh\u00e1zunk min\u0151s\u00e9gc\u00e9ljaival, tartalmazza a t\u00f6rv\u00e9ny \u00e9s az \u00e1ltalunk megfogalmazott k\u00f6vetelm\u00e9nyek teljes\u00edt\u00e9s\u00e9t \u00e9s az er\u0151forr\u00e1sok biztos\u00edt\u00e1s\u00e1t. Gondoskodunk arr\u00f3l, hogy min\u0151s\u00e9gc\u00e9ljainkat munkat\u00e1rsaink, partnereink, betegeink \u00e9s hozz\u00e1tartoz\u00f3ik megismerj\u00e9k \u00e9s meg\u00e9rts\u00e9k.<\/div>\n<div>Els\u0151dleges feladatunknak tekintj\u00fck, hogy betegeinket legjobb tud\u00e1sunk \u00e9s k\u00e9pess\u00e9g\u00fcnk szerint, a legbiztons\u00e1gosabb \u00e9s megnyugtat\u00f3 k\u00f6r\u00fclm\u00e9nyek k\u00f6z\u00f6tt gy\u00f3gy\u00edtsuk \u00fagy, hogy az orvos-beteg tal\u00e1lkoz\u00e1sok min\u00e9l kevesebb v\u00e1rakoz\u00e1ssal legyenek megterhelve.<\/div>\n<div>C\u00e9ljaink k\u00f6z\u00f6tt fontos szerepet j\u00e1tszik a k\u00f3rh\u00e1zunk \u00e1ltal ell\u00e1tott betegek, hozz\u00e1tartoz\u00f3ik, valamint dolgoz\u00f3ink eg\u00e9szs\u00e9g\u00e9nek v\u00e9delme, tov\u00e1bb\u00e1 a mindenkori aktu\u00e1lis helyzethez igazod\u00f3, de hat\u00e9kony betegell\u00e1t\u00e1s biztos\u00edt\u00e1sa.<\/div>\n<div>Int\u00e9zm\u00e9ny\u00fcnk a gy\u00f3gy\u00edt\u00e1s mellett a min\u0151s\u00e9gi oktat\u00e1s ir\u00e1nt is elk\u00f6telezett, megalapozva ezzel a j\u00f6v\u0151beni gy\u00f3gy\u00edt\u00e1s elm\u00e9leti \u00e9s gyakorlati felt\u00e9teleit. Munkat\u00e1rsaink nagy szak\u00e9rtelemmel \u00e9s kiemelt odafigyel\u00e9ssel oktatj\u00e1k az orvostudom\u00e1nyt, a beteg\u00e1pol\u00e1st \u00e9s az egy\u00e9b szakk\u00e9pz\u00e9seket gradu\u00e1lis \u00e9s posztgradu\u00e1lis szinten, hallgat\u00f3ink mind nagyobb szakmai tud\u00e1s\u00e1nak el\u00e9r\u00e9se \u00e9rdek\u00e9ben.<\/div>\n<div><\/div>\n<div>C\u00e9ljaink megval\u00f3s\u00edt\u00e1s\u00e1ra:<\/div>\n<ul>\n<li>\u00a0Vezet\u0151s\u00e9g\u00fcnk elk\u00f6telezett a magas sz\u00ednvonalon ny\u00fajtott min\u0151s\u00e9gi betegell\u00e1t\u00e1s mellett, ez\u00e9rt feladatainkat \u00e1tgondolt, szab\u00e1lyozott k\u00f6r\u00fclm\u00e9nyek k\u00f6z\u00f6tt, az Int\u00e9zm\u00e9ny dolgoz\u00f3ival \u00e9s egy\u00fcttm\u0171k\u00f6d\u0151 partnereivel k\u00f6z\u00f6sen v\u00e9gezz\u00fck.<\/li>\n<li>\u00a0Olyan felt\u00e9telek megteremt\u00e9s\u00e9re t\u00f6reksz\u00fcnk, amelyek biztos\u00edtj\u00e1k a biztons\u00e1gos, betegk\u00f6zpont\u00fa, hat\u00e9kony m\u0171k\u00f6d\u00e9st \u00e9s annak folyamatos jav\u00edt\u00e1s\u00e1t, a betegek emberi m\u00e9lt\u00f3s\u00e1g\u00e1nak \u00e9s jogainak tiszteletben tart\u00e1s\u00e1t, a szakma szab\u00e1lyainak \u00e9s az \u00e9rv\u00e9nyes jogszab\u00e1lyoknak megfelel\u0151 m\u0171k\u00f6d\u00e9st, kivizsg\u00e1l\u00e1st, gy\u00f3gy\u00edt\u00e1st, \u00e1pol\u00e1st \u00e9s a sz\u00fcks\u00e9ges, hozz\u00e1f\u00e9rhet\u0151, kiel\u00e9g\u00edt\u0151 t\u00e1j\u00e9koztat\u00e1st \u00e9s visszajelz\u00e9st, a kock\u00e1zatok m\u00e9rs\u00e9kl\u00e9s\u00e9t \u00e9s a nemk\u00edv\u00e1natos esem\u00e9nyek el\u0151fordul\u00e1s\u00e1nak cs\u00f6kkent\u00e9s\u00e9t is. Az orvostudom\u00e1ny fejl\u0151d\u00e9s\u00e9t nyomon k\u00f6vetve, folyamatosan fejlesztj\u00fck tev\u00e9kenys\u00e9geinket, amelyet a gy\u00f3gy\u00e1szati term\u00e9kek naprak\u00e9sz ismerete, illetve a nemzetk\u00f6zi \u00e9s a hazai szakmai koll\u00e9giumok tapasztalatai is biztos\u00edtanak sz\u00e1munkra.<\/li>\n<li>\u00a0Feladataink elv\u00e9gz\u00e9s\u00e9hez biztos\u00edtjuk a megfelel\u0151 hum\u00e1n-, \u00e9s infrastruktur\u00e1lis er\u0151forr\u00e1sokat. Tev\u00e9kenys\u00e9g\u00fcnk sor\u00e1n kiemelt figyelmet helyez\u00fcnk k\u00f6rnyezet\u00fcnk v\u00e9delm\u00e9re is. Kit\u0171z\u00f6tt c\u00e9ljaink megval\u00f3s\u00edt\u00e1s\u00e1t a munk\u00e1jukra ig\u00e9nyes munkat\u00e1rsaink szavatolj\u00e1k, akik a jogszab\u00e1lyi-, illetve az \u00e1ltalunk megfogalmazott szakk\u00e9pzetts\u00e9ggel \u00e9s gyakorlattal rendelkeznek. C\u00e9lunk olyan vezet\u00e9si kult\u00fara \u00e9s munkahelyi l\u00e9gk\u00f6r kialak\u00edt\u00e1sa, amelyben munkat\u00e1rsaink \u2013 a min\u0151s\u00e9gi munkav\u00e9gz\u00e9s \u00e9s annak fenntart\u00e1sa \u00e9rdek\u00e9ben \u2013 k\u00e9pess\u00e9geiket a betegell\u00e1t\u00e1s el\u0151ny\u00e9re folyamatosan fejlesztik \u00e9s kamatoztatj\u00e1k.<\/li>\n<li>\u00a0A rendelkez\u00e9sre \u00e1ll\u00f3 forr\u00e1sokb\u00f3l, p\u00e1ly\u00e1zatok sor\u00e1n befolyt \u00f6sszegekb\u0151l a K\u00f3rh\u00e1z eszk\u00f6zparkj\u00e1nak b\u0151v\u00edt\u00e9se, gy\u00f3gyf\u00fcrd\u0151 \u00e9p\u00edt\u00e9se.<\/li>\n<li>\u00a0Int\u00e9zm\u00e9ny\u00fcnkben hat\u00e9konyan m\u0171k\u00f6dtetj\u00fck \u00e9s folyamatosan fejlesztj\u00fck a kock\u00e1zat\u00e9rt\u00e9kel\u00e9sen alapul\u00f3 ISO 9001-es szabv\u00e1nyok, valamint a Magyar Eg\u00e9szs\u00e9g\u00fcgyi Ell\u00e1t\u00e1si Standardok k\u00f6vetelm\u00e9nyeinek megfelel\u0151en tan\u00fas\u00edtott integr\u00e1lt min\u0151s\u00e9gir\u00e1ny\u00edt\u00e1si rendszer\u00fcnket.<\/li>\n<\/ul>\n<div><\/div>\n<div>Budapest, 2023. okt\u00f3ber 09.<\/div>\n<div><\/div>\n\n\n\n\t<div class=\"dkpdf-button-container\" style=\"            text-align:right \">\n\n\t\t<a class=\"dkpdf-button\" href=\"\/index.php\/wp-json\/wp\/v2\/pages\/49?pdf=49\" target=\"_blank\"><span class=\"dkpdf-button-icon\"><i class=\"fa fa-file-pdf-o\"><\/i><\/span> Let\u00f6lt\u00e9s<\/a>\n\n\t<\/div>\n\n\n\n\n\n<!-- PMB print buttons is only displayed on a single post\/page URLs-->","protected":false},"excerpt":{"rendered":"<p>\n\t&nbsp;<\/p>\n","protected":false},"author":3,"featured_media":0,"parent":0,"menu_order":28,"comment_status":"closed","ping_status":"closed","template":"","meta":{"_acf_changed":false,"footnotes":""},"categories":[],"tags":[],"class_list":["post-49","page","type-page","status-publish","hentry"],"acf":[],"post_type":"page","author_name":"backup","_links":{"self":[{"href":"https:\/\/www.szentimrekorhaz.hu\/index.php\/wp-json\/wp\/v2\/pages\/49","targetHints":{"allow":["GET"]}}],"collection":[{"href":"https:\/\/www.szentimrekorhaz.hu\/index.php\/wp-json\/wp\/v2\/pages"}],"about":[{"href":"https:\/\/www.szentimrekorhaz.hu\/index.php\/wp-json\/wp\/v2\/types\/page"}],"author":[{"embeddable":true,"href":"https:\/\/www.szentimrekorhaz.hu\/index.php\/wp-json\/wp\/v2\/users\/3"}],"replies":[{"embeddable":true,"href":"https:\/\/www.szentimrekorhaz.hu\/index.php\/wp-json\/wp\/v2\/comments?post=49"}],"version-history":[{"count":1,"href":"https:\/\/www.szentimrekorhaz.hu\/index.php\/wp-json\/wp\/v2\/pages\/49\/revisions"}],"predecessor-version":[{"id":1269,"href":"https:\/\/www.szentimrekorhaz.hu\/index.php\/wp-json\/wp\/v2\/pages\/49\/revisions\/1269"}],"wp:attachment":[{"href":"https:\/\/www.szentimrekorhaz.hu\/index.php\/wp-json\/wp\/v2\/media?parent=49"}],"wp:term":[{"taxonomy":"category","embeddable":true,"href":"https:\/\/www.szentimrekorhaz.hu\/index.php\/wp-json\/wp\/v2\/categories?post=49"},{"taxonomy":"post_tag","embeddable":true,"href":"https:\/\/www.szentimrekorhaz.hu\/index.php\/wp-json\/wp\/v2\/tags?post=49"}],"curies":[{"name":"wp","href":"https:\/\/api.w.org\/{rel}","templated":true}]}}