{"id":50,"date":"2009-09-03T10:11:33","date_gmt":"2009-09-03T08:11:33","guid":{"rendered":"http:\/\/localhost\/index.php\/elismeresek\/"},"modified":"2025-06-19T13:37:52","modified_gmt":"2025-06-19T11:37:52","slug":"elismeresek","status":"publish","type":"page","link":"https:\/\/www.szentimrekorhaz.hu\/index.php\/elismeresek\/","title":{"rendered":"Elismer\u00e9sek, sikereink"},"content":{"rendered":"\n<p><strong>2025. m\u00e1rcius 10-\u00e9n a Semmelweis Egyetemen Rektori D\u00edcs\u00e9retben r\u00e9szes\u00fclt:<\/strong><\/p>\n\n\n\n<p>Friedrichn\u00e9 Nagy Andrea \u2013 Gy\u00f3gytorn\u00e1sz Szolg\u00e1lat munkat\u00e1rsa<\/p>\n\n\n\n<hr class=\"wp-block-separator has-alpha-channel-opacity\">\n\n\n<p><strong>2014-ben az \u201eOrvosi Hetilap Markusovszky Lajos-d\u00edj\u201d-ban r\u00e9szes\u00fcltek:<\/strong><\/p>\n<p>Prof. Dr. Bedros J. R\u00f3bert f\u0151igazgat\u00f3 tansz\u00e9kvezet\u0151<br>\nProf. Dr. Simonyi G\u00e1bor f\u0151orvos<br>\nA rezisztens hypertonia eszk\u00f6z\u00f6s kezel\u00e9se munk\u00e1juk\u00e9rt.<span style=\"display: none;\">\u00a0<\/span><\/p>\n\n\n\t<div class=\"dkpdf-button-container\" style=\"            text-align:right \">\n\n\t\t<a class=\"dkpdf-button\" href=\"\/index.php\/wp-json\/wp\/v2\/pages\/50?pdf=50\" target=\"_blank\"><span class=\"dkpdf-button-icon\"><i class=\"fa fa-file-pdf-o\"><\/i><\/span> Let\u00f6lt\u00e9s<\/a>\n\n\t<\/div>\n\n\n\n\n\n<!-- PMB print buttons is only displayed on a single post\/page URLs-->","protected":false},"excerpt":{"rendered":"<p>2025. m\u00e1rcius 10-\u00e9n a Semmelweis Egyetemen Rektori D\u00edcs\u00e9retben r\u00e9szes\u00fclt: Friedrichn\u00e9 Nagy Andrea \u2013 Gy\u00f3gytorn\u00e1sz Szolg\u00e1lat munkat\u00e1rsa 2014-ben az \u201eOrvosi Hetilap Markusovszky Lajos-d\u00edj\u201d-ban r\u00e9szes\u00fcltek: Prof. Dr.&hellip;<\/p>\n","protected":false},"author":1,"featured_media":0,"parent":0,"menu_order":29,"comment_status":"closed","ping_status":"closed","template":"","meta":{"_acf_changed":false,"footnotes":""},"categories":[],"tags":[],"class_list":["post-50","page","type-page","status-publish","hentry"],"acf":[],"post_type":"page","author_name":"admin","_links":{"self":[{"href":"https:\/\/www.szentimrekorhaz.hu\/index.php\/wp-json\/wp\/v2\/pages\/50","targetHints":{"allow":["GET"]}}],"collection":[{"href":"https:\/\/www.szentimrekorhaz.hu\/index.php\/wp-json\/wp\/v2\/pages"}],"about":[{"href":"https:\/\/www.szentimrekorhaz.hu\/index.php\/wp-json\/wp\/v2\/types\/page"}],"author":[{"embeddable":true,"href":"https:\/\/www.szentimrekorhaz.hu\/index.php\/wp-json\/wp\/v2\/users\/1"}],"replies":[{"embeddable":true,"href":"https:\/\/www.szentimrekorhaz.hu\/index.php\/wp-json\/wp\/v2\/comments?post=50"}],"version-history":[{"count":3,"href":"https:\/\/www.szentimrekorhaz.hu\/index.php\/wp-json\/wp\/v2\/pages\/50\/revisions"}],"predecessor-version":[{"id":1719,"href":"https:\/\/www.szentimrekorhaz.hu\/index.php\/wp-json\/wp\/v2\/pages\/50\/revisions\/1719"}],"wp:attachment":[{"href":"https:\/\/www.szentimrekorhaz.hu\/index.php\/wp-json\/wp\/v2\/media?parent=50"}],"wp:term":[{"taxonomy":"category","embeddable":true,"href":"https:\/\/www.szentimrekorhaz.hu\/index.php\/wp-json\/wp\/v2\/categories?post=50"},{"taxonomy":"post_tag","embeddable":true,"href":"https:\/\/www.szentimrekorhaz.hu\/index.php\/wp-json\/wp\/v2\/tags?post=50"}],"curies":[{"name":"wp","href":"https:\/\/api.w.org\/{rel}","templated":true}]}}