{"id":507,"date":"2019-07-12T11:27:01","date_gmt":"2019-07-12T09:27:01","guid":{"rendered":"http:\/\/localhost\/index.php\/varolista\/"},"modified":"2025-06-04T15:26:07","modified_gmt":"2025-06-04T13:26:07","slug":"varolista","status":"publish","type":"page","link":"https:\/\/www.szentimrekorhaz.hu\/index.php\/varolista\/","title":{"rendered":"V\u00e1r\u00f3lista"},"content":{"rendered":"<p style=\"text-align: left;\">2012. j\u00falius 1-\u00e9t\u00f5l jogszab\u00e1lyv\u00e1ltoz\u00e1s t\u00f6rt\u00e9nt. Int\u00e9zet\u00fcnk ezut\u00e1n nem vezet semmilyen oszt\u00e1lyos v\u00e1r\u00f3list\u00e1t. A k\u00f6zponti, \u00f6sszes\u00edtett v\u00e1r\u00f3list\u00e1kat az Orsz\u00e1gos Online V\u00e1r\u00f3lista Rendszerben, al\u00e1bbi oldalon tekintheti meg:<\/p>\n<p style=\"text-align: center;\"><a href=\"https:\/\/jogviszony.neak.gov.hu\/varolista_pub\/\" target=\"_blank\" rel=\"noopener\"><img decoding=\"async\" style=\"width: 173px; height: 65px;\" src=\"\/wp-content\/uploads\/2019\/07\/SORRENDxx.png\" alt=\"Orsz\u00e1gos online v\u00e1r\u00f3lista ny\u00edlv\u00e1ntart\u00f3 rendszer\"><\/a><\/p>\n\n\n\n\t<div class=\"dkpdf-button-container\" style=\"            text-align:right \">\n\n\t\t<a class=\"dkpdf-button\" href=\"\/index.php\/wp-json\/wp\/v2\/pages\/507?pdf=507\" target=\"_blank\"><span class=\"dkpdf-button-icon\"><i class=\"fa fa-file-pdf-o\"><\/i><\/span> Let\u00f6lt\u00e9s<\/a>\n\n\t<\/div>\n\n\n\n\n\n<!-- PMB print buttons is only displayed on a single post\/page URLs-->","protected":false},"excerpt":{"rendered":"<p>2012. j\u00falius 1-\u00e9t\u00f5l jogszab\u00e1lyv\u00e1ltoz\u00e1s t\u00f6rt\u00e9nt. Int\u00e9zet\u00fcnk ezut\u00e1n nem vezet semmilyen oszt\u00e1lyos v\u00e1r\u00f3list\u00e1t. A k\u00f6zponti, \u00f6sszes\u00edtett v\u00e1r\u00f3list\u00e1kat az Orsz\u00e1gos Online V\u00e1r\u00f3lista Rendszerben, al\u00e1bbi oldalon tekintheti meg:&hellip;<\/p>\n","protected":false},"author":2,"featured_media":506,"parent":0,"menu_order":1,"comment_status":"closed","ping_status":"closed","template":"","meta":{"_acf_changed":false,"footnotes":""},"categories":[],"tags":[],"class_list":["post-507","page","type-page","status-publish","has-post-thumbnail","hentry"],"acf":[],"post_type":"page","author_name":"Bal\u00f3 \u00c1d\u00e1m","_links":{"self":[{"href":"https:\/\/www.szentimrekorhaz.hu\/index.php\/wp-json\/wp\/v2\/pages\/507","targetHints":{"allow":["GET"]}}],"collection":[{"href":"https:\/\/www.szentimrekorhaz.hu\/index.php\/wp-json\/wp\/v2\/pages"}],"about":[{"href":"https:\/\/www.szentimrekorhaz.hu\/index.php\/wp-json\/wp\/v2\/types\/page"}],"author":[{"embeddable":true,"href":"https:\/\/www.szentimrekorhaz.hu\/index.php\/wp-json\/wp\/v2\/users\/2"}],"replies":[{"embeddable":true,"href":"https:\/\/www.szentimrekorhaz.hu\/index.php\/wp-json\/wp\/v2\/comments?post=507"}],"version-history":[{"count":2,"href":"https:\/\/www.szentimrekorhaz.hu\/index.php\/wp-json\/wp\/v2\/pages\/507\/revisions"}],"predecessor-version":[{"id":1275,"href":"https:\/\/www.szentimrekorhaz.hu\/index.php\/wp-json\/wp\/v2\/pages\/507\/revisions\/1275"}],"wp:featuredmedia":[{"embeddable":true,"href":"https:\/\/www.szentimrekorhaz.hu\/index.php\/wp-json\/wp\/v2\/media\/506"}],"wp:attachment":[{"href":"https:\/\/www.szentimrekorhaz.hu\/index.php\/wp-json\/wp\/v2\/media?parent=507"}],"wp:term":[{"taxonomy":"category","embeddable":true,"href":"https:\/\/www.szentimrekorhaz.hu\/index.php\/wp-json\/wp\/v2\/categories?post=507"},{"taxonomy":"post_tag","embeddable":true,"href":"https:\/\/www.szentimrekorhaz.hu\/index.php\/wp-json\/wp\/v2\/tags?post=507"}],"curies":[{"name":"wp","href":"https:\/\/api.w.org\/{rel}","templated":true}]}}