{"id":53,"date":"2025-05-21T07:45:17","date_gmt":"2025-05-21T05:45:17","guid":{"rendered":"http:\/\/localhost\/?page_id=53"},"modified":"2025-11-19T15:04:48","modified_gmt":"2025-11-19T14:04:48","slug":"fekvobetegellatas","status":"publish","type":"page","link":"https:\/\/www.szentimrekorhaz.hu\/index.php\/fekvobetegellatas\/","title":{"rendered":"Fekv\u0151beteg ell\u00e1t\u00e1s"},"content":{"rendered":"<h2>D\u00e9l-budai Centrumk\u00f3rh\u00e1z Szent Imre Egyetemi Oktat\u00f3k\u00f3rh\u00e1z<\/h2>\n<h3>F\u0151igazgat\u00f3: Prof. Dr. Bedros J. R\u00f3bert tansz\u00e9kvezet\u0151, c. egyetemi tan\u00e1r<\/h3>\n<h4><strong>Sz\u00e9khely \u00e9s postac\u00edm:<\/strong> <strong>1115 Budapest, T\u00e9t\u00e9nyi \u00fat 12-16.<\/strong><br>\nK\u00f6zponti telefonsz\u00e1m: 06-1-464-8600<br>\nEmail: titkarsag@szentimrekorhaz.hu<br>\nWebhely: <a href=\"http:\/\/szentimrekorhaz.hu\">szentimrekorhaz.hu<\/a><\/h4>\n<h2><\/h2>\n<h2>S\u00fcrg\u0151ss\u00e9gi Betegell\u00e1t\u00f3 Oszt\u00e1ly<\/h2>\n<ul>\n<li><a href=\"\/index.php\/surgossegi-betegellatasi-egyseg\/\">S\u00fcrg\u0151ss\u00e9gi Betegell\u00e1t\u00f3 Egys\u00e9g<\/a><\/li>\n<li>Speci\u00e1lis Intenz\u00edv Ter\u00e1pi\u00e1s Egys\u00e9g<\/li>\n<li>K\u00f6zponti M\u0171t\u0151<\/li>\n<li><a href=\"http:\/\/www.szentimrekorhaz.hu\/hu\/szolgaltatasaink\/fekvobetegellatas\/aneszt-intenziv-terapiasosztaly\/186-intenziv-terapas-egyseg.html\">Aneszteziol\u00f3gia \u00e9s Intenz\u00edv Ter\u00e1pi\u00e1s Oszt\u00e1ly<\/a><\/li>\n<\/ul>\n<h2>Speci\u00e1lis Intenz\u00edv \u00c1pol\u00e1si Egys\u00e9g<\/h2>\n<ul>\n<li>SBC Neurointenz\u00edv Ter\u00e1pi\u00e1s Egys\u00e9g<\/li>\n<li>SBC Posztoperat\u00edv \u0150rz\u0151<\/li>\n<li>SBC Koron\u00e1ria \u0150rz\u0151<\/li>\n<\/ul>\n<h2>Operat\u00edv Szakm\u00e1k M\u00e1trix Szervezete<\/h2>\n<ul>\n<li>\u00c1ltal\u00e1nos Seb\u00e9szeti Profil<\/li>\n<li>\u00c9rseb\u00e9szeti Profil<\/li>\n<li>Plasztikai Seb\u00e9szeti Profil<\/li>\n<li>Sz\u00fcl\u00e9szeti \u2013 N\u0151gy\u00f3gy\u00e1szati Profil<\/li>\n<li>F\u00fcl-Orr-G\u00e9g\u00e9szeti Profil<\/li>\n<li>Szem\u00e9szeti Profil<\/li>\n<\/ul>\n<h2>Belgy\u00f3gy\u00e1szati Szakm\u00e1k M\u00e1trix Szervezete<\/h2>\n<ul>\n<li>Nefrol\u00f3giai Profil (Nefrol\u00f3gia \u2013 Hipert\u00f3nia)<\/li>\n<li>Angiol\u00f3giai Profil<\/li>\n<li>Gasztroenterol\u00f3giai Profil\n<ul>\n<li>Anyagcsere K\u00f6zpont<\/li>\n<li>Diabetol\u00f3gia<\/li>\n<li>Endocrinol\u00f3gia<\/li>\n<li>Obesitol\u00f3gia \u2013 Lipidol\u00f3gia<\/li>\n<li>\u00c1ltal\u00e1nos Kardiol\u00f3giai Profil, Koron\u00e1ria \u0150rz\u0151<\/li>\n<li>Kiemelt Hotelszolg\u00e1lat (k\u00f6zvetlen orvos igazgat\u00f3i ir\u00e1ny\u00edt\u00e1s alatt)<\/li>\n<\/ul>\n<\/li>\n<\/ul>\n<h2>\u00d6n\u00e1ll\u00f3 oszt\u00e1lyok<\/h2>\n<ul>\n<li>Neurol\u00f3giai Oszt\u00e1ly<\/li>\n<li>Neurol\u00f3giai \u2013 Stroke betegell\u00e1t\u00f3 Rehabilit\u00e1ci\u00f3s Oszt\u00e1ly<\/li>\n<li>Pszichi\u00e1triai Oszt\u00e1ly<\/li>\n<li>Geri\u00e1triai \u00e9s Gerontopszichi\u00e1triai Rehabilit\u00e1ci\u00f3s Oszt\u00e1ly<\/li>\n<li>Kr\u00f3nikus Oszt\u00e1ly<\/li>\n<li>Klinikai Onkol\u00f3giai Oszt\u00e1ly<\/li>\n<\/ul>\n\n\n\n\t<div class=\"dkpdf-button-container\" style=\"            text-align:right \">\n\n\t\t<a class=\"dkpdf-button\" href=\"\/index.php\/wp-json\/wp\/v2\/pages\/53?pdf=53\" target=\"_blank\"><span class=\"dkpdf-button-icon\"><i class=\"fa fa-file-pdf-o\"><\/i><\/span> Let\u00f6lt\u00e9s<\/a>\n\n\t<\/div>\n\n\n\n\n\n<!-- PMB print buttons is only displayed on a single post\/page URLs-->","protected":false},"excerpt":{"rendered":"<p>D\u00e9l-budai Centrumk\u00f3rh\u00e1z Szent Imre Egyetemi Oktat\u00f3k\u00f3rh\u00e1z F\u0151igazgat\u00f3: Prof. Dr. Bedros J. R\u00f3bert tansz\u00e9kvezet\u0151, c. egyetemi tan\u00e1r Sz\u00e9khely \u00e9s postac\u00edm: 1115 Budapest, T\u00e9t\u00e9nyi \u00fat 12-16. K\u00f6zponti&hellip;<\/p>\n","protected":false},"author":3,"featured_media":0,"parent":0,"menu_order":2,"comment_status":"closed","ping_status":"closed","template":"","meta":{"_acf_changed":false,"_uag_custom_page_level_css":"","footnotes":""},"categories":[],"tags":[],"class_list":["post-53","page","type-page","status-publish","hentry"],"acf":[],"uagb_featured_image_src":{"full":false,"thumbnail":false,"medium":false,"medium_large":false,"large":false,"1536x1536":false,"2048x2048":false,"410x410":false},"uagb_author_info":{"display_name":"backup","author_link":"https:\/\/www.szentimrekorhaz.hu\/index.php\/author\/backup\/"},"uagb_comment_info":0,"uagb_excerpt":"D\u00e9l-budai Centrumk\u00f3rh\u00e1z Szent Imre Egyetemi Oktat\u00f3k\u00f3rh\u00e1z F\u0151igazgat\u00f3: Prof. Dr. Bedros J. R\u00f3bert tansz\u00e9kvezet\u0151, c. egyetemi tan\u00e1r Sz\u00e9khely \u00e9s postac\u00edm: 1115 Budapest, T\u00e9t\u00e9nyi \u00fat 12-16. K\u00f6zponti&hellip;","post_type":"page","author_name":"backup","_links":{"self":[{"href":"https:\/\/www.szentimrekorhaz.hu\/index.php\/wp-json\/wp\/v2\/pages\/53","targetHints":{"allow":["GET"]}}],"collection":[{"href":"https:\/\/www.szentimrekorhaz.hu\/index.php\/wp-json\/wp\/v2\/pages"}],"about":[{"href":"https:\/\/www.szentimrekorhaz.hu\/index.php\/wp-json\/wp\/v2\/types\/page"}],"author":[{"embeddable":true,"href":"https:\/\/www.szentimrekorhaz.hu\/index.php\/wp-json\/wp\/v2\/users\/3"}],"replies":[{"embeddable":true,"href":"https:\/\/www.szentimrekorhaz.hu\/index.php\/wp-json\/wp\/v2\/comments?post=53"}],"version-history":[{"count":3,"href":"https:\/\/www.szentimrekorhaz.hu\/index.php\/wp-json\/wp\/v2\/pages\/53\/revisions"}],"predecessor-version":[{"id":3227,"href":"https:\/\/www.szentimrekorhaz.hu\/index.php\/wp-json\/wp\/v2\/pages\/53\/revisions\/3227"}],"wp:attachment":[{"href":"https:\/\/www.szentimrekorhaz.hu\/index.php\/wp-json\/wp\/v2\/media?parent=53"}],"wp:term":[{"taxonomy":"category","embeddable":true,"href":"https:\/\/www.szentimrekorhaz.hu\/index.php\/wp-json\/wp\/v2\/categories?post=53"},{"taxonomy":"post_tag","embeddable":true,"href":"https:\/\/www.szentimrekorhaz.hu\/index.php\/wp-json\/wp\/v2\/tags?post=53"}],"curies":[{"name":"wp","href":"https:\/\/api.w.org\/{rel}","templated":true}]}}