{"id":60,"date":"2009-09-03T10:17:50","date_gmt":"2009-09-03T08:17:50","guid":{"rendered":"http:\/\/localhost\/index.php\/hazirend\/"},"modified":"2025-08-14T15:03:32","modified_gmt":"2025-08-14T13:03:32","slug":"hazirend","status":"publish","type":"page","link":"https:\/\/www.szentimrekorhaz.hu\/index.php\/hazirend\/","title":{"rendered":"H\u00e1zirend"},"content":{"rendered":"<p>Itt megtekinthet\u0151k a k\u00f3rh\u00e1z bels\u0151 rendj\u00e9vel \u00f6sszef\u00fcgg\u0151 el\u0151\u00edr\u00e1sok<\/p>\n\n\n<div data-wp-interactive=\"core\/file\" class=\"wp-block-file\"><object data-wp-bind--hidden=\"!state.hasPdfPreview\" hidden class=\"wp-block-file__embed\" data=\"https:\/\/www.szentimrekorhaz.hu\/wp-content\/uploads\/2025\/06\/Hazirend-1.pdf\" type=\"application\/pdf\" style=\"width:100%;height:600px\" aria-label=\"H\u00e1zirend be\u00e1gyaz\u00e1sa\"><\/object><a id=\"wp-block-file--media-ee690459-effe-4247-add6-cb2bff74ef6b\" href=\"https:\/\/www.szentimrekorhaz.hu\/wp-content\/uploads\/2025\/06\/Hazirend-1.pdf\">H\u00e1zirend<\/a><a href=\"https:\/\/www.szentimrekorhaz.hu\/wp-content\/uploads\/2025\/06\/Hazirend-1.pdf\" class=\"wp-block-file__button wp-element-button\" download aria-describedby=\"wp-block-file--media-ee690459-effe-4247-add6-cb2bff74ef6b\">Let\u00f6lt\u00e9s<\/a><\/div>\n\n\n\n<div data-wp-interactive=\"core\/file\" class=\"wp-block-file\"><object data-wp-bind--hidden=\"!state.hasPdfPreview\" hidden class=\"wp-block-file__embed\" data=\"https:\/\/www.szentimrekorhaz.hu\/wp-content\/uploads\/2025\/08\/Hazirend_korrketura-nelkul.pdf\" type=\"application\/pdf\" style=\"width:100%;height:600px\" aria-label=\"Akad\u00e1lymentes\u00edtett - H\u00e1zirend be\u00e1gyaz\u00e1sa\"><\/object><a id=\"wp-block-file--media-44f76ecc-0a78-47a8-a5f7-10f035ca4f50\" href=\"https:\/\/www.szentimrekorhaz.hu\/wp-content\/uploads\/2025\/08\/Hazirend_korrketura-nelkul.pdf\">Akad\u00e1lymentes\u00edtett \u2013 H\u00e1zirend<\/a><a href=\"https:\/\/www.szentimrekorhaz.hu\/wp-content\/uploads\/2025\/08\/Hazirend_korrketura-nelkul.pdf\" class=\"wp-block-file__button wp-element-button\" download aria-describedby=\"wp-block-file--media-44f76ecc-0a78-47a8-a5f7-10f035ca4f50\">Let\u00f6lt\u00e9s<\/a><\/div>\n\n\n\n<p><\/p>\n\n\n\n\t<div class=\"dkpdf-button-container\" style=\"            text-align:right \">\n\n\t\t<a class=\"dkpdf-button\" href=\"\/index.php\/wp-json\/wp\/v2\/pages\/60?pdf=60\" target=\"_blank\"><span class=\"dkpdf-button-icon\"><i class=\"fa fa-file-pdf-o\"><\/i><\/span> Let\u00f6lt\u00e9s<\/a>\n\n\t<\/div>\n\n\n\n\n\n<!-- PMB print buttons is only displayed on a single post\/page URLs-->","protected":false},"excerpt":{"rendered":"<p>Itt megtekinthet\u0151k a k\u00f3rh\u00e1z bels\u0151 rendj\u00e9vel \u00f6sszef\u00fcgg\u0151 el\u0151\u00edr\u00e1sok Let\u00f6lt\u00e9s<\/p>\n","protected":false},"author":3,"featured_media":0,"parent":0,"menu_order":11,"comment_status":"closed","ping_status":"closed","template":"","meta":{"_acf_changed":false,"footnotes":""},"categories":[],"tags":[],"class_list":["post-60","page","type-page","status-publish","hentry"],"acf":[],"post_type":"page","author_name":"backup","_links":{"self":[{"href":"https:\/\/www.szentimrekorhaz.hu\/index.php\/wp-json\/wp\/v2\/pages\/60","targetHints":{"allow":["GET"]}}],"collection":[{"href":"https:\/\/www.szentimrekorhaz.hu\/index.php\/wp-json\/wp\/v2\/pages"}],"about":[{"href":"https:\/\/www.szentimrekorhaz.hu\/index.php\/wp-json\/wp\/v2\/types\/page"}],"author":[{"embeddable":true,"href":"https:\/\/www.szentimrekorhaz.hu\/index.php\/wp-json\/wp\/v2\/users\/3"}],"replies":[{"embeddable":true,"href":"https:\/\/www.szentimrekorhaz.hu\/index.php\/wp-json\/wp\/v2\/comments?post=60"}],"version-history":[{"count":4,"href":"https:\/\/www.szentimrekorhaz.hu\/index.php\/wp-json\/wp\/v2\/pages\/60\/revisions"}],"predecessor-version":[{"id":2301,"href":"https:\/\/www.szentimrekorhaz.hu\/index.php\/wp-json\/wp\/v2\/pages\/60\/revisions\/2301"}],"wp:attachment":[{"href":"https:\/\/www.szentimrekorhaz.hu\/index.php\/wp-json\/wp\/v2\/media?parent=60"}],"wp:term":[{"taxonomy":"category","embeddable":true,"href":"https:\/\/www.szentimrekorhaz.hu\/index.php\/wp-json\/wp\/v2\/categories?post=60"},{"taxonomy":"post_tag","embeddable":true,"href":"https:\/\/www.szentimrekorhaz.hu\/index.php\/wp-json\/wp\/v2\/tags?post=60"}],"curies":[{"name":"wp","href":"https:\/\/api.w.org\/{rel}","templated":true}]}}