{"id":61,"date":"2009-09-03T10:18:05","date_gmt":"2009-09-03T08:18:05","guid":{"rendered":"http:\/\/localhost\/index.php\/mittegyenhaerkezobeteg\/"},"modified":"2026-02-17T11:33:29","modified_gmt":"2026-02-17T10:33:29","slug":"mittegyenhaerkezobeteg-2","status":"publish","type":"page","link":"https:\/\/www.szentimrekorhaz.hu\/index.php\/mittegyenhaerkezobeteg-2\/","title":{"rendered":"Mit tegyen, ha \u00e9rkez\u0151 beteg?"},"content":{"rendered":"<h3>Tudnival\u00f3k \u00e9rkez\u0151 betegeink sz\u00e1m\u00e1ra<\/h3>\n<p>A nem s\u00fcrg\u0151ss\u00e9ggel beutalt, felv\u00e9telre jelentkez\u0151 beteg a megfelel\u0151 oszt\u00e1lyra, \u00e1pol\u00e1si egys\u00e9gbe \u00e9rkezik, t\u0151le az \u0151t fogad\u00f3 szem\u00e9ly elk\u00e9ri a beutal\u00f3t, szem\u00e9lyi igazolv\u00e1nyt (\u00fatlevelet) \u00e9s a TAJ k\u00e1rty\u00e1t (biztos\u00edt\u00e1si okm\u00e1nyt). Ezek alapj\u00e1n felveszi a beteg adatait.<\/p>\n<p>Mindig el kell hozni az el\u0151z\u0151 z\u00e1r\u00f3jelent\u00e9seket, kor\u00e1bbi leleteket \u00e9s a jelenleg szedett gy\u00f3gyszerek list\u00e1j\u00e1t is Ezekr\u0151l m\u00e1solat vagy a k\u00f3rlapban kivonat k\u00e9sz\u00fcl, az eredeti dokumentumokat a beteg visszakapja.<\/p>\n<p>A k\u00f3rh\u00e1zi tart\u00f3zkod\u00e1shoz sz\u00fcks\u00e9g van tiszt\u00e1lkod\u00e1si- \u00e9s ev\u0151eszk\u00f6z\u00f6kre, h\u00e1l\u00f3ruh\u00e1ra, k\u00f6nt\u00f6sre, papucsra. Ha gy\u00f3gytorna is tartozik a kezel\u00e9shez, akkor szabadid\u0151-felszerel\u00e9st is c\u00e9lszer\u0171 csomagolni.<\/p>\n<p>Az \u00e9rt\u00e9kt\u00e1rgyakat c\u00e9lszer\u0171 otthon hagyni, vagy ha ez nem lehets\u00e9ges, akkor let\u00e9tbe helyezni a k\u00f3rh\u00e1z p\u00e9nzt\u00e1r\u00e1ban. Ehhez a f\u0151n\u0151v\u00e9r seg\u00edts\u00e9get ny\u00fajt.<\/p>\n\n\n<div data-wp-interactive=\"core\/file\" class=\"wp-block-file\"><object data-wp-bind--hidden=\"!state.hasPdfPreview\" hidden class=\"wp-block-file__embed\" data=\"https:\/\/www.szentimrekorhaz.hu\/wp-content\/uploads\/2025\/06\/Szolgaltatasi-tajekoztato-2.pdf\" type=\"application\/pdf\" style=\"width:100%;height:600px\" aria-label=\"Szolg\u00e1ltat\u00e1si t\u00e1j\u00e9koztat\u00f3 be\u00e1gyaz\u00e1sa\"><\/object><a id=\"wp-block-file--media-c1bed4d3-0882-4f96-8d13-1a10f0fcc39a\" href=\"https:\/\/www.szentimrekorhaz.hu\/wp-content\/uploads\/2025\/06\/Szolgaltatasi-tajekoztato-2.pdf\">Szolg\u00e1ltat\u00e1si t\u00e1j\u00e9koztat\u00f3<\/a><a href=\"https:\/\/www.szentimrekorhaz.hu\/wp-content\/uploads\/2025\/06\/Szolgaltatasi-tajekoztato-2.pdf\" class=\"wp-block-file__button wp-element-button\" download aria-describedby=\"wp-block-file--media-c1bed4d3-0882-4f96-8d13-1a10f0fcc39a\">Let\u00f6lt\u00e9s<\/a><\/div>\n\n\n\n\t<div class=\"dkpdf-button-container\" style=\"            text-align:right \">\n\n\t\t<a class=\"dkpdf-button\" href=\"\/index.php\/wp-json\/wp\/v2\/pages\/61?pdf=61\" target=\"_blank\"><span class=\"dkpdf-button-icon\"><i class=\"fa fa-file-pdf-o\"><\/i><\/span> Let\u00f6lt\u00e9s<\/a>\n\n\t<\/div>\n\n\n\n\n\n<!-- PMB print buttons is only displayed on a single post\/page URLs-->","protected":false},"excerpt":{"rendered":"<p>Tudnival\u00f3k \u00e9rkez\u0151 betegeink sz\u00e1m\u00e1ra A nem s\u00fcrg\u0151ss\u00e9ggel beutalt, felv\u00e9telre jelentkez\u0151 beteg a megfelel\u0151 oszt\u00e1lyra, \u00e1pol\u00e1si egys\u00e9gbe \u00e9rkezik, t\u0151le az \u0151t fogad\u00f3 szem\u00e9ly elk\u00e9ri a beutal\u00f3t,&hellip;<\/p>\n","protected":false},"author":3,"featured_media":0,"parent":0,"menu_order":12,"comment_status":"closed","ping_status":"closed","template":"","meta":{"_acf_changed":false,"footnotes":""},"categories":[],"tags":[],"class_list":["post-61","page","type-page","status-publish","hentry"],"acf":[],"post_type":"page","author_name":"backup","_links":{"self":[{"href":"https:\/\/www.szentimrekorhaz.hu\/index.php\/wp-json\/wp\/v2\/pages\/61","targetHints":{"allow":["GET"]}}],"collection":[{"href":"https:\/\/www.szentimrekorhaz.hu\/index.php\/wp-json\/wp\/v2\/pages"}],"about":[{"href":"https:\/\/www.szentimrekorhaz.hu\/index.php\/wp-json\/wp\/v2\/types\/page"}],"author":[{"embeddable":true,"href":"https:\/\/www.szentimrekorhaz.hu\/index.php\/wp-json\/wp\/v2\/users\/3"}],"replies":[{"embeddable":true,"href":"https:\/\/www.szentimrekorhaz.hu\/index.php\/wp-json\/wp\/v2\/comments?post=61"}],"version-history":[{"count":2,"href":"https:\/\/www.szentimrekorhaz.hu\/index.php\/wp-json\/wp\/v2\/pages\/61\/revisions"}],"predecessor-version":[{"id":3789,"href":"https:\/\/www.szentimrekorhaz.hu\/index.php\/wp-json\/wp\/v2\/pages\/61\/revisions\/3789"}],"wp:attachment":[{"href":"https:\/\/www.szentimrekorhaz.hu\/index.php\/wp-json\/wp\/v2\/media?parent=61"}],"wp:term":[{"taxonomy":"category","embeddable":true,"href":"https:\/\/www.szentimrekorhaz.hu\/index.php\/wp-json\/wp\/v2\/categories?post=61"},{"taxonomy":"post_tag","embeddable":true,"href":"https:\/\/www.szentimrekorhaz.hu\/index.php\/wp-json\/wp\/v2\/tags?post=61"}],"curies":[{"name":"wp","href":"https:\/\/api.w.org\/{rel}","templated":true}]}}