{"id":62,"date":"2009-09-03T10:18:30","date_gmt":"2009-09-03T08:18:30","guid":{"rendered":"http:\/\/localhost\/index.php\/mithozzonmagavalhajarobetegszakrendelesreerkezik\/"},"modified":"2025-05-20T22:25:34","modified_gmt":"2025-05-20T20:25:34","slug":"mithozzonmagavalhajarobetegszakrendelesreerkezik","status":"publish","type":"page","link":"https:\/\/www.szentimrekorhaz.hu\/index.php\/mittegyenhaerkezobeteg-2\/mithozzonmagavalhajarobetegszakrendelesreerkezik\/","title":{"rendered":"Mit hozzon mag\u00e1val, ha j\u00e1r\u00f3beteg szakrendel\u00e9sre \u00e9rkezik?"},"content":{"rendered":"<p>\n\tAz \u00d6nt, vagy hozz\u00e1tartoz\u00f3j\u00e1t fogad\u00f3 k\u00f3rh\u00e1zi szem\u00e9ly elk\u00e9ri a beutal\u00f3t, szem\u00e9lyi igazolv\u00e1nyt (\u00fatlevelet) \u00e9s a TAJ k\u00e1rty\u00e1t (biztos\u00edt\u00e1si okm\u00e1nyt).<\/p>\n<p>\n\tEzek alapj\u00e1n felveszi a betegadatokat.<\/p>\n<p>\n\tEzen fel\u00fcl, az adott panasszal kapcsolatos kor\u00e1bbi leleteket \u00e9s a jelenleg szedett gy\u00f3gyszerek list\u00e1j\u00e1t is \u00e9rdemes elhozni.<span style=\"display: none\">\u00a0<\/span><\/p>\n\n\n\n\t<div class=\"dkpdf-button-container\" style=\"            text-align:right \">\n\n\t\t<a class=\"dkpdf-button\" href=\"\/index.php\/wp-json\/wp\/v2\/pages\/62?pdf=62\" target=\"_blank\"><span class=\"dkpdf-button-icon\"><i class=\"fa fa-file-pdf-o\"><\/i><\/span> Let\u00f6lt\u00e9s<\/a>\n\n\t<\/div>\n\n\n\n\n\n<!-- PMB print buttons is only displayed on a single post\/page URLs-->","protected":false},"excerpt":{"rendered":"<p>Az \u00d6nt, vagy hozz\u00e1tartoz\u00f3j\u00e1t fogad\u00f3 k\u00f3rh\u00e1zi szem\u00e9ly elk\u00e9ri a beutal\u00f3t, szem\u00e9lyi igazolv\u00e1nyt (\u00fatlevelet) \u00e9s a TAJ k\u00e1rty\u00e1t (biztos\u00edt\u00e1si okm\u00e1nyt). Ezek alapj\u00e1n felveszi a betegadatokat. Ezen&hellip;<\/p>\n","protected":false},"author":1,"featured_media":0,"parent":61,"menu_order":13,"comment_status":"closed","ping_status":"closed","template":"","meta":{"_acf_changed":false,"footnotes":""},"categories":[],"tags":[],"class_list":["post-62","page","type-page","status-publish","hentry"],"acf":[],"post_type":"page","author_name":"admin","_links":{"self":[{"href":"https:\/\/www.szentimrekorhaz.hu\/index.php\/wp-json\/wp\/v2\/pages\/62","targetHints":{"allow":["GET"]}}],"collection":[{"href":"https:\/\/www.szentimrekorhaz.hu\/index.php\/wp-json\/wp\/v2\/pages"}],"about":[{"href":"https:\/\/www.szentimrekorhaz.hu\/index.php\/wp-json\/wp\/v2\/types\/page"}],"author":[{"embeddable":true,"href":"https:\/\/www.szentimrekorhaz.hu\/index.php\/wp-json\/wp\/v2\/users\/1"}],"replies":[{"embeddable":true,"href":"https:\/\/www.szentimrekorhaz.hu\/index.php\/wp-json\/wp\/v2\/comments?post=62"}],"version-history":[{"count":1,"href":"https:\/\/www.szentimrekorhaz.hu\/index.php\/wp-json\/wp\/v2\/pages\/62\/revisions"}],"predecessor-version":[{"id":754,"href":"https:\/\/www.szentimrekorhaz.hu\/index.php\/wp-json\/wp\/v2\/pages\/62\/revisions\/754"}],"up":[{"embeddable":true,"href":"https:\/\/www.szentimrekorhaz.hu\/index.php\/wp-json\/wp\/v2\/pages\/61"}],"wp:attachment":[{"href":"https:\/\/www.szentimrekorhaz.hu\/index.php\/wp-json\/wp\/v2\/media?parent=62"}],"wp:term":[{"taxonomy":"category","embeddable":true,"href":"https:\/\/www.szentimrekorhaz.hu\/index.php\/wp-json\/wp\/v2\/categories?post=62"},{"taxonomy":"post_tag","embeddable":true,"href":"https:\/\/www.szentimrekorhaz.hu\/index.php\/wp-json\/wp\/v2\/tags?post=62"}],"curies":[{"name":"wp","href":"https:\/\/api.w.org\/{rel}","templated":true}]}}