{"id":63,"date":"2009-09-03T10:19:15","date_gmt":"2009-09-03T08:19:15","guid":{"rendered":"http:\/\/localhost\/index.php\/hogyankeszuljonhaontmutenifogjak\/"},"modified":"2025-07-22T14:29:28","modified_gmt":"2025-07-22T12:29:28","slug":"hogyankeszuljonhaontmutenifogjak","status":"publish","type":"page","link":"https:\/\/www.szentimrekorhaz.hu\/index.php\/mittegyenhaerkezobeteg-2\/hogyankeszuljonhaontmutenifogjak\/","title":{"rendered":"Hogyan k\u00e9sz\u00fclj\u00f6n, ha \u00d6nt m\u0171teni fogj\u00e1k?"},"content":{"rendered":"<p><strong>Tisztelt Beteg\u00fcnk!<\/strong><\/p>\n<p>Ha az \u00d6n gy\u00f3gyul\u00e1sa \u00e9rdek\u00e9ben m\u0171t\u00e9ti vagy egy\u00e9b eszk\u00f6z\u00f6s beavatkoz\u00e1sra van sz\u00fcks\u00e9g, a tervezett beavatkoz\u00e1s \u00e1ltal\u00e1ban megfelel\u0151 m\u0171t\u00e9ti \u00e9rz\u00e9stelen\u00edt\u00e9s n\u00e9lk\u00fcl nem v\u00e9gezhet\u0151 el. Az \u00e9rz\u00e9stelen\u00edt\u00e9ssel kapcsolatos tudnival\u00f3kr\u00f3l \u00e9s a sz\u00fcks\u00e9ges felk\u00e9sz\u00fcl\u00e9sr\u0151l szeretn\u00e9nk t\u00e1j\u00e9koztatni a k\u00f6vetkez\u0151kben.<\/p>\n<p>A tervezett m\u0171t\u00e9tet megel\u0151z\u0151en \u00d6n el\u0151sz\u00f6r az Aneszt\u00e9zia Ambulancia el\u0151k\u00e9sz\u00edt\u0151 munk\u00e1ja sor\u00e1n, majd k\u00f6zvetlen\u00fcl a m\u0171t\u00e9t el\u0151tt az \u00e9rz\u00e9stelen\u00edt\u00e9st v\u00e9gz\u0151 altat\u00f3 (aneszteziol\u00f3gus) orvossal tal\u00e1lkozik. Az Ambulanci\u00e1n t\u00f6rt\u00e9n\u0151 vizsg\u00e1lat, megbesz\u00e9l\u00e9s sor\u00e1n szem\u00e9lyesen is feltehet k\u00e9rd\u00e9seket az \u00e9rz\u00e9stelen\u00edt\u00e9ssel kapcsolatban. A vizsg\u00e1lat ut\u00e1n k\u00e9rj\u00fck beleegyez\u00e9s\u00e9t, hogy a v\u00e1lasztott \u00e9rz\u00e9stelen\u00edt\u00e9si elj\u00e1r\u00e1s, m\u0171t\u00e9t ut\u00e1ni elhelyez\u00e9s \u00e9s az esetleg sz\u00fcks\u00e9ges intenz\u00edv ter\u00e1pi\u00e1s beavatkoz\u00e1s, kezel\u00e9s elv\u00e9gezhet\u0151 legyen.<br>Az \u00e9rz\u00e9stelen\u00edt\u00e9s, a beavatkoz\u00e1s idej\u00e9re a l\u00e9gz\u00e9s, a v\u00e9rkering\u00e9s \u00e9s egy\u00e9b szervek m\u0171k\u00f6d\u00e9s\u00e9nek ellen\u0151rz\u00e9se \u00e9s fenntart\u00e1sa az \u00e9rz\u00e9stelen\u00edt\u00e9st v\u00e9gz\u0151 altat\u00f3 orvos feladata. Munk\u00e1ja a beavatkoz\u00e1st v\u00e9gz\u0151, oper\u00e1l\u00f3 orvossal egy\u00fcttm\u0171k\u00f6dve az \u00d6n biztons\u00e1g\u00e1t szolg\u00e1lja.<\/p>\n<p><strong>K\u00e9rj\u00fck, hogy a m\u0171t\u00e9t el\u0151tt saj\u00e1t \u00e9rdek\u00e9ben tartsa be a k\u00f6vetkez\u0151ket:<\/strong><\/p>\n<ul>\n<li>Kivehet\u0151 fogprot\u00e9zis\u00e9t, kontaktlencs\u00e9j\u00e9t t\u00e1vol\u00edtsa el!<\/li>\n<li>Mossa le a k\u00f6r\u00f6mlakkot, a szemfest\u00e9ket, a test\u00e1pol\u00f3t, \u00e9s a kr\u00e9met arc\u00e1r\u00f3l, test\u00e9r\u0151l!<\/li>\n<li>\u00c9kszereit vegye le! Test\u00e9kszereit (piercing) t\u00e1vol\u00edtsa el!<\/li>\n<li>M\u0171t\u00e9t reggel\u00e9n alaposan mosakodjon meg, k\u00fcl\u00f6n\u00f6s tekintettel a m\u0171t\u00e9ti ter\u00fcletre \u00e9s a hajlatokra, majd vegyen tiszta h\u00e1l\u00f3ruh\u00e1t! K\u00f6zvetlen\u00fcl a m\u0171t\u00e9t el\u0151tt, amikor a m\u0171t\u0151sfi\u00fa \u00d6n\u00e9rt megy az oszt\u00e1lyra, teljesen le kell vetk\u0151znie! Amennyiben a m\u0171t\u00e9t fejen, nyakon, mellkason t\u00f6rt\u00e9nik, als\u00f3nadr\u00e1got, bugyit, zoknit mag\u00e1n hagyhat. Ha javasoljuk, tekerje fel a f\u00e1slit, h\u00fazza fel a gumiharisny\u00e1t, vagy amennyiben ezt nem tudja megtenni, k\u00e9rje meg az \u00e1pol\u00f3t. A gumiharisny\u00e1t, a f\u00e1slit a m\u0171t\u00e9t ut\u00e1ni \u00f3r\u00e1kban leveheti.<\/li>\n<li>Hozz\u00e1tartoz\u00f3i a m\u0171t\u0151 ajtaj\u00e1ig elk\u00eds\u00e9rhetik! A sz\u00fcl\u0151ket felt\u00e9tlen\u00fcl k\u00e9rj\u00fck, hogy k\u00eds\u00e9rj\u00e9k a gyereket!<\/li>\n<\/ul>\n<p><strong>Tov\u00e1bbi j\u00f3tan\u00e1csok:<\/strong><\/p>\n<ul>\n<li>Ha doh\u00e1nyzik, pr\u00f3b\u00e1lja meg abbahagyni azt a m\u0171t\u00e9t el\u0151tt legal\u00e1bb k\u00e9t nappal. Min\u00e9l el\u0151bb abbahagyja a doh\u00e1nyz\u00e1st, ann\u00e1l kevesebb rossz hat\u00e1ssal kell szemben\u00e9zni a m\u0171t\u00e9t kapcs\u00e1n. Ha a doh\u00e1nyz\u00e1s elhagy\u00e1s\u00e1hoz gy\u00f3gyszeres seg\u00edts\u00e9gre van sz\u00fcks\u00e9ge, k\u00e9rjen tan\u00e1csot h\u00e1ziorvos\u00e1t\u00f3l, vagy az Aneszt\u00e9zia Ambulanci\u00e1n. Doh\u00e1nyz\u00e1s cs\u00f6kkenti a v\u00e9r oxig\u00e9nsz\u00e1ll\u00edt\u00f3 k\u00e9pess\u00e9g\u00e9t, \u00e9s m\u0171t\u00e9t sor\u00e1n \u00e9s azut\u00e1n gyakran l\u00e9pnek fel l\u00e9gz\u00e9si probl\u00e9m\u00e1k, k\u00f6h\u00f6g\u00e9s, a torok kapar\u00f3 \u00e9rz\u00e9se. Ha nem tudja abbahagyni, legal\u00e1bb cs\u00f6kkentse a mennyis\u00e9get!<\/li>\n<li>Ha naponta fogyaszt alkoholt, legal\u00e1bb n\u00e9gy-\u00f6t nappal a befekv\u00e9s el\u0151tt el kell hagynia azt! K\u00fcl\u00f6nben l\u00e9nyegesen n\u00f6veli a m\u0171t\u00e9t ut\u00e1ni sz\u00f6v\u0151dm\u00e9nyek, zavart tudat\u00e1llapot kialakul\u00e1s\u00e1t. Ahhoz, hogy a rendszeres alkoholfogyaszt\u00e1s valamennyi k\u00e1ros hat\u00e1s\u00e1t elker\u00fclje, 3-4 h\u00e9ttel a m\u0171t\u00e9t el\u0151tt hagyja abba az alkoholfogyaszt\u00e1st. Ha ehhez seg\u00edts\u00e9gre van sz\u00fcks\u00e9ge, k\u00e9rje azt h\u00e1ziorvos\u00e1t\u00f3l, illetve az Aneszt\u00e9zia Ambulanci\u00e1n.<\/li>\n<li>Ha t\u00fals\u00falyos, az aneszt\u00e9zia szok\u00e1sos kock\u00e1zatai hatv\u00e1nyozottan jelentkeznek. Lehet, hogy a t\u00fals\u00faly miatt m\u0171t\u00e9t ut\u00e1n intenz\u00edv oszt\u00e1lyon kell megfigyelni, n\u00e9h\u00e1ny \u00f3r\u00e1ig l\u00e9legeztetni. K\u00e9rj\u00fck, pr\u00f3b\u00e1ljon cs\u00f6kkenteni s\u00faly\u00e1n!<\/li>\n<li>Ha rossz, t\u00f6r\u00f6tt, vagy laza foga van, k\u00e9rj\u00fck, forduljon fogorvoshoz, hogy rendezett fogakkal ker\u00fclj\u00f6n m\u0171t\u00e9tre. A rossz fog g\u00f3ck\u00e9nt szerepelhet, \u00e9s n\u00f6veli a m\u0171t\u00e9t ut\u00e1ni fert\u0151z\u00e9s es\u00e9ly\u00e9t! A t\u00f6r\u00f6tt, laza fogakat a l\u00e9g\u00fati cs\u0151 behelyez\u00e9sekor kit\u00f6rheti az altat\u00f3 orvos.<\/li>\n<li>Rendszeresen szedett gy\u00f3gyszereit ne hagyja el, kiv\u00e9ve, ha az altat\u00f3 orvos vagy a seb\u00e9sz elrendeli (pl. v\u00e9rh\u00edg\u00edt\u00f3, alvad\u00e1sg\u00e1tl\u00f3, v\u00edzhajt\u00f3)!<\/li>\n<li>Minden m\u0171t\u00e9t sor\u00e1n t\u00f6rt\u00e9nik t\u00f6bb-kevesebb v\u00e9rveszt\u00e9s! Ha ennek nagys\u00e1ga megk\u00f6zel\u00edtheti a v\u00e9r\u00e1t\u00f6mleszt\u00e9s sz\u00fcks\u00e9gess\u00e9g\u00e9t, az oper\u00e1l\u00f3 seb\u00e9sz, az altat\u00f3 orvos ezt k\u00fcl\u00f6n megbesz\u00e9li \u00d6nnel!<\/li>\n<li>El\u0151fordulhat, hogy jelen \u00e1ltal\u00e1nos \u00e1llapota miatt halasztani kell a m\u0171t\u00e9tet, illetve az \u00e9rz\u00e9stelen\u00edt\u00e9st. Az Aneszt\u00e9zia Ambulanci\u00e1n m\u0171t\u00e9t el\u0151tt 5-10 nappal t\u00f6rt\u00e9n\u0151 vizsg\u00e1lat megel\u0151zheti ezt. Sz\u00fcks\u00e9g eset\u00e9n az altat\u00f3 orvos tov\u00e1bbi vizsg\u00e1latot, gy\u00f3gyszer be-, \u00e1t\u00e1ll\u00edt\u00e1st javasol, hogy cs\u00f6kkentse a m\u0171t\u00e9t \u00e9s az \u00e9rz\u00e9stelen\u00edt\u00e9s kock\u00e1zat\u00e1t.<\/li>\n<li>Ha a tervezett k\u00f3rh\u00e1zi befekv\u00e9skor vagy k\u00f6zvetlen\u00fcl azt megel\u0151z\u0151en nem \u00e9rzi j\u00f3l mag\u00e1t, n\u00e1th\u00e1s, torka f\u00e1j, vagy l\u00e1zas, felt\u00e9tlen\u00fcl h\u00edvja fel el\u0151bb kezel\u0151 orvos\u00e1t!<\/li>\n<li>A m\u0171t\u00e9ti \u00e9rz\u00e9stelen\u00edt\u00e9st v\u00e9gz\u0151 orvossal a m\u0171t\u00e9t el\u0151tt felt\u00e9tlen\u00fcl tal\u00e1lkozik, aki az \u00e9rz\u00e9stelen\u00edt\u00e9s elv\u00e9gz\u00e9se el\u0151tt ellen\u0151rzi az \u00d6n \u00e1llapot\u00e1t, \u00e9rz\u00e9stelen\u00edt\u00e9sre val\u00f3 alkalmass\u00e1g\u00e1t.<\/li>\n<li>A m\u0171t\u00e9t alatt, illetve az altat\u00e1s ut\u00e1ni peri\u00f3dusban gondoskodjon \u00e9rt\u00e9kei meg\u0151rz\u00e9s\u00e9r\u0151l, illetve a lehet\u0151 legkevesebb \u00e9rt\u00e9ket hozza mag\u00e1val.<\/li>\n<\/ul>\n<p><strong>K\u00e9rj\u00fck, hozza mag\u00e1val az Aneszt\u00e9zia Ambulanci\u00e1ra:<\/strong><\/p>\n<ul>\n<li>,,,Az <a href=\"https:\/\/www.szentimrekorhaz.hu\/wp-content\/uploads\/2025\/06\/fny1005-8_betegtajekoztato_es_beleegyezo_nyilatkozat_valamint_allapotfelmero_kerdoiv_mutet_elott_allo_pacienseknek-3.pdf\">\u201eAltat\u00e1sra \u00e9s region\u00e1lis \u00e9rz\u00e9stelen\u00edt\u00e9sre vonatkoz\u00f3 k\u00e9rd\u0151\u00edv\u201d<\/a>-et. K\u00e9rj\u00fck, a sz\u00f6v\u0151dm\u00e9nyek elker\u00fcl\u00e9se \u00e9rdek\u00e9ben az innen is let\u00f6lthet\u0151 k\u00e9rd\u0151\u00edvet gondosan t\u00f6ltse ki!<\/li>\n<li>Kr\u00f3nikus betegs\u00e9ggel, mint magasv\u00e9rnyom\u00e1s-betegs\u00e9g, cukorbetegs\u00e9g, asztma, sz\u00edv-, \u00e9rrendszeri betegs\u00e9g, epilepszia, pajzsmirigy betegs\u00e9g kapcsolatos kezel\u0151orvosi v\u00e9-lem\u00e9nyt, a laborat\u00f3riumi, \u00e9s egy\u00e9b leleteit, z\u00e1r\u00f3jelent\u00e9seit. Ha ellen\u0151rz\u0151 vizsg\u00e1laton t\u00f6bb mint f\u00e9l \u00e9ve nem volt, vagy a kr\u00f3nikus betegs\u00e9ge az ut\u00f3bbi id\u0151ben gyakran okozott \u00d6nnek probl\u00e9m\u00e1t, menjen el kezel\u0151 orvos\u00e1hoz, vagy h\u00e1ziorvos\u00e1hoz, hogy betegs\u00e9g\u00e9t ellen\u0151rizz\u00e9k, esetleg gy\u00f3gyszereit \u00e1t\u00e1ll\u00edts\u00e1k. A frissen k\u00e9sz\u00fclt v\u00e9lem\u00e9nyt, leletet hozza mag\u00e1val!<\/li>\n<li>A seb\u00e9sz \u00e1ltal k\u00e9rt vizsg\u00e1latok eredm\u00e9nyeit, ugyanis azok n\u00e9lk\u00fcl nem tudunk altat\u00f3 orvosi javaslatot adni.<\/li>\n<li>Az otthon alkalmazott gy\u00f3gyszerek, vitaminok, gy\u00f3gyn\u00f6v\u00e9nyk\u00e9sz\u00edtm\u00e9nyek, homeop\u00e1ti\u00e1s szerek doboz\u00e1t, vagy ismertet\u0151j\u00e9t, vagy k\u00e9sz\u00edtsen a szerek alkalmaz\u00e1s\u00e1r\u00f3l list\u00e1t. A k\u00f3rh\u00e1zi befekv\u00e9skor hozza mag\u00e1val a rendszeresen szedett szereket, mivel speci\u00e1lis k\u00e9sz\u00edtm\u00e9nyek nem biztos, hogy vannak a k\u00f3rh\u00e1zi patik\u00e1ban.<\/li>\n<\/ul>\n<p><strong>A kit\u00f6lt\u00f6tt k\u00e9rd\u0151\u00edv alapj\u00e1n az aneszteziol\u00f3gus orvos szem\u00e9lyesen, \u00e9s r\u00e9szletesen v\u00e1laszol k\u00e9rd\u00e9seire az Aneszteziol\u00f3giai Ambulanci\u00e1n.<\/strong> Ha el\u0151zetesen k\u00e9r tan\u00e1csot, id\u0151pontot, h\u00edvja a (061) 464 8642 vagy a (061) 464 8600\/1758 telefonsz\u00e1mon az Ambulanci\u00e1t 7:45-12:30 \u00f3ra k\u00f6z\u00f6tt munka-napokon.<\/p>\n<p>Let\u00f6lthet\u0151 dokumentumok:<\/p>\n\n\n<div data-wp-interactive=\"core\/file\" class=\"wp-block-file\"><object data-wp-bind--hidden=\"!state.hasPdfPreview\" hidden class=\"wp-block-file__embed\" data=\"https:\/\/www.szentimrekorhaz.hu\/wp-content\/uploads\/2025\/07\/Betegtajekoztato_Hogyan-jelentkezzen-mutet-elotti-altatoorvosi-kiozsgalasra.pdf\" type=\"application\/pdf\" style=\"width:100%;height:600px\" aria-label=\"Betegt\u00e1j\u00e9koztat\u00f3_Hogyan jelentkezzen m\u0171t\u00e9t el\u0151tti altat\u00f3orvosi kivizsg\u00e1l\u00e1sra be\u00e1gyaz\u00e1sa\"><\/object><a id=\"wp-block-file--media-1795d872-cdb7-462b-996d-d843c5afd174\" href=\"https:\/\/www.szentimrekorhaz.hu\/wp-content\/uploads\/2025\/07\/Betegtajekoztato_Hogyan-jelentkezzen-mutet-elotti-altatoorvosi-kiozsgalasra.pdf\">Betegt\u00e1j\u00e9koztat\u00f3_Hogyan jelentkezzen m\u0171t\u00e9t el\u0151tti altat\u00f3orvosi kivizsg\u00e1l\u00e1sra<\/a><a href=\"https:\/\/www.szentimrekorhaz.hu\/wp-content\/uploads\/2025\/07\/Betegtajekoztato_Hogyan-jelentkezzen-mutet-elotti-altatoorvosi-kiozsgalasra.pdf\" class=\"wp-block-file__button wp-element-button\" download aria-describedby=\"wp-block-file--media-1795d872-cdb7-462b-996d-d843c5afd174\">Let\u00f6lt\u00e9s<\/a><\/div>\n\n\n\n<div data-wp-interactive=\"core\/file\" class=\"wp-block-file\"><object data-wp-bind--hidden=\"!state.hasPdfPreview\" hidden class=\"wp-block-file__embed\" data=\"https:\/\/www.szentimrekorhaz.hu\/wp-content\/uploads\/2025\/07\/Betegtajekoztato-es-beleegyezo-nyilatkozat-valamint-allapotfelmero-kerdoiv-mutet-elott-allo-pacienseknek.pdf\" type=\"application\/pdf\" style=\"width:100%;height:600px\" aria-label=\"Betegt\u00e1j\u00e9koztat\u00f3 \u00e9s beleegyez\u0151 nyilatkozat, valamint \u00e1llapotfelm\u00e9r\u0151 k\u00e9rd\u0151\u00edv m\u0171t\u00e9t el\u0151tt \u00e1ll\u00f3 p\u00e1cienseknek be\u00e1gyaz\u00e1sa\"><\/object><a id=\"wp-block-file--media-b77daf86-7eef-4f12-8e2d-7e2afaa07511\" href=\"https:\/\/www.szentimrekorhaz.hu\/wp-content\/uploads\/2025\/07\/Betegtajekoztato-es-beleegyezo-nyilatkozat-valamint-allapotfelmero-kerdoiv-mutet-elott-allo-pacienseknek.pdf\">Betegt\u00e1j\u00e9koztat\u00f3 \u00e9s beleegyez\u0151 nyilatkozat, valamint \u00e1llapotfelm\u00e9r\u0151 k\u00e9rd\u0151\u00edv m\u0171t\u00e9t el\u0151tt \u00e1ll\u00f3 p\u00e1cienseknek<\/a><a href=\"https:\/\/www.szentimrekorhaz.hu\/wp-content\/uploads\/2025\/07\/Betegtajekoztato-es-beleegyezo-nyilatkozat-valamint-allapotfelmero-kerdoiv-mutet-elott-allo-pacienseknek.pdf\" class=\"wp-block-file__button wp-element-button\" download aria-describedby=\"wp-block-file--media-b77daf86-7eef-4f12-8e2d-7e2afaa07511\">Let\u00f6lt\u00e9s<\/a><\/div>\n\n\n\n<div data-wp-interactive=\"core\/file\" class=\"wp-block-file\"><object data-wp-bind--hidden=\"!state.hasPdfPreview\" hidden class=\"wp-block-file__embed\" data=\"https:\/\/www.szentimrekorhaz.hu\/wp-content\/uploads\/2025\/07\/FNY-688-Betegtajekoztato-korhazi-felvetelhez-altatasban-vagy-vezeteses-erzestelenitesben-vegzett-mutetek-eseten.pdf\" type=\"application\/pdf\" style=\"width:100%;height:600px\" aria-label=\"FNY 688 Betegt\u00e1j\u00e9koztat\u00f3 k\u00f3rh\u00e1zi felv\u00e9telhez altat\u00e1sban vagy vezet\u00e9ses \u00e9rz\u00e9stelen\u00edt\u00e9sben v\u00e9gzett m\u0171t\u00e9tek eset\u00e9n be\u00e1gyaz\u00e1sa\"><\/object><a id=\"wp-block-file--media-fe7dae7c-0774-4651-807d-d2e09c9a47e2\" href=\"https:\/\/www.szentimrekorhaz.hu\/wp-content\/uploads\/2025\/07\/FNY-688-Betegtajekoztato-korhazi-felvetelhez-altatasban-vagy-vezeteses-erzestelenitesben-vegzett-mutetek-eseten.pdf\">FNY 688 Betegt\u00e1j\u00e9koztat\u00f3 k\u00f3rh\u00e1zi felv\u00e9telhez altat\u00e1sban vagy vezet\u00e9ses \u00e9rz\u00e9stelen\u00edt\u00e9sben v\u00e9gzett m\u0171t\u00e9tek eset\u00e9n<\/a><a href=\"https:\/\/www.szentimrekorhaz.hu\/wp-content\/uploads\/2025\/07\/FNY-688-Betegtajekoztato-korhazi-felvetelhez-altatasban-vagy-vezeteses-erzestelenitesben-vegzett-mutetek-eseten.pdf\" class=\"wp-block-file__button wp-element-button\" download aria-describedby=\"wp-block-file--media-fe7dae7c-0774-4651-807d-d2e09c9a47e2\">Let\u00f6lt\u00e9s<\/a><\/div>\n\n\n\n<div data-wp-interactive=\"core\/file\" class=\"wp-block-file\"><object data-wp-bind--hidden=\"!state.hasPdfPreview\" hidden class=\"wp-block-file__embed\" data=\"https:\/\/www.szentimrekorhaz.hu\/wp-content\/uploads\/2025\/07\/FNY016-Apolasi-dokumentacio-UJ-APOLASI-DOKUMENTACIO-1-2.-oldal.pdf\" type=\"application\/pdf\" style=\"width:100%;height:600px\" aria-label=\"FNY016 \u00c1pol\u00e1si dokument\u00e1ci\u00f3 be\u00e1gyaz\u00e1sa\"><\/object><a id=\"wp-block-file--media-bbed0235-ed89-46e8-a0d5-00b4df159ea6\" href=\"https:\/\/www.szentimrekorhaz.hu\/wp-content\/uploads\/2025\/07\/FNY016-Apolasi-dokumentacio-UJ-APOLASI-DOKUMENTACIO-1-2.-oldal.pdf\">FNY016 \u00c1pol\u00e1si dokument\u00e1ci\u00f3<\/a><a href=\"https:\/\/www.szentimrekorhaz.hu\/wp-content\/uploads\/2025\/07\/FNY016-Apolasi-dokumentacio-UJ-APOLASI-DOKUMENTACIO-1-2.-oldal.pdf\" class=\"wp-block-file__button wp-element-button\" download aria-describedby=\"wp-block-file--media-bbed0235-ed89-46e8-a0d5-00b4df159ea6\">Let\u00f6lt\u00e9s<\/a><\/div>\n\n\n\n<div data-wp-interactive=\"core\/file\" class=\"wp-block-file\"><object data-wp-bind--hidden=\"!state.hasPdfPreview\" hidden class=\"wp-block-file__embed\" data=\"https:\/\/www.szentimrekorhaz.hu\/wp-content\/uploads\/2025\/07\/FNY010-Tajekoztato-az-ellatasi-koltsegekrol-1.pdf\" type=\"application\/pdf\" style=\"width:100%;height:600px\" aria-label=\"FNY010-Tajekoztato-az-ellatasi-koltsegekrol-1 be\u00e1gyaz\u00e1sa\"><\/object><a id=\"wp-block-file--media-4d302b2e-7803-4057-884b-926d7776a404\" href=\"https:\/\/www.szentimrekorhaz.hu\/wp-content\/uploads\/2025\/07\/FNY010-Tajekoztato-az-ellatasi-koltsegekrol-1.pdf\">FNY010-Tajekoztato-az-ellatasi-koltsegekrol-1<\/a><a href=\"https:\/\/www.szentimrekorhaz.hu\/wp-content\/uploads\/2025\/07\/FNY010-Tajekoztato-az-ellatasi-koltsegekrol-1.pdf\" class=\"wp-block-file__button wp-element-button\" download aria-describedby=\"wp-block-file--media-4d302b2e-7803-4057-884b-926d7776a404\">Let\u00f6lt\u00e9s<\/a><\/div>\n\n\n\n\t<div class=\"dkpdf-button-container\" style=\"            text-align:right \">\n\n\t\t<a class=\"dkpdf-button\" href=\"\/index.php\/wp-json\/wp\/v2\/pages\/63?pdf=63\" target=\"_blank\"><span class=\"dkpdf-button-icon\"><i class=\"fa fa-file-pdf-o\"><\/i><\/span> Let\u00f6lt\u00e9s<\/a>\n\n\t<\/div>\n\n\n\n\n\n<!-- PMB print buttons is only displayed on a single post\/page URLs-->","protected":false},"excerpt":{"rendered":"<p>Tisztelt Beteg\u00fcnk! Ha az \u00d6n gy\u00f3gyul\u00e1sa \u00e9rdek\u00e9ben m\u0171t\u00e9ti vagy egy\u00e9b eszk\u00f6z\u00f6s beavatkoz\u00e1sra van sz\u00fcks\u00e9g, a tervezett beavatkoz\u00e1s \u00e1ltal\u00e1ban megfelel\u0151 m\u0171t\u00e9ti \u00e9rz\u00e9stelen\u00edt\u00e9s n\u00e9lk\u00fcl nem v\u00e9gezhet\u0151 el.&hellip;<\/p>\n","protected":false},"author":3,"featured_media":0,"parent":61,"menu_order":14,"comment_status":"closed","ping_status":"closed","template":"","meta":{"_acf_changed":false,"footnotes":""},"categories":[],"tags":[],"class_list":["post-63","page","type-page","status-publish","hentry"],"acf":[],"post_type":"page","author_name":"backup","_links":{"self":[{"href":"https:\/\/www.szentimrekorhaz.hu\/index.php\/wp-json\/wp\/v2\/pages\/63","targetHints":{"allow":["GET"]}}],"collection":[{"href":"https:\/\/www.szentimrekorhaz.hu\/index.php\/wp-json\/wp\/v2\/pages"}],"about":[{"href":"https:\/\/www.szentimrekorhaz.hu\/index.php\/wp-json\/wp\/v2\/types\/page"}],"author":[{"embeddable":true,"href":"https:\/\/www.szentimrekorhaz.hu\/index.php\/wp-json\/wp\/v2\/users\/3"}],"replies":[{"embeddable":true,"href":"https:\/\/www.szentimrekorhaz.hu\/index.php\/wp-json\/wp\/v2\/comments?post=63"}],"version-history":[{"count":7,"href":"https:\/\/www.szentimrekorhaz.hu\/index.php\/wp-json\/wp\/v2\/pages\/63\/revisions"}],"predecessor-version":[{"id":2092,"href":"https:\/\/www.szentimrekorhaz.hu\/index.php\/wp-json\/wp\/v2\/pages\/63\/revisions\/2092"}],"up":[{"embeddable":true,"href":"https:\/\/www.szentimrekorhaz.hu\/index.php\/wp-json\/wp\/v2\/pages\/61"}],"wp:attachment":[{"href":"https:\/\/www.szentimrekorhaz.hu\/index.php\/wp-json\/wp\/v2\/media?parent=63"}],"wp:term":[{"taxonomy":"category","embeddable":true,"href":"https:\/\/www.szentimrekorhaz.hu\/index.php\/wp-json\/wp\/v2\/categories?post=63"},{"taxonomy":"post_tag","embeddable":true,"href":"https:\/\/www.szentimrekorhaz.hu\/index.php\/wp-json\/wp\/v2\/tags?post=63"}],"curies":[{"name":"wp","href":"https:\/\/api.w.org\/{rel}","templated":true}]}}