{"id":66,"date":"2009-09-03T10:22:32","date_gmt":"2009-09-03T08:22:32","guid":{"rendered":"http:\/\/localhost\/index.php\/parkolasilehetosegek\/"},"modified":"2009-09-03T10:22:32","modified_gmt":"2009-09-03T08:22:32","slug":"parkolasilehetosegek","status":"publish","type":"page","link":"https:\/\/www.szentimrekorhaz.hu\/index.php\/parkolasilehetosegek\/","title":{"rendered":"Parkol\u00e1si lehet\u0151s\u00e9gek"},"content":{"rendered":"<p>\n\t<strong>A k\u00f6rnyez\u0151 utc\u00e1kban a parkol\u00e1s d\u00edjk\u00f6teles.<\/strong> R\u00e9szletek: <a href=\"https:\/\/parkolas.ujbuda.hu\/index.php\/parkolasi-zonak\/\" name=\"PArkol%C3%A1si%20lehet%C5%91s%C3%A9gek\" target=\"_blank\">parokolas.ujbuda.hu<\/a><\/p>\n<p>\n\tLegk\u00f6zelebbi parkol\u00e1sra alkalmas hely a B\u00e1rtfai utca, a T\u00e9t\u00e9nyi \u00fat valamint a Halmi utca<\/p>\n<p>\n\tA k\u00f3rh\u00e1z ter\u00fclet\u00e9n hosszantart\u00f3 parkol\u00e1sra (bent fekv\u00e9s) el\u0151re \u00edr\u00e1sos f\u0151igazgat\u00f3i enged\u00e9lyt kell k\u00e9rni.<\/p>\n<p>\n\t<iframe height=\"480\" src=\"https:\/\/www.google.com\/maps\/d\/embed?mid=1_qQYckNAVVice6GgRDjHW0qVum4aQao&amp;ehbc=2E312F&amp;noprof=1\" width=\"640\"><\/iframe><\/p>\n\n\n\n\t<div class=\"dkpdf-button-container\" style=\"            text-align:right \">\n\n\t\t<a class=\"dkpdf-button\" href=\"\/index.php\/wp-json\/wp\/v2\/pages\/66?pdf=66\" target=\"_blank\"><span class=\"dkpdf-button-icon\"><i class=\"fa fa-file-pdf-o\"><\/i><\/span> Let\u00f6lt\u00e9s<\/a>\n\n\t<\/div>\n\n\n\n\n\n<!-- PMB print buttons is only displayed on a single post\/page URLs-->","protected":false},"excerpt":{"rendered":"<p>A k\u00f6rnyez\u0151 utc\u00e1kban a parkol\u00e1s d\u00edjk\u00f6teles. R\u00e9szletek: parokolas.ujbuda.hu Legk\u00f6zelebbi parkol\u00e1sra alkalmas hely a B\u00e1rtfai utca, a T\u00e9t\u00e9nyi \u00fat valamint a Halmi utca A k\u00f3rh\u00e1z ter\u00fclet\u00e9n&hellip;<\/p>\n","protected":false},"author":3,"featured_media":0,"parent":0,"menu_order":3,"comment_status":"closed","ping_status":"closed","template":"","meta":{"_acf_changed":false,"footnotes":""},"categories":[],"tags":[],"class_list":["post-66","page","type-page","status-publish","hentry"],"acf":[],"post_type":"page","author_name":"backup","_links":{"self":[{"href":"https:\/\/www.szentimrekorhaz.hu\/index.php\/wp-json\/wp\/v2\/pages\/66","targetHints":{"allow":["GET"]}}],"collection":[{"href":"https:\/\/www.szentimrekorhaz.hu\/index.php\/wp-json\/wp\/v2\/pages"}],"about":[{"href":"https:\/\/www.szentimrekorhaz.hu\/index.php\/wp-json\/wp\/v2\/types\/page"}],"author":[{"embeddable":true,"href":"https:\/\/www.szentimrekorhaz.hu\/index.php\/wp-json\/wp\/v2\/users\/3"}],"replies":[{"embeddable":true,"href":"https:\/\/www.szentimrekorhaz.hu\/index.php\/wp-json\/wp\/v2\/comments?post=66"}],"version-history":[{"count":0,"href":"https:\/\/www.szentimrekorhaz.hu\/index.php\/wp-json\/wp\/v2\/pages\/66\/revisions"}],"wp:attachment":[{"href":"https:\/\/www.szentimrekorhaz.hu\/index.php\/wp-json\/wp\/v2\/media?parent=66"}],"wp:term":[{"taxonomy":"category","embeddable":true,"href":"https:\/\/www.szentimrekorhaz.hu\/index.php\/wp-json\/wp\/v2\/categories?post=66"},{"taxonomy":"post_tag","embeddable":true,"href":"https:\/\/www.szentimrekorhaz.hu\/index.php\/wp-json\/wp\/v2\/tags?post=66"}],"curies":[{"name":"wp","href":"https:\/\/api.w.org\/{rel}","templated":true}]}}