{"id":697,"date":"2025-06-04T15:03:39","date_gmt":"2025-06-04T13:03:39","guid":{"rendered":"http:\/\/localhost\/?page_id=697"},"modified":"2025-06-04T15:03:39","modified_gmt":"2025-06-04T13:03:39","slug":"alapitvanyunk","status":"publish","type":"page","link":"https:\/\/www.szentimrekorhaz.hu\/index.php\/alapitvanyunk\/","title":{"rendered":"Alap\u00edtv\u00e1nyunk_2025.02.25"},"content":{"rendered":"<p>\u201e\u00dagy v\u00e9lem, csakis egyszer \u00e9lhetj\u00fck meg az \u00e9letet.<br>\nHa teh\u00e1t akad bennem j\u00f3s\u00e1g, amit kimutathatok,<br>\nvagy akad olyan j\u00f3 cselekedet, amivel megk\u00f6nny\u00edthetem<br>\nb\u00e1rmely embert\u00e1rsam \u00e9let\u00e9t, most kell megtennem,<br>\nnem k\u00e9slekedhetem vagy nem feledkezhetem meg err\u0151l,<br>\nhiszen soha t\u00f6bb\u00e9 nem fogok erre j\u00e1rni.\u201d<\/p>\n<p>\/William Penn\/<\/p>\n<p>A D\u00e9l-budai Centrumk\u00f3rh\u00e1z Szent Imre Egyetemi Oktat\u00f3k\u00f3rh\u00e1z ter\u00fcleti ell\u00e1t\u00e1si k\u00f6telezetts\u00e9g\u00e9nek megfelel\u0151en a XI. \u00e9s XXII. ker\u00fclet lakosai eg\u00e9szs\u00e9g\u00e9nek meg\u0151rz\u00e9s\u00e9re, a megbeteged\u00e9sek megel\u0151z\u00e9s\u00e9re, betegs\u00e9g eset\u00e9n annak meg\u00e1llap\u00edt\u00e1s\u00e1ra \u00e9s gy\u00f3gykezel\u00e9s\u00e9re, kritikus esetben az \u00e9letvesz\u00e9ly elh\u00e1r\u00edt\u00e1s\u00e1ra hivatott int\u00e9zm\u00e9ny. Ezen t\u00falmen\u0151en gondoskodik a megbeteged\u00e9s k\u00f6vetkezt\u00e9ben kialakult \u00e1llapot jav\u00edt\u00e1s\u00e1r\u00f3l, a tov\u00e1bbi \u00e1llapotroml\u00e1s megel\u0151z\u00e9se c\u00e9lj\u00e1b\u00f3l a beteg vizsg\u00e1lat\u00e1r\u00f3l \u00e9s kezel\u00e9s\u00e9r\u0151l, tov\u00e1bb\u00e1 gondoz\u00e1s\u00e1r\u00f3l, \u00e1pol\u00e1s\u00e1r\u00f3l, rehabilit\u00e1ci\u00f3j\u00e1r\u00f3l, valamint a f\u00e1jdalom \u00e9s a szenved\u00e9s cs\u00f6kkent\u00e9s\u00e9r\u0151l.<br>\nHitvall\u00e1sunk a beteg, a szenved\u0151 seg\u00edt\u00e9se. Akt\u00edvan hozz\u00e1j\u00e1rulunk az eg\u00e9szs\u00e9g jav\u00edt\u00e1s\u00e1hoz, a betegs\u00e9gb\u0151l val\u00f3 min\u00e9l gyorsabb \u00e9s eredm\u00e9nyesebb fel\u00e9p\u00fcl\u00e9shez. Mi, orvosok, \u00e1pol\u00f3k \u00e9s m\u0171szakiak, az egy\u00e9n tisztelet\u00e9nek l\u00e9gk\u00f6r\u00e9ben gy\u00f3gy\u00edtunk, \u00e1polunk, seg\u00edt\u00fcnk \u00e9s a betegek \u00e9rdekeit \u00fagy szolg\u00e1ljuk, hogy sohase \u00e9rezz\u00e9k magukat kiszolg\u00e1ltatottnak \u00e9s m\u00e1sok irgalm\u00e1ra szorul\u00f3nak.<br>\nSzervezeti \u00e9s M\u0171k\u00f6d\u00e9si Szab\u00e1lyzatunk is azzal az ig\u00e9nnyel ker\u00fclt \u00f6ssze\u00e1ll\u00edt\u00e1sra \u00e9s elfogad\u00e1sra, hogy az int\u00e9zm\u00e9ny a betegek \u00e9rdek\u00e9t szem el\u0151tt tartva t\u00f6ltse be hivat\u00e1s\u00e1t.<\/p>\n<p>Misszi\u00f3s nyilatkozatunk \u00e9s hitvall\u00e1sunk k\u00f6zz\u00e9t\u00e9tel\u00e9t fontosnak \u00edt\u00e9lj\u00fck, mert \u2013 b\u00e1r els\u0151sorban k\u00f3rh\u00e1zunk dolgoz\u00f3inak kell ismerni, mag\u00e1\u00e9v\u00e1 fogadni \u00e9s k\u00f6vetni \u2013 l\u00e9nyegesnek \u00e9rezz\u00fck, hogy az int\u00e9zm\u00e9ny\u00fcnk ir\u00e1nt \u00e9rdekl\u0151d\u0151k is tiszt\u00e1ban legyenek alap\u00e1ll\u00e1sunkkal, s hogy annak \u00e9rtelm\u00e9ben mire sz\u00e1m\u00edthatnak a hozz\u00e1nk fordul\u00f3k.<\/p>\n<p>Ma m\u00e1r nyilv\u00e1nval\u00f3 azonban mindenki sz\u00e1m\u00e1ra, hogy a hat\u00e1rozott sz\u00e1nd\u00e9k, az ehhez igazod\u00f3 \u00e1ldozatos munka, a sz\u00e9lesk\u00f6r\u0171 megel\u0151z\u0151 tev\u00e9kenys\u00e9g, a klubok m\u0171k\u00f6dtet\u00e9se, vagy az \u00e9vrol \u00e9vre megrendezett ny\u00edlt nap \u2013 melyre mindig k\u00fcl\u00f6n\u00f6sen nagy el\u0151k\u00e9sz\u00fclettel \u00e9s sz\u00e1mos szolg\u00e1ltat\u00e1ssal v\u00e1rjuk r\u00e9gi\u00f3nk lakoss\u00e1g\u00e1t \u2013 egy\u00fcttv\u00e9ve sem el\u00e9g hat\u00e9kony megfelel\u0151 finansz\u00edroz\u00e1si lehet\u0151s\u00e9g n\u00e9lk\u00fcl.<br>\nEz\u00e9rt arra k\u00e9rj\u00fck mindazokat, akik szimpatikusnak tal\u00e1lj\u00e1k c\u00e9ljainkat \u00e9s m\u00f3dszereinket, hogy<\/p>\n<p>\u00c9vi ad\u00f3juknak azt az 1 %-\u00e1t, mellyel joguk van szabadon rendelkezni,<br>\naj\u00e1nlj\u00e1k fel a Szent Imre K\u00f3rh\u00e1z Fejleszt\u00e9si Alap\u00edtv\u00e1nya jav\u00e1ra.<br>\n*<br>\n<strong>SZENT IMRE K\u00d3RH\u00c1Z FEJLESZT\u00c9SI ALAP\u00cdTV\u00c1NY<br>\n1115 BUDAPEST, T\u00c9T\u00c9NYI \u00daT 12-16.<\/strong><br>\n<strong>Tel.: 06-1-464-8600<\/strong><br>\n<strong>e-mail: info@szentimrekorhaz.hu<br>\nAD\u00d3SZ\u00c1M: 19673460-1-43<br>\nSZ\u00c1MLASZ\u00c1M:<br>\nKERESKEDELMI \u00e9s HITELBANK RT.<br>\n10400126-21416091-00000000<\/strong><\/p>\n<p>Az alap\u00edtv\u00e1ny a befoly\u00f3 \u00f6sszeget a t\u00f6bbi k\u00f6z\u00f6tt a betegek k\u00e9nyelm\u00e9t szolg\u00e1l\u00f3 \u00fcl\u0151b\u00fatorok megv\u00e9tel\u00e9re, tov\u00e1bbi korszer\u0171 k\u00f3rtermek kialak\u00edt\u00e1s\u00e1ra, \u00faj \u00e1pol\u00e1si kell\u00e9kek, modern m\u0171t\u00e9ti \u00e9s inform\u00e1ci\u00f3s eszk\u00f6z\u00f6k beszerz\u00e9s\u00e9re, m\u0171szerfejleszt\u00e9sre, \u00e1pol\u00e1si seg\u00e9deszk\u00f6z\u00f6k v\u00e1s\u00e1rl\u00e1s\u00e1ra \u00e9s a szakdolgoz\u00f3k tov\u00e1bbk\u00e9pz\u00e9s\u00e9nek t\u00e1mogat\u00e1s\u00e1ra ford\u00edtja.<\/p>\n<p>Term\u00e9szetesen az ad\u00f3 1 %-\u00e1nak \u00e9vi egyszeri \u00e1tutal\u00e1s\u00e1n t\u00fal, b\u00e1rmikor, b\u00e1rmilyen \u00f6sszeg\u0171 adom\u00e1nyt k\u00f6sz\u00f6nettel, \u00f6r\u00f6mmel fogadunk \u00e9s haszn\u00e1lunk fel fenti \u2013 vagy a fentihez hasonl\u00f3 \u2013 c\u00e9lokra.<\/p>\n<h1>K\u00f6sz\u00f6net az 1%-\u00e9rt!<\/h1>\n<p><strong>K\u00d6SZ\u00d6NJ\u00dcK MINDAZOK T\u00c1MOGAT\u00c1S\u00c1T, AKIK MEG\u00c9REZV\u00c9N AZ EG\u00c9SZS\u00c9G\u00dcGY MAI NEH\u00c9Z HELYZET\u00c9T JAVUNKRA RENDELKEZTEK AD\u00d3JUK 1%-\u00c1R\u00d3L.<\/strong><\/p>\n<p>Munkat\u00e1rsaink \u00e9s a lakoss\u00e1g \u00e1ltal sz\u00e1munkra felaj\u00e1nlott \u00f6sszeget \u2013 mint eddig is \u2013 teljes eg\u00e9sz\u00e9ben a betegek k\u00e9nyelm\u00e9t szolg\u00e1l\u00f3 t\u00e1rgyakra, felszerel\u00e9sekre, berendez\u00e9sekre, m\u0171szerekre, valamint dolgoz\u00f3ink k\u00e9pz\u00e9s\u00e9re, tov\u00e1bbk\u00e9pz\u00e9s\u00e9re ford\u00edtjuk.<\/p>\n<p>a D\u00e9l-Budai Centrumk\u00f3rh\u00e1z Szent Imre Egyetemi Oktat\u00f3k\u00f3rh\u00e1z teljes kollekt\u00edv\u00e1ja<\/p>\n\n\n\n\t<div class=\"dkpdf-button-container\" style=\"            text-align:right \">\n\n\t\t<a class=\"dkpdf-button\" href=\"\/index.php\/wp-json\/wp\/v2\/pages\/697?pdf=697\" target=\"_blank\"><span class=\"dkpdf-button-icon\"><i class=\"fa fa-file-pdf-o\"><\/i><\/span> Let\u00f6lt\u00e9s<\/a>\n\n\t<\/div>\n\n\n\n\n\n<!-- PMB print buttons is only displayed on a single post\/page URLs-->","protected":false},"excerpt":{"rendered":"<p>\u201e\u00dagy v\u00e9lem, csakis egyszer \u00e9lhetj\u00fck meg az \u00e9letet. Ha teh\u00e1t akad bennem j\u00f3s\u00e1g, amit kimutathatok, vagy akad olyan j\u00f3 cselekedet, amivel megk\u00f6nny\u00edthetem b\u00e1rmely embert\u00e1rsam \u00e9let\u00e9t,&hellip;<\/p>\n","protected":false},"author":3,"featured_media":0,"parent":0,"menu_order":1,"comment_status":"closed","ping_status":"closed","template":"","meta":{"_acf_changed":false,"footnotes":""},"categories":[],"tags":[],"class_list":["post-697","page","type-page","status-publish","hentry"],"acf":[],"post_type":"page","author_name":"backup","_links":{"self":[{"href":"https:\/\/www.szentimrekorhaz.hu\/index.php\/wp-json\/wp\/v2\/pages\/697","targetHints":{"allow":["GET"]}}],"collection":[{"href":"https:\/\/www.szentimrekorhaz.hu\/index.php\/wp-json\/wp\/v2\/pages"}],"about":[{"href":"https:\/\/www.szentimrekorhaz.hu\/index.php\/wp-json\/wp\/v2\/types\/page"}],"author":[{"embeddable":true,"href":"https:\/\/www.szentimrekorhaz.hu\/index.php\/wp-json\/wp\/v2\/users\/3"}],"replies":[{"embeddable":true,"href":"https:\/\/www.szentimrekorhaz.hu\/index.php\/wp-json\/wp\/v2\/comments?post=697"}],"version-history":[{"count":1,"href":"https:\/\/www.szentimrekorhaz.hu\/index.php\/wp-json\/wp\/v2\/pages\/697\/revisions"}],"predecessor-version":[{"id":1265,"href":"https:\/\/www.szentimrekorhaz.hu\/index.php\/wp-json\/wp\/v2\/pages\/697\/revisions\/1265"}],"wp:attachment":[{"href":"https:\/\/www.szentimrekorhaz.hu\/index.php\/wp-json\/wp\/v2\/media?parent=697"}],"wp:term":[{"taxonomy":"category","embeddable":true,"href":"https:\/\/www.szentimrekorhaz.hu\/index.php\/wp-json\/wp\/v2\/categories?post=697"},{"taxonomy":"post_tag","embeddable":true,"href":"https:\/\/www.szentimrekorhaz.hu\/index.php\/wp-json\/wp\/v2\/tags?post=697"}],"curies":[{"name":"wp","href":"https:\/\/api.w.org\/{rel}","templated":true}]}}