{"id":699,"date":"2025-02-28T13:29:29","date_gmt":"2025-02-28T12:29:29","guid":{"rendered":"http:\/\/localhost\/index.php\/foigcv\/"},"modified":"2025-06-13T11:28:35","modified_gmt":"2025-06-13T09:28:35","slug":"foigcv","status":"publish","type":"page","link":"https:\/\/www.szentimrekorhaz.hu\/index.php\/foigcv\/","title":{"rendered":"Prof. Dr. Bedros J. R\u00f3bert  f\u0151igazgat\u00f3, tansz\u00e9kvezet\u0151"},"content":{"rendered":"<div data-coolorigin=\"https%3A%2F%2Fcloud.szentimrekorhaz.hu%2Fextra-apps%2Frichdocumentscode%2Fproxy.php%3Freq%3D%2Fcool%2Fclipboard%3FWOPISrc%3Dhttps%253A%252F%252Fcloud.szentimrekorhaz.hu%252Findex.php%252Fapps%252Frichdocuments%252Fwopi%252Ffiles%252F27170_ocn2rs7b5ekd%26ServerId%3D61b21a4f%26ViewId%3D8%26Tag%3Dabf8000c4735f7a9\" id=\"meta-origin\">\n<p align=\"justify\" class=\"western\">\n\t\t<span style=\"font-size:12px;\"><span style=\"font-family:verdana,geneva,sans-serif;\"><img decoding=\"async\" class=\" alignleft size-full wp-image-698\" alt=\"\" src=\"\/wp-content\/uploads\/2025\/02\/BedrosJRobert_vagott_Figyelo-.JPG\" style=\"width: 150px; height: 168px; margin: 10px; float: left;\" width=\"1222\" height=\"1370\" srcset=\"https:\/\/www.szentimrekorhaz.hu\/wp-content\/uploads\/2025\/02\/BedrosJRobert_vagott_Figyelo-.JPG 1222w, https:\/\/www.szentimrekorhaz.hu\/wp-content\/uploads\/2025\/02\/BedrosJRobert_vagott_Figyelo--268x300.jpg 268w, https:\/\/www.szentimrekorhaz.hu\/wp-content\/uploads\/2025\/02\/BedrosJRobert_vagott_Figyelo--768x861.jpg 768w, https:\/\/www.szentimrekorhaz.hu\/wp-content\/uploads\/2025\/02\/BedrosJRobert_vagott_Figyelo--913x1024.jpg 913w\" sizes=\"(max-width: 1222px) 100vw, 1222px\" \/><\/span><\/span><\/p>\n<p align=\"justify\" class=\"western\">\n\t\t<span style=\"font-size:12px;\"><span style=\"font-family:verdana,geneva,sans-serif;\">Reumatol\u00f3gus, fizioter\u00e1pi\u00e1s, foglalkoz\u00e1s-eg\u00e9szs\u00e9g\u00fcgyi \u00e9s belgy\u00f3gy\u00e1sz szakorvos, lipidol\u00f3gus, obezitol\u00f3gus \u00e9s hypertonol\u00f3gus orvos, eg\u00e9szs\u00e9g\u00fcgyi szakk\u00f6zgazd\u00e1sz.<\/span><\/span><\/p>\n<p class=\"western\" style=\"text-align: justify;\">\n\t\t<span style=\"font-size:12px;\"><span style=\"font-family:verdana,geneva,sans-serif;\">Az \u00e1ltal\u00e1nos iskol\u00e1t Kemenc\u00e9n, a k\u00f6z\u00e9piskolai tanulm\u00e1nyait pedig Budapesten, az ELTE Ap\u00e1czai Csere J\u00e1nos Gyakorl\u00f3 Gimn\u00e1ziumban v\u00e9gezte. Ezt k\u00f6vet\u0151en a Semmelweis Orvostudom\u00e1nyi Egyetem \u00c1ltal\u00e1nos Orvostudom\u00e1nyi Kar\u00e1n doktor\u00e1lt. A J\u00f3zsef Attila Tudom\u00e1nyegyetemen eg\u00e9szs\u00e9g\u00fcgyi szakk\u00f6zgazd\u00e1sz v\u00e9gzetts\u00e9get szerzett. Elv\u00e9gezte a World Bank Institute \u00e9s az EMK k\u00e9pz\u00e9s\u00e9t (Flagship Course on Health Sector Reform and Sustainable Financing).<\/span><\/span><\/p>\n<p align=\"justify\" class=\"western\">\n\t\t<span style=\"font-size:12px;\"><span style=\"font-family:verdana,geneva,sans-serif;\">Angol \u00e9s orosz \u2013 szakmai anyaggal b\u0151v\u00edtett \u2013 k\u00f6z\u00e9pfok\u00fa \u00e1llami nyelvvizsg\u00e1t tett, francia nyelvb\u0151l alapfok\u00fa ismeretekkel rendelkezik.<\/span><\/span><\/p>\n<p align=\"justify\" class=\"western\">\n\t\t<span style=\"font-size:12px;\"><span style=\"font-family:verdana,geneva,sans-serif;\">1999-t\u0151l a Bel\u00fcgyminiszt\u00e9rium K\u00f6zponti K\u00f3rh\u00e1z\u00e1nak f\u0151igazgat\u00f3ja, ezt megel\u0151z\u0151en annak f\u0151orvosa, orvosigazgat\u00f3ja, majd f\u0151igazgat\u00f3-helyettese volt. 2006-t\u00f3l a Pest megyei Fl\u00f3r Ferenc K\u00f3rh\u00e1z f\u0151igazgat\u00f3ja, majd sikeresen p\u00e1ly\u00e1zott a D\u00e9l-budai Centrumk\u00f3rh\u00e1z Szent Imre Egyetemi Oktat\u00f3k\u00f3rh\u00e1z f\u0151igazgat\u00f3i poz\u00edci\u00f3j\u00e1ra (2011), mely int\u00e9zm\u00e9ny a vezet\u00e9se alatt v\u00e1lt Oktat\u00f3k\u00f3rh\u00e1zz\u00e1. <\/span><\/span><\/p>\n<p align=\"justify\" class=\"western\">\n\t\t<span style=\"font-size:12px;\"><span style=\"font-family:verdana,geneva,sans-serif;\">K\u00f3rh\u00e1zir\u00e1ny\u00edt\u00e1si feladatai mellett f\u0151 tudom\u00e1nyos c\u00e9lj\u00e1nak tekinti az elh\u00edz\u00e1studom\u00e1ny szerep\u00e9nek hazai er\u0151s\u00edt\u00e9s\u00e9t \u00e9s a gyermekkori elh\u00edz\u00e1s visszaszor\u00edt\u00e1s\u00e1t haz\u00e1nkban. 2007-ben megalap\u00edtja a Magyar Obezitol\u00f3giai \u00e9s Mozg\u00e1ster\u00e1pi\u00e1s T\u00e1rsas\u00e1got (MOMOT), melynek az\u00f3ta eln\u00f6ke. 2014-ben megalap\u00edtja \u00e9s vezeti az Orsz\u00e1gos Obezitol\u00f3giai Centrumot, tov\u00e1bb\u00e1 l\u00e9trehozta az Orsz\u00e1gos Obezitol\u00f3giai H\u00e1l\u00f3zatot. 2022-t\u0151l a P\u00e9csi Tudom\u00e1nyegyetem Obezitol\u00f3gia Tansz\u00e9k vezet\u0151je \u00e9s a Semmelweis Egyetem Obezitol\u00f3gia Tansz\u00e9ki Csoport vezet\u0151je, melyek megalap\u00edt\u00e1s\u00e1nak \u00f6tletgazd\u00e1ja volt. Nev\u00e9hez f\u0171z\u0151dik a hazai obezitol\u00f3gusk\u00e9pz\u00e9s felt\u00e9telrendszer\u00e9nek kidolgoz\u00e1sa (2012), ahogyan az obezitol\u00f3gia tant\u00e1rgy hazai egyetemi oktat\u00e1sba t\u00f6rt\u00e9n\u0151 bevezet\u00e9se is (2017), valamint az elh\u00edz\u00e1s kezel\u00e9se szakmai ir\u00e1nyelveinek kidolgoz\u00e1sa az \u00e1ltala alap\u00edtott Magyar Obezitol\u00f3giai \u00e9s Mozg\u00e1ster\u00e1pi\u00e1s T\u00e1rsas\u00e1g (MOMOT) keretein bel\u00fcl. A Belgy\u00f3gy\u00e1szat, diabetol\u00f3gia, endokrinol\u00f3gia \u00e9s anyagcserebetegs\u00e9gek Szakmai Koll\u00e9gium\u00e1nak eln\u00f6ke. Minisztereln\u00f6ki megb\u00edzottk\u00e9nt felk\u00e9r\u00e9st kapott a \u201eSzuperk\u00f3rh\u00e1z\u201d strat\u00e9giai fel\u00fcgyelet\u00e9re. A D\u00e9l-Budai Centrum Zrt. igazgat\u00f3s\u00e1g\u00e1nak eln\u00f6ke 2018-2024. Kimagasl\u00f3 szakmai tud\u00e1sa, ismerete \u00e9s menedzserszeml\u00e9lete, valamint az eg\u00e9szs\u00e9g\u00fcgy ter\u00fclet\u00e9n el\u00e9rt jelent\u0151s eredm\u00e9nyei miatt minisztereln\u00f6ki f\u0151tan\u00e1csad\u00f3i felk\u00e9r\u00e9st kapott (2022-2024).<\/span><\/span><\/p>\n<p align=\"justify\" class=\"western\">\n\t\t<span style=\"font-size:12px;\"><span style=\"font-family:verdana,geneva,sans-serif;\">A COVID j\u00e1rv\u00e1ny ideje alatt a Bel\u00fcgyminiszt\u00e9rium orsz\u00e1gos k\u00f3rh\u00e1zf\u0151parancsnok-helyettesek\u00e9nt az eg\u00e9sz orsz\u00e1g ter\u00fclet\u00e9n szem\u00e9lyes jelenl\u00e9t\u00e9vel fel\u00fcgyelte \u00e9s t\u00e1mogatta a j\u00e1rv\u00e1ny elleni v\u00e9dekez\u00e9s folyamat\u00e1t. A Terrorelh\u00e1r\u00edt\u00e1si K\u00f6zpont eg\u00e9szs\u00e9g\u00fcgyi szak\u00e9rt\u0151je. A Nemzeti Eg\u00e9szs\u00e9g\u00fcgyi \u00e9s Orvosk\u00e9pz\u00e9s\u00e9rt Alap\u00edtv\u00e1ny kurat\u00f3riumi tagja. A Cardiometabolica Hungarica szakfoly\u00f3irat t\u00e1rs-alap\u00edt\u00f3ja \u00e9s a szerkeszt\u0151bizotts\u00e1g eln\u00f6ke (2007). <\/span><\/span><\/p>\n<p align=\"justify\" class=\"western\">\n\t\t<span style=\"font-size:12px;\"><span style=\"font-family:verdana,geneva,sans-serif;\">A Lege Artis Medicinae foly\u00f3irat szakmai tan\u00e1csad\u00f3 test\u00fclet\u00e9nek tagja. <\/span><\/span><\/p>\n<p align=\"justify\" class=\"western\">\n\t\t<span style=\"font-size:12px;\"><span style=\"font-family:verdana,geneva,sans-serif;\">Azon szem\u00e9lyek, szervezetek, illetve v\u00e1llalatok r\u00e9sz\u00e9re, akik saj\u00e1t ter\u00fclet\u00fck\u00f6n kiemelked\u0151 tev\u00e9kenys\u00e9get v\u00e9geznek az eg\u00e9szs\u00e9g meg\u0151rz\u00e9s\u00e9\u00e9rt, az eg\u00e9szs\u00e9gre nevel\u00e9s\u00e9rt, vagy kimagasl\u00f3 tudom\u00e1nyos eredm\u00e9nyeket \u00e9rtek el az elh\u00edz\u00e1s kezel\u00e9s\u00e9nek, kutat\u00e1s\u00e1nak t\u00e9mak\u00f6r\u00e9ben, munk\u00e1juk elismer\u00e9s\u00e9re megalap\u00edtotta az \u201eEg\u00e9szs\u00e9ges \u00c9let\u00e9rt!\u201d MOMOT-d\u00edjat. (<font color=\"#467886\"><u><a href=\"http:\/\/www.momot.hu\/\">www.momot.hu<\/a><\/u><\/font>). <\/span><\/span><\/p>\n<p align=\"justify\" class=\"western\">\n\t\t<span style=\"font-size:12px;\"><span style=\"font-family:verdana,geneva,sans-serif;\">A COVID vil\u00e1gj\u00e1rv\u00e1ny idej\u00e9n megalap\u00edtotta a \u201eK\u00f6sz\u00f6net a H\u0151s\u00f6knek \u2013 Szent Corona D\u00edjat\u201d, hogy nevet \u00e9s arcot adjon a H\u0151s\u00f6knek, hogy megmutassa az eg\u00e9sz orsz\u00e1gnak: a p\u00e9ldak\u00e9pek itt vannak az eg\u00e9szs\u00e9g\u00fcgyi int\u00e9zm\u00e9nyekben. A \u201eK\u00f6sz\u00f6net a H\u0151s\u00f6knek \u2013 Szent Corona D\u00edj\u201d (<font color=\"#467886\"><u><a href=\"http:\/\/www.koszonetahosoknek.hu\/\">www.koszonetahosoknek.hu<\/a><\/u><\/font>). <\/span><\/span><\/p>\n<p align=\"justify\" class=\"western\">\n\t\t<span style=\"font-size:12px;\"><span style=\"font-family:verdana,geneva,sans-serif;\">A Magyar Tudom\u00e1nyos Akad\u00e9mia K\u00f6ztest\u00fclet\u00e9nek, valamint a Magyar Reumatol\u00f3gusok Egyes\u00fclet\u00e9nek, a Magyar Hypertonia T\u00e1rsas\u00e1gnak, a Magyar Tudom\u00e1nyos Akad\u00e9mia Klubnak is tagja. Az els\u0151 hazai Obezitol\u00f3gia egyetemi tank\u00f6nyv szerkeszt\u0151je, tov\u00e1bb\u00e1 sz\u00e1mos hazai \u00e9s nemzetk\u00f6zi tudom\u00e1nyos foly\u00f3irat \u00e9s cikk, k\u00f6nyvfejezet szerz\u0151je. <\/span><\/span><\/p>\n<p align=\"justify\" class=\"western\">\n\t\t<span style=\"font-size:12px;\"><span style=\"font-family:verdana,geneva,sans-serif;\">T\u00f6bbek k\u00f6z\u00f6tt a \u201eK\u00f6z Szolg\u00e1lat\u00e1\u00e9rt \u00c9rdemjel arany fokozata\u201d, a \u201eSzent L\u00e1szl\u00f3 \u00c9rdemjel\u201d, a Magyar K\u00f6zt\u00e1rsas\u00e1gi \u00c9rdemrend Lovagkereszt\u201d, a \u201eMarkusovszky Lajos D\u00edj\u201d, a \u201ePro Medicina \u00dajbuda\u201d, a \u201eMagyar \u00c9rdemrend Tisztikereszt\u201d, a \u201eMetabolizmus D\u00edj\u201d, a Bel\u00fcgyminiszt\u00e9rium Tudom\u00e1ny Szolg\u00e1lat\u00e1\u00e9rt, valamint az 56-os Sz\u00f6vets\u00e9g, tov\u00e1bb\u00e1 a Szabads\u00e1gharcosok K\u00f6zalap\u00edtv\u00e1ny elismer\u00e9seinek birtokosa.<\/span><\/span><\/p>\n<p align=\"justify\" class=\"western\">\n\t\t<span style=\"font-size:12px;\"><span style=\"font-family:verdana,geneva,sans-serif;\">P\u00e1ly\u00e1ja kezdet\u00e9t\u0151l hitvall\u00e1sa, s m\u00e1ra szorosan \u00f6sszefon\u00f3dott szem\u00e9ly\u00e9vel az a mond\u00e1sa, hogy <b>MEG KELL FOGNI A BETEG KEZ\u00c9T!<\/b><\/span><\/span><\/p>\n<\/div>\n<div>\n\t\u00a0<\/div>\n\n\n\n\t<div class=\"dkpdf-button-container\" style=\"            text-align:right \">\n\n\t\t<a class=\"dkpdf-button\" href=\"\/index.php\/wp-json\/wp\/v2\/pages\/699?pdf=699\" target=\"_blank\"><span class=\"dkpdf-button-icon\"><i class=\"fa fa-file-pdf-o\"><\/i><\/span> Let\u00f6lt\u00e9s<\/a>\n\n\t<\/div>\n\n\n\n\n\n<!-- PMB print buttons is only displayed on a single post\/page URLs-->","protected":false},"excerpt":{"rendered":"<p>Reumatol\u00f3gus, fizioter\u00e1pi\u00e1s, foglalkoz\u00e1s-eg\u00e9szs\u00e9g\u00fcgyi \u00e9s belgy\u00f3gy\u00e1sz szakorvos, lipidol\u00f3gus, obezitol\u00f3gus \u00e9s hypertonol\u00f3gus orvos, eg\u00e9szs\u00e9g\u00fcgyi szakk\u00f6zgazd\u00e1sz. Az \u00e1ltal\u00e1nos iskol\u00e1t Kemenc\u00e9n, a k\u00f6z\u00e9piskolai tanulm\u00e1nyait pedig Budapesten, az ELTE Ap\u00e1czai&hellip;<\/p>\n","protected":false},"author":4,"featured_media":698,"parent":0,"menu_order":1,"comment_status":"closed","ping_status":"closed","template":"","meta":{"_acf_changed":false,"footnotes":""},"categories":[],"tags":[],"class_list":["post-699","page","type-page","status-publish","has-post-thumbnail","hentry"],"acf":[],"post_type":"page","author_name":"Informatikai csoport","_links":{"self":[{"href":"https:\/\/www.szentimrekorhaz.hu\/index.php\/wp-json\/wp\/v2\/pages\/699","targetHints":{"allow":["GET"]}}],"collection":[{"href":"https:\/\/www.szentimrekorhaz.hu\/index.php\/wp-json\/wp\/v2\/pages"}],"about":[{"href":"https:\/\/www.szentimrekorhaz.hu\/index.php\/wp-json\/wp\/v2\/types\/page"}],"author":[{"embeddable":true,"href":"https:\/\/www.szentimrekorhaz.hu\/index.php\/wp-json\/wp\/v2\/users\/4"}],"replies":[{"embeddable":true,"href":"https:\/\/www.szentimrekorhaz.hu\/index.php\/wp-json\/wp\/v2\/comments?post=699"}],"version-history":[{"count":1,"href":"https:\/\/www.szentimrekorhaz.hu\/index.php\/wp-json\/wp\/v2\/pages\/699\/revisions"}],"predecessor-version":[{"id":1376,"href":"https:\/\/www.szentimrekorhaz.hu\/index.php\/wp-json\/wp\/v2\/pages\/699\/revisions\/1376"}],"wp:featuredmedia":[{"embeddable":true,"href":"https:\/\/www.szentimrekorhaz.hu\/index.php\/wp-json\/wp\/v2\/media\/698"}],"wp:attachment":[{"href":"https:\/\/www.szentimrekorhaz.hu\/index.php\/wp-json\/wp\/v2\/media?parent=699"}],"wp:term":[{"taxonomy":"category","embeddable":true,"href":"https:\/\/www.szentimrekorhaz.hu\/index.php\/wp-json\/wp\/v2\/categories?post=699"},{"taxonomy":"post_tag","embeddable":true,"href":"https:\/\/www.szentimrekorhaz.hu\/index.php\/wp-json\/wp\/v2\/tags?post=699"}],"curies":[{"name":"wp","href":"https:\/\/api.w.org\/{rel}","templated":true}]}}