{"id":70,"date":"2009-09-03T10:23:26","date_gmt":"2009-09-03T08:23:26","guid":{"rendered":"http:\/\/localhost\/index.php\/betegjogikepviselo\/"},"modified":"2025-06-12T15:20:30","modified_gmt":"2025-06-12T13:20:30","slug":"betegjogikepviselo","status":"publish","type":"page","link":"https:\/\/www.szentimrekorhaz.hu\/index.php\/betegjogikepviselo\/","title":{"rendered":"Betegjogi k\u00e9pvisel\u0151"},"content":{"rendered":"\n<p><strong>Tisztelt Betegek!<\/strong><\/p>\n\n\n\n<p><strong>Az eg\u00e9szs\u00e9g\u00fcgyi int\u00e9zm\u00e9nyben az \u00d6n ter\u00fcletileg illet\u00e9kes<\/strong> <strong>betegjogi k\u00e9pvisel\u0151je:<\/strong><\/p>\n\n\n\n<p><strong>MEGL\u00c9CZN\u00c9 OCSEN\u00c1S M\u00c1RIA<\/strong><\/p>\n\n\n\n<p><strong>Telefonsz\u00e1ma:<\/strong>\u00a0<strong>06\/20 \u2013 4899 -658<\/strong><\/p>\n\n\n\n<p>\u00a0\u00a0\u00a0\u00a0\u00a0\u00a0 \u00a0\u00a0\u00a0\u00a0\u00a0\u00a0\u00a0\u00a0\u00a0\u00a0\u00a0\u00a0\u00a0\u00a0\u00a0\u00a0\u00a0\u00a0\u00a0\u00a0\u00a0\u00a0\u00a0\u00a0\u00a0\u00a0\u00a0\u00a0\u00a0\u00a0\u00a0\u00a0\u00a0 \u00a0\u00a0 melyen el\u00e9rhet\u0151\u00a0\u00a0\u00a0\u00a0\u00a0<em>h\u00e9tf\u0151t\u0151l-cs\u00fct\u00f6rt\u00f6kig<\/em>\u00a008:00 \u2013 16:30,<\/p>\n\n\n\n<p>\u00a0\u00a0\u00a0\u00a0\u00a0\u00a0\u00a0\u00a0\u00a0\u00a0\u00a0\u00a0\u00a0\u00a0\u00a0\u00a0\u00a0\u00a0\u00a0\u00a0\u00a0\u00a0\u00a0\u00a0\u00a0\u00a0\u00a0\u00a0\u00a0\u00a0\u00a0\u00a0\u00a0\u00a0\u00a0\u00a0\u00a0\u00a0\u00a0\u00a0\u00a0\u00a0\u00a0 \u00a0 \u00a0 \u00a0 \u00a0 \u00a0 \u00a0 \u00a0\u00a0\u00a0\u00a0\u00a0\u00a0\u00a0\u00a0\u00a0\u00a0 \u00a0\u00a0\u00a0\u00a0\u00a0\u00a0\u00a0\u00a0\u00a0\u00a0\u00a0<em>p\u00e9nteken<\/em>\u00a008:00 \u2013 14:00 \u00f3ra k\u00f6z\u00f6tt<\/p>\n\n\n\n<p><strong>E-mail c\u00edme:<\/strong>\u00a0<a href=\"mailto:maria.ocsenas@ijb.emmi.gov.hu\"><\/a><a href=\"mailto:maria.ocsenas@ijsz.bm.gov.hu\">maria.ocsenas@ijsz.bm.gov.hu<\/a><\/p>\n\n\n\n<p><strong>Fogad\u00f3\u00f3ra id\u0151pontja: telefonon el\u0151re egyeztetett id\u0151pontban<\/strong><\/p>\n\n\n\n<p><strong>A jogv\u00e9delmi k\u00e9pvisel\u0151 az integr\u00e1lt jogv\u00e9delmi szolg\u00e1lat (ijsz) munkat\u00e1rsa.<\/strong><\/p>\n\n\n\n<p><strong>A jogv\u00e9delmi k\u00e9pvisel\u0151 az eg\u00e9szs\u00e9g\u00fcgyi int\u00e9zm\u00e9nyt\u0151l f\u00fcggetlen szem\u00e9ly.<\/strong><\/p>\n\n\n\n<p>\u00a0A fenti el\u00e9rhet\u0151s\u00e9gek sikertelens\u00e9ge eset\u00e9n az\u00a0<strong>IJSZ z\u00f6ldsz\u00e1ma h\u00edvhat\u00f3: 06\/80\/620-055<\/strong><\/p>\n\n\n\n<p>On affairs of patients\u2019 rights foreign language patients should contact the following phone number:\u00a0<strong>+36\/20\/4899-614<\/strong><\/p>\n\n\n\n\t<div class=\"dkpdf-button-container\" style=\"            text-align:right \">\n\n\t\t<a class=\"dkpdf-button\" href=\"\/index.php\/wp-json\/wp\/v2\/pages\/70?pdf=70\" target=\"_blank\"><span class=\"dkpdf-button-icon\"><i class=\"fa fa-file-pdf-o\"><\/i><\/span> Let\u00f6lt\u00e9s<\/a>\n\n\t<\/div>\n\n\n\n\n\n<!-- PMB print buttons is only displayed on a single post\/page URLs-->","protected":false},"excerpt":{"rendered":"<p>\n\t<span style=\"font-size: 11px\"><strong>Betegjogi k&eacute;pvisel\u0151: <\/strong><\/span><span style=\"font-size:11px;\"><strong>Megl&eacute;czn&eacute; Ocsen&aacute;s M&aacute;ria<\/strong><\/span><\/p>\n","protected":false},"author":3,"featured_media":0,"parent":0,"menu_order":2,"comment_status":"closed","ping_status":"closed","template":"","meta":{"_acf_changed":false,"footnotes":""},"categories":[],"tags":[],"class_list":["post-70","page","type-page","status-publish","hentry"],"acf":[],"post_type":"page","author_name":"backup","_links":{"self":[{"href":"https:\/\/www.szentimrekorhaz.hu\/index.php\/wp-json\/wp\/v2\/pages\/70","targetHints":{"allow":["GET"]}}],"collection":[{"href":"https:\/\/www.szentimrekorhaz.hu\/index.php\/wp-json\/wp\/v2\/pages"}],"about":[{"href":"https:\/\/www.szentimrekorhaz.hu\/index.php\/wp-json\/wp\/v2\/types\/page"}],"author":[{"embeddable":true,"href":"https:\/\/www.szentimrekorhaz.hu\/index.php\/wp-json\/wp\/v2\/users\/3"}],"replies":[{"embeddable":true,"href":"https:\/\/www.szentimrekorhaz.hu\/index.php\/wp-json\/wp\/v2\/comments?post=70"}],"version-history":[{"count":3,"href":"https:\/\/www.szentimrekorhaz.hu\/index.php\/wp-json\/wp\/v2\/pages\/70\/revisions"}],"predecessor-version":[{"id":1366,"href":"https:\/\/www.szentimrekorhaz.hu\/index.php\/wp-json\/wp\/v2\/pages\/70\/revisions\/1366"}],"wp:attachment":[{"href":"https:\/\/www.szentimrekorhaz.hu\/index.php\/wp-json\/wp\/v2\/media?parent=70"}],"wp:term":[{"taxonomy":"category","embeddable":true,"href":"https:\/\/www.szentimrekorhaz.hu\/index.php\/wp-json\/wp\/v2\/categories?post=70"},{"taxonomy":"post_tag","embeddable":true,"href":"https:\/\/www.szentimrekorhaz.hu\/index.php\/wp-json\/wp\/v2\/tags?post=70"}],"curies":[{"name":"wp","href":"https:\/\/api.w.org\/{rel}","templated":true}]}}