{"id":711,"date":"2025-06-05T08:58:24","date_gmt":"2025-06-05T06:58:24","guid":{"rendered":"http:\/\/localhost\/?page_id=711"},"modified":"2025-06-05T08:59:50","modified_gmt":"2025-06-05T06:59:50","slug":"mittegyenhalatogato","status":"publish","type":"page","link":"https:\/\/www.szentimrekorhaz.hu\/index.php\/mittegyenhalatogato\/","title":{"rendered":"Mit tegyen, ha l\u00e1togat\u00f3? 2025.03.06"},"content":{"rendered":"<h3>Tudnival\u00f3k l\u00e1togat\u00f3ink sz\u00e1m\u00e1ra<\/h3>\n<p>A j\u00e1r\u00f3k\u00e9pes betegek \u2013 amennyiben az id\u0151j\u00e1r\u00e1s engedi \u2013 a parkos\u00edtott udvaron fogadj\u00e1k l\u00e1togat\u00f3ikat, a fekv\u0151betegek a k\u00f3rtermekben. Ez ut\u00f3bbiakn\u00e1l \u2013 a betegek nyugalma \u00e9rdek\u00e9ben \u2013 egyszerre csak k\u00e9t l\u00e1togat\u00f3 tart\u00f3zkodhat.<\/p>\n<p>A betegl\u00e1togat\u00e1s javasolt ideje h\u00e9tf\u0151t\u0151l-vas\u00e1rnapig 16-18 \u00f3ra.<\/p>\n<p>Ha s\u00falyos beteg vagy sz\u00fcl\u0151 n\u0151 mellett a hozz\u00e1tartoz\u00f3 bent k\u00edv\u00e1n maradni, az oszt\u00e1lyvezet\u0151 f\u0151orvos biztos\u00edthatja ennek lehet\u0151s\u00e9g\u00e9t.<\/p>\n<p>Az Intenz\u00edv, Speci\u00e1lis Intenz\u00edv \u00c1pol\u00e1si Egys\u00e9gekben \u00e9s a Sz\u00fcl\u00e9szeten \u00e9rv\u00e9nyes l\u00e1togat\u00e1si rend a fentiekt\u0151l elt\u00e9r\u0151 m\u00f3don lett szab\u00e1lyozva, k\u00e9rj\u00fck olvassa el az adott profilra vonatkoz\u00f3 t\u00e1j\u00e9koztat\u00f3t is, valamint a H\u00e1zirendet, illetve k\u00e9rjen inform\u00e1ci\u00f3t a k\u00f3rh\u00e1z dolgoz\u00f3it\u00f3l!<\/p>\n<p><strong>El\u0151fordulhat, hogy bizonyos esetekben a l\u00e1togat\u00e1st k\u00fcl\u00f6n hirdetm\u00e9nyeken k\u00f6zz\u00e9 tett rendelkez\u00e9sek m\u00e1sk\u00e9nt szab\u00e1lyozz\u00e1k, azok betart\u00e1sa a betegek gy\u00f3gyul\u00e1sa \u00e9rdek\u00e9ben mindenkire n\u00e9zve k\u00f6telez\u0151.<\/strong><\/p>\n<p>Szolg\u00e1ltat\u00e1si t\u00e1j\u00e9koztat\u00f3<\/p>\n\n\n<div data-wp-interactive=\"core\/file\" class=\"wp-block-file\"><object data-wp-bind--hidden=\"!state.hasPdfPreview\" hidden class=\"wp-block-file__embed\" data=\"https:\/\/www.szentimrekorhaz.hu\/wp-content\/uploads\/2025\/06\/Szolgaltatasi-tajekoztato-1.pdf\" type=\"application\/pdf\" style=\"width:100%;height:600px\" aria-label=\"Szolg\u00e1ltat\u00e1si t\u00e1j\u00e9koztat\u00f3 be\u00e1gyaz\u00e1sa\"><\/object><a id=\"wp-block-file--media-d27fa848-cdef-437f-b1fe-aaa60c4fa720\" href=\"https:\/\/www.szentimrekorhaz.hu\/wp-content\/uploads\/2025\/06\/Szolgaltatasi-tajekoztato-1.pdf\">Szolg\u00e1ltat\u00e1si t\u00e1j\u00e9koztat\u00f3<\/a><a href=\"https:\/\/www.szentimrekorhaz.hu\/wp-content\/uploads\/2025\/06\/Szolgaltatasi-tajekoztato-1.pdf\" class=\"wp-block-file__button wp-element-button\" download aria-describedby=\"wp-block-file--media-d27fa848-cdef-437f-b1fe-aaa60c4fa720\">Let\u00f6lt\u00e9s<\/a><\/div>\n\n\n\n\t<div class=\"dkpdf-button-container\" style=\"            text-align:right \">\n\n\t\t<a class=\"dkpdf-button\" href=\"\/index.php\/wp-json\/wp\/v2\/pages\/711?pdf=711\" target=\"_blank\"><span class=\"dkpdf-button-icon\"><i class=\"fa fa-file-pdf-o\"><\/i><\/span> Let\u00f6lt\u00e9s<\/a>\n\n\t<\/div>\n\n\n\n\n\n<!-- PMB print buttons is only displayed on a single post\/page URLs-->","protected":false},"excerpt":{"rendered":"<p>Tudnival\u00f3k l\u00e1togat\u00f3ink sz\u00e1m\u00e1ra A j\u00e1r\u00f3k\u00e9pes betegek \u2013 amennyiben az id\u0151j\u00e1r\u00e1s engedi \u2013 a parkos\u00edtott udvaron fogadj\u00e1k l\u00e1togat\u00f3ikat, a fekv\u0151betegek a k\u00f3rtermekben. Ez ut\u00f3bbiakn\u00e1l \u2013 a&hellip;<\/p>\n","protected":false},"author":3,"featured_media":0,"parent":0,"menu_order":1,"comment_status":"closed","ping_status":"closed","template":"","meta":{"_acf_changed":false,"footnotes":""},"categories":[],"tags":[],"class_list":["post-711","page","type-page","status-publish","hentry"],"acf":[],"post_type":"page","author_name":"backup","_links":{"self":[{"href":"https:\/\/www.szentimrekorhaz.hu\/index.php\/wp-json\/wp\/v2\/pages\/711","targetHints":{"allow":["GET"]}}],"collection":[{"href":"https:\/\/www.szentimrekorhaz.hu\/index.php\/wp-json\/wp\/v2\/pages"}],"about":[{"href":"https:\/\/www.szentimrekorhaz.hu\/index.php\/wp-json\/wp\/v2\/types\/page"}],"author":[{"embeddable":true,"href":"https:\/\/www.szentimrekorhaz.hu\/index.php\/wp-json\/wp\/v2\/users\/3"}],"replies":[{"embeddable":true,"href":"https:\/\/www.szentimrekorhaz.hu\/index.php\/wp-json\/wp\/v2\/comments?post=711"}],"version-history":[{"count":2,"href":"https:\/\/www.szentimrekorhaz.hu\/index.php\/wp-json\/wp\/v2\/pages\/711\/revisions"}],"predecessor-version":[{"id":1298,"href":"https:\/\/www.szentimrekorhaz.hu\/index.php\/wp-json\/wp\/v2\/pages\/711\/revisions\/1298"}],"wp:attachment":[{"href":"https:\/\/www.szentimrekorhaz.hu\/index.php\/wp-json\/wp\/v2\/media?parent=711"}],"wp:term":[{"taxonomy":"category","embeddable":true,"href":"https:\/\/www.szentimrekorhaz.hu\/index.php\/wp-json\/wp\/v2\/categories?post=711"},{"taxonomy":"post_tag","embeddable":true,"href":"https:\/\/www.szentimrekorhaz.hu\/index.php\/wp-json\/wp\/v2\/tags?post=711"}],"curies":[{"name":"wp","href":"https:\/\/api.w.org\/{rel}","templated":true}]}}