{"id":730,"date":"2025-08-14T13:39:29","date_gmt":"2025-08-14T11:39:29","guid":{"rendered":"http:\/\/localhost\/?page_id=730"},"modified":"2025-08-14T13:39:30","modified_gmt":"2025-08-14T11:39:30","slug":"adatkezelesiszabalyzat","status":"publish","type":"page","link":"https:\/\/www.szentimrekorhaz.hu\/index.php\/adatkezelesiszabalyzat\/","title":{"rendered":"Adatv\u00e9delmi \u00e9s adatbiztons\u00e1gi szab\u00e1lyzat_2025.03.19."},"content":{"rendered":"<p><a href=\"\/wp-content\/uploads\/2009\/09\/adatvedelmi_es_adatbiztonsagi_szabalyzat.pdf\">Adatv\u00e9delmi \u00e9s adatbiztons\u00e1gi szab\u00e1lyzat<\/a><\/p>\n<p>\u00a0<\/p>\n<p>\u00a0<\/p>\n\n\n<div data-wp-interactive=\"core\/file\" class=\"wp-block-file\"><object data-wp-bind--hidden=\"!state.hasPdfPreview\" hidden class=\"wp-block-file__embed\" data=\"https:\/\/www.szentimrekorhaz.hu\/wp-content\/uploads\/2025\/08\/Adatvedelmi-es-adatbiztonsagi-szabalyzat-2025-2.pdf\" type=\"application\/pdf\" style=\"width:100%;height:600px\" aria-label=\"Akad\u00e1lymentes\u00edtett - Adatv\u00e9delmi \u00e9s adatbiztons\u00e1gi szab\u00e1lyzat 2025 be\u00e1gyaz\u00e1sa\"><\/object><a id=\"wp-block-file--media-8a726a40-d14d-46e5-b150-f730efe49b17\" href=\"https:\/\/www.szentimrekorhaz.hu\/wp-content\/uploads\/2025\/08\/Adatvedelmi-es-adatbiztonsagi-szabalyzat-2025-2.pdf\">Akad\u00e1lymentes\u00edtett \u2013 Adatv\u00e9delmi \u00e9s adatbiztons\u00e1gi szab\u00e1lyzat 2025<\/a><a href=\"https:\/\/www.szentimrekorhaz.hu\/wp-content\/uploads\/2025\/08\/Adatvedelmi-es-adatbiztonsagi-szabalyzat-2025-2.pdf\" class=\"wp-block-file__button wp-element-button\" download aria-describedby=\"wp-block-file--media-8a726a40-d14d-46e5-b150-f730efe49b17\">Let\u00f6lt\u00e9s<\/a><\/div>\n\n\n\n<p><\/p>\n\n\n\n\t<div class=\"dkpdf-button-container\" style=\"            text-align:right \">\n\n\t\t<a class=\"dkpdf-button\" href=\"\/index.php\/wp-json\/wp\/v2\/pages\/730?pdf=730\" target=\"_blank\"><span class=\"dkpdf-button-icon\"><i class=\"fa fa-file-pdf-o\"><\/i><\/span> Let\u00f6lt\u00e9s<\/a>\n\n\t<\/div>\n\n\n\n\n\n<!-- PMB print buttons is only displayed on a single post\/page URLs-->","protected":false},"excerpt":{"rendered":"<p>Adatv\u00e9delmi \u00e9s adatbiztons\u00e1gi szab\u00e1lyzat \u00a0 \u00a0 Let\u00f6lt\u00e9s<\/p>\n","protected":false},"author":3,"featured_media":0,"parent":0,"menu_order":1,"comment_status":"closed","ping_status":"closed","template":"","meta":{"_acf_changed":false,"_uag_custom_page_level_css":"","footnotes":""},"categories":[],"tags":[],"class_list":["post-730","page","type-page","status-publish","hentry"],"acf":[],"uagb_featured_image_src":{"full":false,"thumbnail":false,"medium":false,"medium_large":false,"large":false,"1536x1536":false,"2048x2048":false,"410x410":false},"uagb_author_info":{"display_name":"backup","author_link":"https:\/\/www.szentimrekorhaz.hu\/index.php\/author\/backup\/"},"uagb_comment_info":0,"uagb_excerpt":"Adatv\u00e9delmi \u00e9s adatbiztons\u00e1gi szab\u00e1lyzat \u00a0 \u00a0 Let\u00f6lt\u00e9s","post_type":"page","author_name":"backup","_links":{"self":[{"href":"https:\/\/www.szentimrekorhaz.hu\/index.php\/wp-json\/wp\/v2\/pages\/730","targetHints":{"allow":["GET"]}}],"collection":[{"href":"https:\/\/www.szentimrekorhaz.hu\/index.php\/wp-json\/wp\/v2\/pages"}],"about":[{"href":"https:\/\/www.szentimrekorhaz.hu\/index.php\/wp-json\/wp\/v2\/types\/page"}],"author":[{"embeddable":true,"href":"https:\/\/www.szentimrekorhaz.hu\/index.php\/wp-json\/wp\/v2\/users\/3"}],"replies":[{"embeddable":true,"href":"https:\/\/www.szentimrekorhaz.hu\/index.php\/wp-json\/wp\/v2\/comments?post=730"}],"version-history":[{"count":1,"href":"https:\/\/www.szentimrekorhaz.hu\/index.php\/wp-json\/wp\/v2\/pages\/730\/revisions"}],"predecessor-version":[{"id":2281,"href":"https:\/\/www.szentimrekorhaz.hu\/index.php\/wp-json\/wp\/v2\/pages\/730\/revisions\/2281"}],"wp:attachment":[{"href":"https:\/\/www.szentimrekorhaz.hu\/index.php\/wp-json\/wp\/v2\/media?parent=730"}],"wp:term":[{"taxonomy":"category","embeddable":true,"href":"https:\/\/www.szentimrekorhaz.hu\/index.php\/wp-json\/wp\/v2\/categories?post=730"},{"taxonomy":"post_tag","embeddable":true,"href":"https:\/\/www.szentimrekorhaz.hu\/index.php\/wp-json\/wp\/v2\/tags?post=730"}],"curies":[{"name":"wp","href":"https:\/\/api.w.org\/{rel}","templated":true}]}}